{"id":9742,"date":"2023-11-02T10:45:30","date_gmt":"2023-11-02T03:45:30","guid":{"rendered":"https:\/\/heboracollagen.shop\/san-pham\/auto-transmissiontype-mv-high-viscosity\/"},"modified":"2023-11-02T10:45:30","modified_gmt":"2023-11-02T03:45:30","slug":"auto-transmissiontype-mv-high-viscosity","status":"publish","type":"product","link":"https:\/\/anglomoil.com.vn\/en\/product\/auto-transmissiontype-mv-high-viscosity\/","title":{"rendered":"AUTO TRANSMISSION<P\/>TYPE MV HIGH VISCOSITY"},"content":{"rendered":"<p><strong>Description<\/strong><br \/>\nAuto Transmission Type MV is a full synthetic multipurpose transmission fluid meeting the requirements of the modern transmissions.<\/p>\n<p><strong>Standards<\/strong><br \/>\nIt is approved for Mervon V, Voith H55.6335.32, Allison C4, &amp; Volvo 97341 and recomended for use for ZF TE-ML 16L &amp; MAN 339F (see product data sheet for full listing).<\/p>\n<p><strong>Grades<\/strong><br \/>\nHigh Viscosity<\/p>\n<p><strong>M\u00f4 t\u1ea3:<\/strong><\/p>\n<p><span data-sheets-value=\"{&quot;1&quot;:2,&quot;2&quot;:&quot;Auto Type MV l\u00e0 d\u1ea7u t\u1ed5ng h\u1ee3p 100% ch\u1ea5t l\u01b0\u1ee3ng, \u0111\u00e1p \u1ee9ng v\u01b0\u1ee3t qua c\u00e1c y\u00eau c\u1ea7u c\u1ee7a ph\u01b0\u01a1ng ti\u1ec7n v\u00e0 th\u00f4ng s\u1ed1 k\u1ef9 thu\u1eadt m\u1edbi nh\u1ea5t, \u0111em l\u1ea1i hi\u1ec7u su\u1ea5t v\u01b0\u1ee3t tr\u1ed9i, \u0111\u1ed3ng th\u1eddi ph\u00f9 h\u1ee3p v\u1edbi y\u00eau c\u1ea7u ma s\u00e1t truy\u1ec1n \u0111\u1ed9ng c\u1ee7a h\u1ea7u h\u1ebft c\u00e1c nh\u00e0 s\u1ea3n xu\u1ea5t, gi\u00fap xe v\u1eadn h\u00e0nh \u00eam \u00e1i, sang s\u1ed1 d\u1ec5 d\u00e0ng&quot;}\" data-sheets-userformat=\"{&quot;2&quot;:14781,&quot;3&quot;:{&quot;1&quot;:0,&quot;3&quot;:1},&quot;5&quot;:{&quot;1&quot;:[{&quot;1&quot;:2,&quot;2&quot;:0,&quot;5&quot;:{&quot;1&quot;:2,&quot;2&quot;:0}},{&quot;1&quot;:0,&quot;2&quot;:0,&quot;3&quot;:3},{&quot;1&quot;:1,&quot;2&quot;:0,&quot;4&quot;:1}]},&quot;6&quot;:{&quot;1&quot;:[{&quot;1&quot;:2,&quot;2&quot;:0,&quot;5&quot;:{&quot;1&quot;:2,&quot;2&quot;:0}},{&quot;1&quot;:0,&quot;2&quot;:0,&quot;3&quot;:3},{&quot;1&quot;:1,&quot;2&quot;:0,&quot;4&quot;:1}]},&quot;7&quot;:{&quot;1&quot;:[{&quot;1&quot;:2,&quot;2&quot;:0,&quot;5&quot;:{&quot;1&quot;:2,&quot;2&quot;:0}},{&quot;1&quot;:0,&quot;2&quot;:0,&quot;3&quot;:3},{&quot;1&quot;:1,&quot;2&quot;:0,&quot;4&quot;:1}]},&quot;8&quot;:{&quot;1&quot;:[{&quot;1&quot;:2,&quot;2&quot;:0,&quot;5&quot;:{&quot;1&quot;:2,&quot;2&quot;:0}},{&quot;1&quot;:0,&quot;2&quot;:0,&quot;3&quot;:3},{&quot;1&quot;:1,&quot;2&quot;:0,&quot;4&quot;:1}]},&quot;10&quot;:1,&quot;11&quot;:4,&quot;14&quot;:{&quot;1&quot;:3,&quot;3&quot;:1},&quot;15&quot;:&quot;Arial&quot;,&quot;16&quot;:10}\">Auto Type MV l\u00e0 d\u1ea7u t\u1ed5ng h\u1ee3p 100% ch\u1ea5t l\u01b0\u1ee3ng, \u0111\u00e1p \u1ee9ng v\u01b0\u1ee3t qua c\u00e1c y\u00eau c\u1ea7u c\u1ee7a ph\u01b0\u01a1ng ti\u1ec7n v\u00e0 th\u00f4ng s\u1ed1 k\u1ef9 thu\u1eadt m\u1edbi nh\u1ea5t, \u0111em l\u1ea1i hi\u1ec7u su\u1ea5t v\u01b0\u1ee3t tr\u1ed9i, \u0111\u1ed3ng th\u1eddi ph\u00f9 h\u1ee3p v\u1edbi y\u00eau c\u1ea7u ma s\u00e1t truy\u1ec1n \u0111\u1ed9ng c\u1ee7a h\u1ea7u h\u1ebft c\u00e1c nh\u00e0 s\u1ea3n xu\u1ea5t, gi\u00fap xe v\u1eadn h\u00e0nh \u00eam \u00e1i, sang s\u1ed1 d\u1ec5 d\u00e0ng<\/span><\/p>\n<p><strong>Ti\u00eau chu\u1ea9n: <\/strong>DEXRON 6, FORD MECRON<\/p>\n<p><strong>\u1ee8ng d\u1ee5ng:\u00a0<\/strong>xe s\u1ed1 t\u1ef1 \u0111\u1ed9ng, xe ch\u00e2u \u00e2u<\/p>\n<p><b>Th\u1ec3 t\u00edch:\u00a0<\/b>1L, 4L, 20L<\/p>\n<p><strong>Th\u00f4ng tin c\u1ea3nh b\u00e1o:<\/strong> B\u1ea3o qu\u1ea3n n\u01a1i kh\u00f4 r\u00e1o, tho\u00e1ng m\u00e1t. \u0110\u1eb7t trong nh\u00e0 kho c\u00f3 m\u00e1i che. Tr\u00e1nh xa t\u1ea7m tay tr\u1ebb em, kh\u00f4ng \u0111\u01b0\u1ee3c u\u1ed1ng.<\/p>\n<p><strong>S\u1ea3n xu\u1ea5t v\u00e0 \u0111\u00f3ng g\u00f3i b\u1edfi:\u00a0<\/strong><strong>C\u00f4ng ty TNHH Anglomoil Vi\u1ec7t Nam<\/strong><\/p>\n<p>\u0110\u1ecba ch\u1ec9: \u0110\u01b0\u1eddng s\u1ed1 1, KCN Nh\u01a1n Tr\u1ea1ch 1, X\u00e3 Ph\u01b0\u1edbc Thi\u1ec1n, Huy\u1ec7n Nh\u01a1n Tr\u1ea1ch, T\u1ec9nh \u0110\u1ed3ng Nai.<br \/>\n\u0110i\u1ec7n tho\u1ea1i : 1800.6149<br \/>\nEmail: cskh@anglomoil.vn<\/p>\n","protected":false},"excerpt":{"rendered":"<p><span data-sheets-value=\"{&quot;1&quot;:2,&quot;2&quot;:&quot;Auto Type MV l\u00e0 d\u1ea7u t\u1ed5ng h\u1ee3p 100% ch\u1ea5t l\u01b0\u1ee3ng, \u0111\u00e1p \u1ee9ng v\u01b0\u1ee3t qua c\u00e1c y\u00eau c\u1ea7u c\u1ee7a ph\u01b0\u01a1ng ti\u1ec7n v\u00e0 th\u00f4ng s\u1ed1 k\u1ef9 thu\u1eadt m\u1edbi nh\u1ea5t, \u0111em l\u1ea1i hi\u1ec7u su\u1ea5t v\u01b0\u1ee3t tr\u1ed9i, \u0111\u1ed3ng th\u1eddi ph\u00f9 h\u1ee3p v\u1edbi y\u00eau c\u1ea7u ma s\u00e1t truy\u1ec1n \u0111\u1ed9ng c\u1ee7a h\u1ea7u h\u1ebft c\u00e1c nh\u00e0 s\u1ea3n xu\u1ea5t, gi\u00fap xe v\u1eadn h\u00e0nh \u00eam \u00e1i, sang s\u1ed1 d\u1ec5 d\u00e0ng&quot;}\" data-sheets-userformat=\"{&quot;2&quot;:14781,&quot;3&quot;:{&quot;1&quot;:0,&quot;3&quot;:1},&quot;5&quot;:{&quot;1&quot;:[{&quot;1&quot;:2,&quot;2&quot;:0,&quot;5&quot;:{&quot;1&quot;:2,&quot;2&quot;:0}},{&quot;1&quot;:0,&quot;2&quot;:0,&quot;3&quot;:3},{&quot;1&quot;:1,&quot;2&quot;:0,&quot;4&quot;:1}]},&quot;6&quot;:{&quot;1&quot;:[{&quot;1&quot;:2,&quot;2&quot;:0,&quot;5&quot;:{&quot;1&quot;:2,&quot;2&quot;:0}},{&quot;1&quot;:0,&quot;2&quot;:0,&quot;3&quot;:3},{&quot;1&quot;:1,&quot;2&quot;:0,&quot;4&quot;:1}]},&quot;7&quot;:{&quot;1&quot;:[{&quot;1&quot;:2,&quot;2&quot;:0,&quot;5&quot;:{&quot;1&quot;:2,&quot;2&quot;:0}},{&quot;1&quot;:0,&quot;2&quot;:0,&quot;3&quot;:3},{&quot;1&quot;:1,&quot;2&quot;:0,&quot;4&quot;:1}]},&quot;8&quot;:{&quot;1&quot;:[{&quot;1&quot;:2,&quot;2&quot;:0,&quot;5&quot;:{&quot;1&quot;:2,&quot;2&quot;:0}},{&quot;1&quot;:0,&quot;2&quot;:0,&quot;3&quot;:3},{&quot;1&quot;:1,&quot;2&quot;:0,&quot;4&quot;:1}]},&quot;10&quot;:1,&quot;11&quot;:4,&quot;14&quot;:{&quot;1&quot;:3,&quot;3&quot;:1},&quot;15&quot;:&quot;Arial&quot;,&quot;16&quot;:10}\">Auto Type MV l\u00e0 d\u1ea7u t\u1ed5ng h\u1ee3p 100% ch\u1ea5t l\u01b0\u1ee3ng, \u0111\u00e1p \u1ee9ng v\u01b0\u1ee3t qua c\u00e1c y\u00eau c\u1ea7u c\u1ee7a ph\u01b0\u01a1ng ti\u1ec7n v\u00e0 th\u00f4ng s\u1ed1 k\u1ef9 thu\u1eadt m\u1edbi nh\u1ea5t, \u0111em l\u1ea1i hi\u1ec7u su\u1ea5t v\u01b0\u1ee3t tr\u1ed9i, \u0111\u1ed3ng th\u1eddi ph\u00f9 h\u1ee3p v\u1edbi y\u00eau c\u1ea7u ma s\u00e1t truy\u1ec1n \u0111\u1ed9ng c\u1ee7a h\u1ea7u h\u1ebft c\u00e1c nh\u00e0 s\u1ea3n xu\u1ea5t, gi\u00fap xe v\u1eadn h\u00e0nh \u00eam \u00e1i, sang s\u1ed1 d\u1ec5 d\u00e0ng.<\/span><\/p>\n<p><strong>\u1ee8ng d\u1ee5ng:\u00a0<\/strong>xe s\u1ed1 t\u1ef1 \u0111\u1ed9ng, xe ch\u00e2u \u00e2u<\/p>\n<p><b>Th\u1ec3 t\u00edch:\u00a0<\/b>1L, 4L, 20L<\/p>\n","protected":false},"featured_media":9368,"comment_status":"closed","ping_status":"closed","template":"","meta":{"_acf_changed":false},"class_list":["post-9742","product","type-product","status-publish","has-post-thumbnail","hentry","product_cat-automotive-lubricants","product_cat-products"],"acf":[],"_links":{"self":[{"href":"https:\/\/anglomoil.com.vn\/en\/wp-json\/wp\/v2\/product\/9742","targetHints":{"allow":["GET"]}}],"collection":[{"href":"https:\/\/anglomoil.com.vn\/en\/wp-json\/wp\/v2\/product"}],"about":[{"href":"https:\/\/anglomoil.com.vn\/en\/wp-json\/wp\/v2\/types\/product"}],"replies":[{"embeddable":true,"href":"https:\/\/anglomoil.com.vn\/en\/wp-json\/wp\/v2\/comments?post=9742"}],"wp:featuredmedia":[{"embeddable":true,"href":"https:\/\/anglomoil.com.vn\/en\/wp-json\/wp\/v2\/media\/9368"}],"wp:attachment":[{"href":"https:\/\/anglomoil.com.vn\/en\/wp-json\/wp\/v2\/media?parent=9742"}],"curies":[{"name":"wp","href":"https:\/\/api.w.org\/{rel}","templated":true}]}}