{"id":9738,"date":"2023-11-02T10:45:30","date_gmt":"2023-11-02T03:45:30","guid":{"rendered":"https:\/\/heboracollagen.shop\/san-pham\/inplex-2163-220\/"},"modified":"2023-11-02T10:45:30","modified_gmt":"2023-11-02T03:45:30","slug":"inplex-2163-220","status":"publish","type":"product","link":"https:\/\/anglomoil.com.vn\/en\/product\/inplex-2163-220\/","title":{"rendered":"INPLEX 2163-220"},"content":{"rendered":"<p style=\"font-weight: 400;\"><strong>INPLEX 2163-220<\/strong>\u00a0l\u00e0 m\u1ee1 b\u00f4i tr\u01a1n Canxi Sulfonate cao c\u1ea5p \u0111\u01b0\u1ee3c nghi\u00ean c\u1ee9u v\u00e0 s\u1ea3n xu\u1ea5t \u0111\u1ec3\u00a0\u0111\u00e1p \u1ee9ng nhu c\u1ea7u b\u00f4i tr\u01a1n c\u1ee7a c\u00e1c m\u00e1y m\u00f3c, thi\u1ebft b\u1ecb, ph\u01b0\u01a1ng ti\u1ec7n trong ng\u00e0nh c\u00f4ng nghi\u1ec7p\u00a0n\u1eb7ng, ho\u1ea1t \u0111\u1ed9ng trong \u0111i\u1ec1u ki\u1ec7n kh\u1eafc nghi\u1ec7t, nhi\u1ec7t \u0111\u1ed9 cao nh\u01b0 ng\u00e0nh s\u1ea3n xu\u1ea5t th\u00e9p, gi\u1ea5y,\u00a0ph\u01b0\u01a1ng ti\u1ec7n t\u1ea3i n\u1eb7ng,\u2026<\/p>\n<div>INPLEX 2163-220 kh\u00f4ng ch\u1ee9a kim lo\u1ea1i n\u1eb7ng v\u00e0 c\u00e1c th\u00e0nh ph\u1ea7n nguy h\u1ea1i \u0111\u1ebfn s\u1ee9c kh\u1ecfe v\u00e0\u00a0m\u00f4i tr\u01b0\u1eddng nh\u01b0 Sulfur, Phospho, Clo, K\u1ebdm, Phenol, Antimon, Bari ho\u1eb7c ch\u00ec.<\/div>\n<div><\/div>\n<div><strong>T\u00cdNH N\u0102NG V\u00c0 \u01afU \u0110I\u1ec2M:<\/strong><br \/>\n&#8211; M\u00e0ng m\u1ee1 m\u1ecbn, \u0111\u1ed9 b\u1ec1n cao, ch\u1ecbu c\u1ef1c \u00e1p t\u1ed1t gi\u00fap ch\u1ed1ng ma s\u00e1t, gi\u1ea3m m\u00f2i m\u00f2n v\u00e0 k\u1eb9t x\u01b0\u1edbc t\u1ed1i \u01b0u.<br \/>\n&#8211; Kh\u1ea3 n\u0103ng kh\u00e1ng n\u01b0\u1edbc, \u1ee9c ch\u1ebf g\u1ec9, ng\u0103n ch\u1eb7n \u0103n m\u00f2n, g\u1ec9 s\u00e9t b\u1edfi n\u01b0\u1edbc, t\u0103ng tu\u1ed3i th\u1ecd.<br \/>\n&#8211; Ch\u1ecbu \u0111\u01b0\u1ee3c nhi\u1ec7t \u0111\u1ed9 cao, \u1ed5n \u0111\u1ecbnh c\u01a1 h\u1ecdc v\u00e0 oxy h\u00f3a cao, gi\u1ea3m hao h\u1ee5t, ti\u1ebft ki\u1ec7m chi ph\u00ed<br \/>\n&#8211; C\u00f3 th\u1ec3 ho\u1ea1t \u0111\u1ed9ng li\u00ean t\u1ee5c \u1edf nhi\u1ec7t \u0111\u1ed9 cao, l\u00ean \u0111\u1ebfn 180<sup>o<\/sup>C<\/div>\n<p style=\"font-weight: 400;\"><strong>\u1ee8NG D\u1ee4NG:<\/strong><br \/>\nINPLEX 2163-220 c\u00f3 th\u1ec3 s\u1eed d\u1ee5ng trong t\u1ea5t c\u1ea3 c\u00e1c m\u00e1y m\u00f3c, thi\u1ebft b\u1ecb ho\u1ea1t \u0111\u1ed9ng trong \u0111i\u1ec1u ki\u1ec7n kh\u1eafc nghi\u1ec7t v\u1edbi\u00a0c\u00e1c l\u0129nh v\u1ef1c c\u00f4ng nghi\u1ec7p n\u1eb7ng, khai th\u00e1c, x\u00e2y d\u1ef1ng v\u00e0 d\u00e2n d\u1ee5ng nh\u01b0:<br \/>\n&#8211; V\u00f2ng bi, tr\u1ee5c quay c\u1ee7a c\u00e1c thi\u1ebft b\u1ecb t\u1ea3i n\u1eb7ng.<br \/>\n&#8211; B\u0103ng t\u1ea3i l\u00f2, \u1ed5 tr\u1ee5c \u0111\u1ed9ng c\u01a1 \u0111i\u1ec7n, \u1ed5 l\u0103n th\u00e9p trong c\u00e1c nh\u00e0 m\u00e1y th\u00e9p, nh\u00e0 m\u00e1y gi\u1ea5y.<br \/>\n&#8211; B\u00e1nh r\u0103ng, kh\u1edbp n\u1ed1i, thanh tr\u01b0\u1ee3t, con l\u0103n, b\u1ea3o qu\u1ea3n, ch\u1ed1ng g\u1ec9 g\u1ea7m \u00f4t\u00f4, xe t\u1ea3i,&#8230;<\/p>\n<p style=\"font-weight: 400;\"><strong>Kh\u1ed1i l\u01b0\u1ee3ng:<\/strong>\u00a0450g<\/p>\n<p style=\"font-weight: 400;\"><strong>TH\u00d4NG TIN C\u1ea2NH B\u00c1O:<br \/>\n<\/strong>&#8211; B\u1ea3o qu\u1ea3n n\u01a1i kh\u00f4 r\u00e1o, tr\u00e1nh xa ngu\u1ed3n nhi\u1ec7t.<br \/>\n&#8211; Tr\u00e1nh xa t\u1ea7m tay tr\u1ebb em. Kh\u00f4ng \u0111\u01b0\u1ee3c \u0103n.<\/p>\n<p style=\"font-weight: 400;\"><strong>AN TO\u00c0N M\u00d4I TR\u01af\u1edcNG:<\/strong><br \/>\n&#8211; Thu gom v\u00e0 t\u1eadp trung m\u1ee1 b\u00f4i tr\u01a1n \u0111\u00e3 qua s\u1eed d\u1ee5ng \u0111\u00fang n\u01a1i quy \u0111\u1ecbnh.<br \/>\n&#8211; Tuy\u1ec7t \u0111\u1ed1i kh\u00f4ng th\u1ea3i ra m\u1eb7t \u0111\u1ea5t, c\u00e1c ngu\u1ed3n n\u01b0\u1edbc, c\u1ed1ng r\u00e3nh, \u2026<\/p>\n<p><strong>S\u1ea3n xu\u1ea5t v\u00e0 \u0111\u00f3ng g\u00f3i b\u1edfi:\u00a0<\/strong><strong>C\u00f4ng ty TNHH Anglomoil Vi\u1ec7t Nam<\/strong><br \/>\n\u0110\u1ecba ch\u1ec9: \u0110\u01b0\u1eddng s\u1ed1 1, KCN Nh\u01a1n Tr\u1ea1ch 1, X\u00e3 Ph\u01b0\u1edbc Thi\u1ec1n, Huy\u1ec7n Nh\u01a1n Tr\u1ea1ch, T\u1ec9nh \u0110\u1ed3ng Nai.<br \/>\nHotline : <a href=\"tel: 18006149\"><strong>1800.6149<\/strong><\/a><br \/>\nEmail: <a href=\"mailto:cskh@anglomoil.vn\">cskh@anglomoil.vn<\/a><\/p>\n","protected":false},"excerpt":{"rendered":"<p style=\"font-weight: 400;\"><strong>\u1ee8NG D\u1ee4NG:<\/strong><br \/>\nINPLEX 2163-220 c\u00f3 th\u1ec3 s\u1eed d\u1ee5ng trong t\u1ea5t c\u1ea3 c\u00e1c m\u00e1y m\u00f3c, thi\u1ebft b\u1ecb ho\u1ea1t \u0111\u1ed9ng trong \u0111i\u1ec1u ki\u1ec7n kh\u1eafc nghi\u1ec7t v\u1edbi\u00a0c\u00e1c l\u0129nh v\u1ef1c c\u00f4ng nghi\u1ec7p n\u1eb7ng, khai th\u00e1c, x\u00e2y d\u1ef1ng v\u00e0 d\u00e2n d\u1ee5ng nh\u01b0:<br \/>\n&#8211; V\u00f2ng bi, tr\u1ee5c quay c\u1ee7a c\u00e1c thi\u1ebft b\u1ecb t\u1ea3i n\u1eb7ng.<br \/>\n&#8211; B\u0103ng t\u1ea3i l\u00f2, \u1ed5 tr\u1ee5c \u0111\u1ed9ng c\u01a1 \u0111i\u1ec7n, \u1ed5 l\u0103n th\u00e9p trong c\u00e1c nh\u00e0 m\u00e1y th\u00e9p, nh\u00e0 m\u00e1y gi\u1ea5y.<br \/>\n&#8211; B\u00e1nh r\u0103ng, kh\u1edbp n\u1ed1i, thanh tr\u01b0\u1ee3t, con l\u0103n, b\u1ea3o qu\u1ea3n, ch\u1ed1ng g\u1ec9 g\u1ea7m \u00f4t\u00f4, xe t\u1ea3i,&#8230;<\/p>\n<p style=\"font-weight: 400;\"><strong>Kh\u1ed1i l\u01b0\u1ee3ng:<\/strong>\u00a0450g<\/p>\n","protected":false},"featured_media":9739,"comment_status":"closed","ping_status":"closed","template":"","meta":{"_acf_changed":false},"product_brand":[],"product_cat":[136],"product_tag":[],"class_list":{"0":"post-9738","1":"product","2":"type-product","3":"status-publish","4":"has-post-thumbnail","6":"product_cat-products","8":"first","9":"instock","10":"shipping-taxable","11":"product-type-simple"},"acf":[],"yoast_head":"<!-- This site is optimized with the Yoast SEO plugin v27.4 - https:\/\/yoast.com\/product\/yoast-seo-wordpress\/ -->\n<title>INPLEX 2163-220 - ANGLOMOIL VI\u1ec6T NAM<\/title>\n<meta name=\"robots\" content=\"index, follow, max-snippet:-1, max-image-preview:large, max-video-preview:-1\" \/>\n<link rel=\"canonical\" href=\"https:\/\/anglomoil.com.vn\/en\/product\/inplex-2163-220\/\" \/>\n<meta property=\"og:locale\" content=\"en_US\" \/>\n<meta property=\"og:type\" content=\"article\" \/>\n<meta property=\"og:title\" content=\"INPLEX 2163-220 - ANGLOMOIL VI\u1ec6T NAM\" \/>\n<meta property=\"og:description\" content=\"\u1ee8NG D\u1ee4NG: INPLEX 2163-220 c\u00f3 th\u1ec3 s\u1eed d\u1ee5ng trong t\u1ea5t c\u1ea3 c\u00e1c m\u00e1y m\u00f3c, thi\u1ebft b\u1ecb ho\u1ea1t \u0111\u1ed9ng trong \u0111i\u1ec1u ki\u1ec7n kh\u1eafc nghi\u1ec7t v\u1edbi\u00a0c\u00e1c l\u0129nh v\u1ef1c c\u00f4ng nghi\u1ec7p n\u1eb7ng, khai th\u00e1c, x\u00e2y d\u1ef1ng v\u00e0 d\u00e2n d\u1ee5ng nh\u01b0: - V\u00f2ng bi, tr\u1ee5c quay c\u1ee7a c\u00e1c thi\u1ebft b\u1ecb t\u1ea3i n\u1eb7ng. - B\u0103ng t\u1ea3i l\u00f2, \u1ed5 tr\u1ee5c \u0111\u1ed9ng c\u01a1 \u0111i\u1ec7n, \u1ed5 l\u0103n th\u00e9p trong c\u00e1c nh\u00e0 m\u00e1y th\u00e9p, nh\u00e0 m\u00e1y gi\u1ea5y. - B\u00e1nh r\u0103ng, kh\u1edbp n\u1ed1i, thanh tr\u01b0\u1ee3t, con l\u0103n, b\u1ea3o qu\u1ea3n, ch\u1ed1ng g\u1ec9 g\u1ea7m \u00f4t\u00f4, xe t\u1ea3i,... Kh\u1ed1i l\u01b0\u1ee3ng:\u00a0450g\" \/>\n<meta property=\"og:url\" content=\"https:\/\/anglomoil.com.vn\/en\/product\/inplex-2163-220\/\" \/>\n<meta property=\"og:site_name\" content=\"ANGLOMOIL VI\u1ec6T NAM\" \/>\n<meta property=\"og:image\" content=\"https:\/\/anglomoil.com.vn\/wp-content\/uploads\/2023\/11\/mo-1024x1024.png\" \/>\n\t<meta property=\"og:image:width\" content=\"1024\" \/>\n\t<meta property=\"og:image:height\" content=\"1024\" \/>\n\t<meta property=\"og:image:type\" content=\"image\/png\" \/>\n<meta name=\"twitter:card\" content=\"summary_large_image\" \/>\n<meta name=\"twitter:label1\" content=\"Est. reading time\" \/>\n\t<meta name=\"twitter:data1\" content=\"3 minutes\" \/>\n<script type=\"application\/ld+json\" class=\"yoast-schema-graph\">{\"@context\":\"https:\\\/\\\/schema.org\",\"@graph\":[{\"@type\":\"WebPage\",\"@id\":\"https:\\\/\\\/anglomoil.com.vn\\\/en\\\/product\\\/inplex-2163-220\\\/\",\"url\":\"https:\\\/\\\/anglomoil.com.vn\\\/en\\\/product\\\/inplex-2163-220\\\/\",\"name\":\"INPLEX 2163-220 - ANGLOMOIL VI\u1ec6T NAM\",\"isPartOf\":{\"@id\":\"https:\\\/\\\/anglomoil.com.vn\\\/#website\"},\"primaryImageOfPage\":{\"@id\":\"https:\\\/\\\/anglomoil.com.vn\\\/en\\\/product\\\/inplex-2163-220\\\/#primaryimage\"},\"image\":{\"@id\":\"https:\\\/\\\/anglomoil.com.vn\\\/en\\\/product\\\/inplex-2163-220\\\/#primaryimage\"},\"thumbnailUrl\":\"https:\\\/\\\/anglomoil.com.vn\\\/wp-content\\\/uploads\\\/2023\\\/11\\\/mo.png\",\"datePublished\":\"2023-11-02T03:45:30+00:00\",\"breadcrumb\":{\"@id\":\"https:\\\/\\\/anglomoil.com.vn\\\/en\\\/product\\\/inplex-2163-220\\\/#breadcrumb\"},\"inLanguage\":\"en-US\",\"potentialAction\":[{\"@type\":\"ReadAction\",\"target\":[\"https:\\\/\\\/anglomoil.com.vn\\\/en\\\/product\\\/inplex-2163-220\\\/\"]}]},{\"@type\":\"ImageObject\",\"inLanguage\":\"en-US\",\"@id\":\"https:\\\/\\\/anglomoil.com.vn\\\/en\\\/product\\\/inplex-2163-220\\\/#primaryimage\",\"url\":\"https:\\\/\\\/anglomoil.com.vn\\\/wp-content\\\/uploads\\\/2023\\\/11\\\/mo.png\",\"contentUrl\":\"https:\\\/\\\/anglomoil.com.vn\\\/wp-content\\\/uploads\\\/2023\\\/11\\\/mo.png\",\"width\":7710,\"height\":7710},{\"@type\":\"BreadcrumbList\",\"@id\":\"https:\\\/\\\/anglomoil.com.vn\\\/en\\\/product\\\/inplex-2163-220\\\/#breadcrumb\",\"itemListElement\":[{\"@type\":\"ListItem\",\"position\":1,\"name\":\"Home\",\"item\":\"https:\\\/\\\/anglomoil.com.vn\\\/en\\\/\"},{\"@type\":\"ListItem\",\"position\":2,\"name\":\"Products\",\"item\":\"https:\\\/\\\/anglomoil.com.vn\\\/shop\\\/\"},{\"@type\":\"ListItem\",\"position\":3,\"name\":\"INPLEX 2163-220\"}]},{\"@type\":\"WebSite\",\"@id\":\"https:\\\/\\\/anglomoil.com.vn\\\/#website\",\"url\":\"https:\\\/\\\/anglomoil.com.vn\\\/\",\"name\":\"ANGLOMOIL VI\u1ec6T NAM\",\"description\":\"\",\"potentialAction\":[{\"@type\":\"SearchAction\",\"target\":{\"@type\":\"EntryPoint\",\"urlTemplate\":\"https:\\\/\\\/anglomoil.com.vn\\\/?s={search_term_string}\"},\"query-input\":{\"@type\":\"PropertyValueSpecification\",\"valueRequired\":true,\"valueName\":\"search_term_string\"}}],\"inLanguage\":\"en-US\"}]}<\/script>\n<!-- \/ Yoast SEO plugin. -->","yoast_head_json":{"title":"INPLEX 2163-220 - ANGLOMOIL VI\u1ec6T NAM","robots":{"index":"index","follow":"follow","max-snippet":"max-snippet:-1","max-image-preview":"max-image-preview:large","max-video-preview":"max-video-preview:-1"},"canonical":"https:\/\/anglomoil.com.vn\/en\/product\/inplex-2163-220\/","og_locale":"en_US","og_type":"article","og_title":"INPLEX 2163-220 - ANGLOMOIL VI\u1ec6T NAM","og_description":"\u1ee8NG D\u1ee4NG: INPLEX 2163-220 c\u00f3 th\u1ec3 s\u1eed d\u1ee5ng trong t\u1ea5t c\u1ea3 c\u00e1c m\u00e1y m\u00f3c, thi\u1ebft b\u1ecb ho\u1ea1t \u0111\u1ed9ng trong \u0111i\u1ec1u ki\u1ec7n kh\u1eafc nghi\u1ec7t v\u1edbi\u00a0c\u00e1c l\u0129nh v\u1ef1c c\u00f4ng nghi\u1ec7p n\u1eb7ng, khai th\u00e1c, x\u00e2y d\u1ef1ng v\u00e0 d\u00e2n d\u1ee5ng nh\u01b0: - V\u00f2ng bi, tr\u1ee5c quay c\u1ee7a c\u00e1c thi\u1ebft b\u1ecb t\u1ea3i n\u1eb7ng. - B\u0103ng t\u1ea3i l\u00f2, \u1ed5 tr\u1ee5c \u0111\u1ed9ng c\u01a1 \u0111i\u1ec7n, \u1ed5 l\u0103n th\u00e9p trong c\u00e1c nh\u00e0 m\u00e1y th\u00e9p, nh\u00e0 m\u00e1y gi\u1ea5y. - B\u00e1nh r\u0103ng, kh\u1edbp n\u1ed1i, thanh tr\u01b0\u1ee3t, con l\u0103n, b\u1ea3o qu\u1ea3n, ch\u1ed1ng g\u1ec9 g\u1ea7m \u00f4t\u00f4, xe t\u1ea3i,... Kh\u1ed1i l\u01b0\u1ee3ng:\u00a0450g","og_url":"https:\/\/anglomoil.com.vn\/en\/product\/inplex-2163-220\/","og_site_name":"ANGLOMOIL VI\u1ec6T NAM","og_image":[{"width":1024,"height":1024,"url":"https:\/\/anglomoil.com.vn\/wp-content\/uploads\/2023\/11\/mo-1024x1024.png","type":"image\/png"}],"twitter_card":"summary_large_image","twitter_misc":{"Est. reading time":"3 minutes"},"schema":{"@context":"https:\/\/schema.org","@graph":[{"@type":"WebPage","@id":"https:\/\/anglomoil.com.vn\/en\/product\/inplex-2163-220\/","url":"https:\/\/anglomoil.com.vn\/en\/product\/inplex-2163-220\/","name":"INPLEX 2163-220 - ANGLOMOIL VI\u1ec6T NAM","isPartOf":{"@id":"https:\/\/anglomoil.com.vn\/#website"},"primaryImageOfPage":{"@id":"https:\/\/anglomoil.com.vn\/en\/product\/inplex-2163-220\/#primaryimage"},"image":{"@id":"https:\/\/anglomoil.com.vn\/en\/product\/inplex-2163-220\/#primaryimage"},"thumbnailUrl":"https:\/\/anglomoil.com.vn\/wp-content\/uploads\/2023\/11\/mo.png","datePublished":"2023-11-02T03:45:30+00:00","breadcrumb":{"@id":"https:\/\/anglomoil.com.vn\/en\/product\/inplex-2163-220\/#breadcrumb"},"inLanguage":"en-US","potentialAction":[{"@type":"ReadAction","target":["https:\/\/anglomoil.com.vn\/en\/product\/inplex-2163-220\/"]}]},{"@type":"ImageObject","inLanguage":"en-US","@id":"https:\/\/anglomoil.com.vn\/en\/product\/inplex-2163-220\/#primaryimage","url":"https:\/\/anglomoil.com.vn\/wp-content\/uploads\/2023\/11\/mo.png","contentUrl":"https:\/\/anglomoil.com.vn\/wp-content\/uploads\/2023\/11\/mo.png","width":7710,"height":7710},{"@type":"BreadcrumbList","@id":"https:\/\/anglomoil.com.vn\/en\/product\/inplex-2163-220\/#breadcrumb","itemListElement":[{"@type":"ListItem","position":1,"name":"Home","item":"https:\/\/anglomoil.com.vn\/en\/"},{"@type":"ListItem","position":2,"name":"Products","item":"https:\/\/anglomoil.com.vn\/shop\/"},{"@type":"ListItem","position":3,"name":"INPLEX 2163-220"}]},{"@type":"WebSite","@id":"https:\/\/anglomoil.com.vn\/#website","url":"https:\/\/anglomoil.com.vn\/","name":"ANGLOMOIL VI\u1ec6T NAM","description":"","potentialAction":[{"@type":"SearchAction","target":{"@type":"EntryPoint","urlTemplate":"https:\/\/anglomoil.com.vn\/?s={search_term_string}"},"query-input":{"@type":"PropertyValueSpecification","valueRequired":true,"valueName":"search_term_string"}}],"inLanguage":"en-US"}]}},"_links":{"self":[{"href":"https:\/\/anglomoil.com.vn\/en\/wp-json\/wp\/v2\/product\/9738","targetHints":{"allow":["GET"]}}],"collection":[{"href":"https:\/\/anglomoil.com.vn\/en\/wp-json\/wp\/v2\/product"}],"about":[{"href":"https:\/\/anglomoil.com.vn\/en\/wp-json\/wp\/v2\/types\/product"}],"replies":[{"embeddable":true,"href":"https:\/\/anglomoil.com.vn\/en\/wp-json\/wp\/v2\/comments?post=9738"}],"wp:featuredmedia":[{"embeddable":true,"href":"https:\/\/anglomoil.com.vn\/en\/wp-json\/wp\/v2\/media\/9739"}],"wp:attachment":[{"href":"https:\/\/anglomoil.com.vn\/en\/wp-json\/wp\/v2\/media?parent=9738"}],"wp:term":[{"taxonomy":"product_brand","embeddable":true,"href":"https:\/\/anglomoil.com.vn\/en\/wp-json\/wp\/v2\/product_brand?post=9738"},{"taxonomy":"product_cat","embeddable":true,"href":"https:\/\/anglomoil.com.vn\/en\/wp-json\/wp\/v2\/product_cat?post=9738"},{"taxonomy":"product_tag","embeddable":true,"href":"https:\/\/anglomoil.com.vn\/en\/wp-json\/wp\/v2\/product_tag?post=9738"}],"curies":[{"name":"wp","href":"https:\/\/api.w.org\/{rel}","templated":true}]}}