{"id":9725,"date":"2023-11-02T10:45:31","date_gmt":"2023-11-02T03:45:31","guid":{"rendered":"https:\/\/heboracollagen.shop\/san-pham\/compressor-s-r\/"},"modified":"2023-11-02T10:45:31","modified_gmt":"2023-11-02T03:45:31","slug":"compressor-s-r","status":"publish","type":"product","link":"https:\/\/anglomoil.com.vn\/en\/product\/compressor-s-r\/","title":{"rendered":"COMPRESSOR S\/R"},"content":{"rendered":"<p style=\"font-weight: 400;\">L\u00e0 d\u1ea7u m\u00e1y n\u00e9n kh\u00ed g\u1ed1c kho\u00e1ng ch\u1ea5t l\u01b0\u1ee3ng cao \u0111\u01b0\u1ee3c nghi\u00ean c\u1ee9u v\u00e0 s\u1ea3n xu\u1ea5t \u0111\u1ec3 \u0111\u00e1p \u1ee9ng hi\u1ec7u su\u1ea5t c\u1ee7a c\u00e1c lo\u1ea1i m\u00e1y n\u00e9n kh\u00ed tr\u1ee5c v\u00edt v\u00e0 pitt\u00f4ng hi\u1ec7n \u0111\u1ea1i.<\/p>\n<p><strong>TI\u00caU CHU\u1ea8N \u0110\u00c1P \u1ee8NG:<\/strong><br \/>\n&#8211; DIN 51506 (VBL, VCL, VDL)<br \/>\n&#8211; ISO 6743-3 (DAA, DAB, DAG, DAH)<\/p>\n<p><strong>T\u00cdNH N\u0102NG V\u00c0 \u01afU \u0110I\u1ec2M:<\/strong><br \/>\n&#8211; T\u00ednh \u1ed5n \u0111\u1ecbnh v\u1ec1 nhi\u1ec7t v\u00e0 oxy ho\u00e1 tuy\u1ec7t v\u1eddi gi\u1ea3m s\u1ef1 h\u00ecnh th\u00e0nh axit v\u00e0 c\u1eb7n b\u1ea9n g\u00e2y \u0103n m\u00f2n v\u00e0 t\u1eaft ngh\u1ebdn m\u00e0ng l\u1ecdc \u1ea3nh h\u01b0\u1edfng \u0111\u1ebfn s\u1ef1 b\u00f4i tr\u01a1n.<br \/>\n&#8211; Ch\u1ed1ng m\u00e0i m\u00f2n hi\u1ec7u qu\u1ea3 tr\u00e1nh t\u00ecnh tr\u1ea1ng m\u00e0i m\u00f2n trong v\u1eadn h\u00e0nh, ti\u1ebft ki\u1ec7m chi ph\u00ed thay th\u1ebf, b\u1ea3o tr\u00ec thi\u1ebft b\u1ecb.<br \/>\n&#8211; Kh\u1ea3 n\u0103ng t\u00e1ch n\u01b0\u1edbc t\u1ed1t, h\u1ed7 tr\u1ee3 qu\u00e1 tr\u00ecnh t\u00e1ch n\u01b0\u1edbc c\u1ee7a m\u00e1y n\u00e9n, tr\u00e1nh t\u1ea1o nh\u0169g\u00e2y \u0103n m\u00f2n h\u01b0 h\u1ecfng thi\u1ebft b\u1ecb.<br \/>\n&#8211; Kh\u1ea3 n\u0103ng ch\u1ed1ng g\u1ec9 cao, h\u1ea1n ch\u1ebf g\u1ec9 s\u00e9t, h\u01b0 h\u1ecfng thi\u1ebft b\u1ecb.<br \/>\n&#8211; Ch\u1ed1ng t\u1ea1o b\u1ecdt t\u1ed1i \u01b0u.<br \/>\n&#8211; Tu\u1ed5i th\u1ecd d\u1ea7u cao, k\u00e9o d\u00e0i chu k\u1ef3 s\u1eed d\u1ee5ng, ti\u1ebft ki\u1ec7m chi ph\u00ed.<\/p>\n<p><strong>\u1ee8NG D\u1ee4NG:<\/strong><br \/>\n&#8211; COMPRESSOR S\/R s\u1eed d\u1ee5ng \u0111\u01b0\u1ee3c cho h\u1ea7u h\u1ebft c\u00e1c lo\u1ea1i m\u00e1y n\u00e9n kh\u00ed tr\u1ee5c v\u00edt v\u00e0 pitt\u00f4ng c\u00f4ng su\u1ea5t l\u1edbn c\u1ea3 d\u00e2n d\u1ee5ng v\u00e0 trong c\u00f4ng nghi\u1ec7p.<br \/>\n&#8211; COMPRESSOR S\/R \u0111\u01b0\u1ee3c nghi\u00ean c\u1ee9u \u0111\u1ec3 \u0111\u00e1p \u1ee9ng chu k\u00ec thay d\u1ea7u l\u00e0 4000h.<sup>(*)<\/sup>V\u1edbi \u0111i\u1ec1u ki\u1ec7n nhi\u1ec7t \u0111\u1ed9 v\u1eadn h\u00e0nh &gt;90<sup>o<\/sup>C th\u00ec c\u1ea7n \u00e1p d\u1ee5ng chu k\u00ec thay d\u1ea7u ti\u00eau chu\u1ea9n theo ch\u1ec9 \u0111\u1ecbnh c\u1ee7a nh\u00e0 s\u1ea3n xu\u1ea5t m\u00e1y n\u00e9n.<\/p>\n<p><strong>Dung t\u00edch: <\/strong>18L,\u00a020L, 200L, 1000L<\/p>\n<p><strong>C\u1ea5p \u0111\u1ed9: <\/strong>ISO VG 32, 46, 68, 100<\/p>\n<p><strong>TH\u00d4NG TIN C\u1ea2NH B\u00c1O:<\/strong><br \/>\n&#8211; B\u1ea3o qu\u1ea3n n\u01a1i kh\u00f4 r\u00e1o, tr\u00e1nh xa ngu\u1ed3n nhi\u1ec7t.<br \/>\n&#8211; Tr\u00e1nh xa t\u1ea7m tay tr\u1ebb em. Kh\u00f4ng \u0111\u01b0\u1ee3c u\u1ed1ng.<\/p>\n<p><strong>AN TO\u00c0N M\u00d4I TR\u01af\u1edcNG:<\/strong><br \/>\n&#8211; Thu gom v\u00e0 t\u1eadp trung d\u1ea7u \u0111\u00e3 qua s\u1eed d\u1ee5ng \u0111\u00fang n\u01a1i quy \u0111\u1ecbnh.<br \/>\n&#8211; Tuy\u1ec7t \u0111\u1ed1i kh\u00f4ng th\u1ea3i ra m\u1eb7t \u0111\u1ea5t, c\u00e1c ngu\u1ed3n n\u01b0\u1edbc, c\u1ed1ng r\u00e3nh, \u2026<\/p>\n<p><strong>S\u1ea3n xu\u1ea5t v\u00e0 \u0111\u00f3ng g\u00f3i b\u1edfi:\u00a0<\/strong><strong>C\u00f4ng ty TNHH Anglomoil Vi\u1ec7t Nam<\/strong><br \/>\n\u0110\u1ecba ch\u1ec9: \u0110\u01b0\u1eddng s\u1ed1 1, KCN Nh\u01a1n Tr\u1ea1ch 1, X\u00e3 Ph\u01b0\u1edbc Thi\u1ec1n, Huy\u1ec7n Nh\u01a1n Tr\u1ea1ch, T\u1ec9nh \u0110\u1ed3ng Nai.<br \/>\nHotline : <strong><a href=\"tel: 18006149\">1800.6149<\/a><\/strong><br \/>\nEmail: <a href=\"mailto:cskh@anglomoil.vn\">cskh@anglomoil.vn<\/a><\/p>\n","protected":false},"excerpt":{"rendered":"<p><strong>\u0110\u1ed8 NH\u1edaT:<\/strong> ISO VG 32, 46, 68, 100<\/p>\n<p><strong>TI\u00caU CHU\u1ea8N \u0110\u00c1P \u1ee8NG:<\/strong><br \/>\n&#8211; DIN 51506 (VBL, VCL, VDL)<br \/>\n&#8211; ISO 6743-3 (DAA, DAB, DAG, DAH)<\/p>\n<p><b>DUNG T\u00cdCH: <\/b>18L,\u00a020L, 200L, 1000L<\/p>\n","protected":false},"featured_media":9634,"comment_status":"closed","ping_status":"closed","template":"","meta":{"_acf_changed":false},"product_brand":[],"product_cat":[140,136],"product_tag":[],"class_list":{"0":"post-9725","1":"product","2":"type-product","3":"status-publish","4":"has-post-thumbnail","6":"product_cat-industrial-lubricants","7":"product_cat-products","9":"first","10":"instock","11":"shipping-taxable","12":"product-type-simple"},"acf":[],"yoast_head":"<!-- This site is optimized with the Yoast SEO plugin v27.4 - https:\/\/yoast.com\/product\/yoast-seo-wordpress\/ -->\n<title>COMPRESSOR S\/R - ANGLOMOIL VI\u1ec6T NAM<\/title>\n<meta name=\"robots\" content=\"index, follow, max-snippet:-1, max-image-preview:large, max-video-preview:-1\" \/>\n<link rel=\"canonical\" href=\"https:\/\/anglomoil.com.vn\/en\/product\/compressor-s-r\/\" \/>\n<meta property=\"og:locale\" content=\"en_US\" \/>\n<meta property=\"og:type\" content=\"article\" \/>\n<meta property=\"og:title\" content=\"COMPRESSOR S\/R - ANGLOMOIL VI\u1ec6T NAM\" \/>\n<meta property=\"og:description\" content=\"\u0110\u1ed8 NH\u1edaT: ISO VG 32, 46, 68, 100  TI\u00caU CHU\u1ea8N \u0110\u00c1P \u1ee8NG: - DIN 51506 (VBL, VCL, VDL) - ISO 6743-3 (DAA, DAB, DAG, DAH)  DUNG T\u00cdCH: 18L,\u00a020L, 200L, 1000L\" \/>\n<meta property=\"og:url\" content=\"https:\/\/anglomoil.com.vn\/en\/product\/compressor-s-r\/\" \/>\n<meta property=\"og:site_name\" content=\"ANGLOMOIL VI\u1ec6T NAM\" \/>\n<meta property=\"og:image\" content=\"https:\/\/anglomoil.com.vn\/wp-content\/uploads\/2023\/11\/PHUY-1-1024x1024.png\" \/>\n\t<meta property=\"og:image:width\" content=\"1024\" \/>\n\t<meta property=\"og:image:height\" content=\"1024\" \/>\n\t<meta property=\"og:image:type\" content=\"image\/png\" \/>\n<meta name=\"twitter:card\" content=\"summary_large_image\" \/>\n<meta name=\"twitter:label1\" content=\"Est. reading time\" \/>\n\t<meta name=\"twitter:data1\" content=\"3 minutes\" \/>\n<script type=\"application\/ld+json\" class=\"yoast-schema-graph\">{\"@context\":\"https:\\\/\\\/schema.org\",\"@graph\":[{\"@type\":\"WebPage\",\"@id\":\"https:\\\/\\\/anglomoil.com.vn\\\/en\\\/product\\\/compressor-s-r\\\/\",\"url\":\"https:\\\/\\\/anglomoil.com.vn\\\/en\\\/product\\\/compressor-s-r\\\/\",\"name\":\"COMPRESSOR S\\\/R - ANGLOMOIL VI\u1ec6T NAM\",\"isPartOf\":{\"@id\":\"https:\\\/\\\/anglomoil.com.vn\\\/#website\"},\"primaryImageOfPage\":{\"@id\":\"https:\\\/\\\/anglomoil.com.vn\\\/en\\\/product\\\/compressor-s-r\\\/#primaryimage\"},\"image\":{\"@id\":\"https:\\\/\\\/anglomoil.com.vn\\\/en\\\/product\\\/compressor-s-r\\\/#primaryimage\"},\"thumbnailUrl\":\"https:\\\/\\\/anglomoil.com.vn\\\/wp-content\\\/uploads\\\/2023\\\/11\\\/PHUY-1.png\",\"datePublished\":\"2023-11-02T03:45:31+00:00\",\"breadcrumb\":{\"@id\":\"https:\\\/\\\/anglomoil.com.vn\\\/en\\\/product\\\/compressor-s-r\\\/#breadcrumb\"},\"inLanguage\":\"en-US\",\"potentialAction\":[{\"@type\":\"ReadAction\",\"target\":[\"https:\\\/\\\/anglomoil.com.vn\\\/en\\\/product\\\/compressor-s-r\\\/\"]}]},{\"@type\":\"ImageObject\",\"inLanguage\":\"en-US\",\"@id\":\"https:\\\/\\\/anglomoil.com.vn\\\/en\\\/product\\\/compressor-s-r\\\/#primaryimage\",\"url\":\"https:\\\/\\\/anglomoil.com.vn\\\/wp-content\\\/uploads\\\/2023\\\/11\\\/PHUY-1.png\",\"contentUrl\":\"https:\\\/\\\/anglomoil.com.vn\\\/wp-content\\\/uploads\\\/2023\\\/11\\\/PHUY-1.png\",\"width\":7710,\"height\":7710},{\"@type\":\"BreadcrumbList\",\"@id\":\"https:\\\/\\\/anglomoil.com.vn\\\/en\\\/product\\\/compressor-s-r\\\/#breadcrumb\",\"itemListElement\":[{\"@type\":\"ListItem\",\"position\":1,\"name\":\"Home\",\"item\":\"https:\\\/\\\/anglomoil.com.vn\\\/en\\\/\"},{\"@type\":\"ListItem\",\"position\":2,\"name\":\"Products\",\"item\":\"https:\\\/\\\/anglomoil.com.vn\\\/shop\\\/\"},{\"@type\":\"ListItem\",\"position\":3,\"name\":\"COMPRESSOR S\\\/R\"}]},{\"@type\":\"WebSite\",\"@id\":\"https:\\\/\\\/anglomoil.com.vn\\\/#website\",\"url\":\"https:\\\/\\\/anglomoil.com.vn\\\/\",\"name\":\"ANGLOMOIL VI\u1ec6T NAM\",\"description\":\"\",\"potentialAction\":[{\"@type\":\"SearchAction\",\"target\":{\"@type\":\"EntryPoint\",\"urlTemplate\":\"https:\\\/\\\/anglomoil.com.vn\\\/?s={search_term_string}\"},\"query-input\":{\"@type\":\"PropertyValueSpecification\",\"valueRequired\":true,\"valueName\":\"search_term_string\"}}],\"inLanguage\":\"en-US\"}]}<\/script>\n<!-- \/ Yoast SEO plugin. -->","yoast_head_json":{"title":"COMPRESSOR S\/R - ANGLOMOIL VI\u1ec6T NAM","robots":{"index":"index","follow":"follow","max-snippet":"max-snippet:-1","max-image-preview":"max-image-preview:large","max-video-preview":"max-video-preview:-1"},"canonical":"https:\/\/anglomoil.com.vn\/en\/product\/compressor-s-r\/","og_locale":"en_US","og_type":"article","og_title":"COMPRESSOR S\/R - ANGLOMOIL VI\u1ec6T NAM","og_description":"\u0110\u1ed8 NH\u1edaT: ISO VG 32, 46, 68, 100  TI\u00caU CHU\u1ea8N \u0110\u00c1P \u1ee8NG: - DIN 51506 (VBL, VCL, VDL) - ISO 6743-3 (DAA, DAB, DAG, DAH)  DUNG T\u00cdCH: 18L,\u00a020L, 200L, 1000L","og_url":"https:\/\/anglomoil.com.vn\/en\/product\/compressor-s-r\/","og_site_name":"ANGLOMOIL VI\u1ec6T NAM","og_image":[{"width":1024,"height":1024,"url":"https:\/\/anglomoil.com.vn\/wp-content\/uploads\/2023\/11\/PHUY-1-1024x1024.png","type":"image\/png"}],"twitter_card":"summary_large_image","twitter_misc":{"Est. reading time":"3 minutes"},"schema":{"@context":"https:\/\/schema.org","@graph":[{"@type":"WebPage","@id":"https:\/\/anglomoil.com.vn\/en\/product\/compressor-s-r\/","url":"https:\/\/anglomoil.com.vn\/en\/product\/compressor-s-r\/","name":"COMPRESSOR S\/R - ANGLOMOIL VI\u1ec6T NAM","isPartOf":{"@id":"https:\/\/anglomoil.com.vn\/#website"},"primaryImageOfPage":{"@id":"https:\/\/anglomoil.com.vn\/en\/product\/compressor-s-r\/#primaryimage"},"image":{"@id":"https:\/\/anglomoil.com.vn\/en\/product\/compressor-s-r\/#primaryimage"},"thumbnailUrl":"https:\/\/anglomoil.com.vn\/wp-content\/uploads\/2023\/11\/PHUY-1.png","datePublished":"2023-11-02T03:45:31+00:00","breadcrumb":{"@id":"https:\/\/anglomoil.com.vn\/en\/product\/compressor-s-r\/#breadcrumb"},"inLanguage":"en-US","potentialAction":[{"@type":"ReadAction","target":["https:\/\/anglomoil.com.vn\/en\/product\/compressor-s-r\/"]}]},{"@type":"ImageObject","inLanguage":"en-US","@id":"https:\/\/anglomoil.com.vn\/en\/product\/compressor-s-r\/#primaryimage","url":"https:\/\/anglomoil.com.vn\/wp-content\/uploads\/2023\/11\/PHUY-1.png","contentUrl":"https:\/\/anglomoil.com.vn\/wp-content\/uploads\/2023\/11\/PHUY-1.png","width":7710,"height":7710},{"@type":"BreadcrumbList","@id":"https:\/\/anglomoil.com.vn\/en\/product\/compressor-s-r\/#breadcrumb","itemListElement":[{"@type":"ListItem","position":1,"name":"Home","item":"https:\/\/anglomoil.com.vn\/en\/"},{"@type":"ListItem","position":2,"name":"Products","item":"https:\/\/anglomoil.com.vn\/shop\/"},{"@type":"ListItem","position":3,"name":"COMPRESSOR S\/R"}]},{"@type":"WebSite","@id":"https:\/\/anglomoil.com.vn\/#website","url":"https:\/\/anglomoil.com.vn\/","name":"ANGLOMOIL VI\u1ec6T NAM","description":"","potentialAction":[{"@type":"SearchAction","target":{"@type":"EntryPoint","urlTemplate":"https:\/\/anglomoil.com.vn\/?s={search_term_string}"},"query-input":{"@type":"PropertyValueSpecification","valueRequired":true,"valueName":"search_term_string"}}],"inLanguage":"en-US"}]}},"_links":{"self":[{"href":"https:\/\/anglomoil.com.vn\/en\/wp-json\/wp\/v2\/product\/9725","targetHints":{"allow":["GET"]}}],"collection":[{"href":"https:\/\/anglomoil.com.vn\/en\/wp-json\/wp\/v2\/product"}],"about":[{"href":"https:\/\/anglomoil.com.vn\/en\/wp-json\/wp\/v2\/types\/product"}],"replies":[{"embeddable":true,"href":"https:\/\/anglomoil.com.vn\/en\/wp-json\/wp\/v2\/comments?post=9725"}],"wp:featuredmedia":[{"embeddable":true,"href":"https:\/\/anglomoil.com.vn\/en\/wp-json\/wp\/v2\/media\/9634"}],"wp:attachment":[{"href":"https:\/\/anglomoil.com.vn\/en\/wp-json\/wp\/v2\/media?parent=9725"}],"wp:term":[{"taxonomy":"product_brand","embeddable":true,"href":"https:\/\/anglomoil.com.vn\/en\/wp-json\/wp\/v2\/product_brand?post=9725"},{"taxonomy":"product_cat","embeddable":true,"href":"https:\/\/anglomoil.com.vn\/en\/wp-json\/wp\/v2\/product_cat?post=9725"},{"taxonomy":"product_tag","embeddable":true,"href":"https:\/\/anglomoil.com.vn\/en\/wp-json\/wp\/v2\/product_tag?post=9725"}],"curies":[{"name":"wp","href":"https:\/\/api.w.org\/{rel}","templated":true}]}}