{"id":9723,"date":"2023-11-02T10:45:31","date_gmt":"2023-11-02T03:45:31","guid":{"rendered":"https:\/\/heboracollagen.shop\/san-pham\/engine-flush\/"},"modified":"2023-11-17T15:08:12","modified_gmt":"2023-11-17T08:08:12","slug":"engine-flush","status":"publish","type":"product","link":"https:\/\/anglomoil.com.vn\/en\/product\/engine-flush\/","title":{"rendered":"ENGINE FLUSH"},"content":{"rendered":"<p><strong>Description<\/strong><br \/>\nAnglomoil Engine Flush is an advanced chemical formulation suitable for use in all internal combustion engines. It is a top treat to be poured into the engine prior to an oil change.<\/p>\n<p><strong>Uses<\/strong><br \/>\nAll car and light van petrol and diesel engines. Add contents of bottle to oil in the engine \u00e2\u20ac\u201c 500ml of Anglomoil Engine Flush will treat 5 litres of engine oil.<\/p>\n<p><strong>Sizes: <\/strong>20 litre<\/p>\n<p><strong>M\u00f4 t\u1ea3:<\/strong><\/p>\n<p><span data-sheets-value=\"{&quot;1&quot;:2,&quot;2&quot;:&quot;Ph\u1ee5 gia s\u00fac r\u1eeda \u0111\u1ed9ng c\u01a1 x\u0103ng d\u1ea7u v\u00e0 diesel c\u00f3 ch\u1ee9a c\u00f4ng th\u1ee9c h\u00f3a h\u1ecdc ti\u00ean ti\u1ebfn, \u0111\u01b0\u1ee3c s\u1eed d\u1ee5ng cho h\u1ea7u h\u1ebft c\u00e1c lo\u1ea1i \u0111\u1ed9ng c\u01a1 \u0111\u1ed1t trong, c\u00f3 t\u00e1c d\u1ee5ng l\u00e0m s\u1ea1ch \u0111\u1ed9ng c\u01a1, r\u1eeda tr\u00f4i c\u00e1c ch\u1ea5t b\u00f9n, c\u1eb7n b\u00e1m trong \u0111\u1ed9ng c\u01a1 l\u00e2u ng\u00e0y m\u00e0 qu\u00e1 tr\u00ecnh thay nh\u1edbt kh\u00f4ng th\u1ea3i ra \u0111\u01b0\u1ee3c. S\u1eed d\u1ee5ng 10% c\u1ee7a dung t\u00edch c\u1ee7a \u0111\u1ed9ng c\u01a1 xe&quot;}\" data-sheets-userformat=\"{&quot;2&quot;:14781,&quot;3&quot;:{&quot;1&quot;:0,&quot;3&quot;:1},&quot;5&quot;:{&quot;1&quot;:[{&quot;1&quot;:2,&quot;2&quot;:0,&quot;5&quot;:{&quot;1&quot;:2,&quot;2&quot;:0}},{&quot;1&quot;:0,&quot;2&quot;:0,&quot;3&quot;:3},{&quot;1&quot;:1,&quot;2&quot;:0,&quot;4&quot;:1}]},&quot;6&quot;:{&quot;1&quot;:[{&quot;1&quot;:2,&quot;2&quot;:0,&quot;5&quot;:{&quot;1&quot;:2,&quot;2&quot;:0}},{&quot;1&quot;:0,&quot;2&quot;:0,&quot;3&quot;:3},{&quot;1&quot;:1,&quot;2&quot;:0,&quot;4&quot;:1}]},&quot;7&quot;:{&quot;1&quot;:[{&quot;1&quot;:2,&quot;2&quot;:0,&quot;5&quot;:{&quot;1&quot;:2,&quot;2&quot;:0}},{&quot;1&quot;:0,&quot;2&quot;:0,&quot;3&quot;:3},{&quot;1&quot;:1,&quot;2&quot;:0,&quot;4&quot;:1}]},&quot;8&quot;:{&quot;1&quot;:[{&quot;1&quot;:2,&quot;2&quot;:0,&quot;5&quot;:{&quot;1&quot;:2,&quot;2&quot;:0}},{&quot;1&quot;:0,&quot;2&quot;:0,&quot;3&quot;:3},{&quot;1&quot;:1,&quot;2&quot;:0,&quot;4&quot;:1}]},&quot;10&quot;:1,&quot;11&quot;:4,&quot;14&quot;:{&quot;1&quot;:3,&quot;3&quot;:1},&quot;15&quot;:&quot;Arial&quot;,&quot;16&quot;:10}\">Ph\u1ee5 gia s\u00fac r\u1eeda \u0111\u1ed9ng c\u01a1 x\u0103ng d\u1ea7u v\u00e0 diesel c\u00f3 ch\u1ee9a c\u00f4ng th\u1ee9c h\u00f3a h\u1ecdc ti\u00ean ti\u1ebfn, \u0111\u01b0\u1ee3c s\u1eed d\u1ee5ng cho h\u1ea7u h\u1ebft c\u00e1c lo\u1ea1i \u0111\u1ed9ng c\u01a1 \u0111\u1ed1t trong, c\u00f3 t\u00e1c d\u1ee5ng l\u00e0m s\u1ea1ch \u0111\u1ed9ng c\u01a1, r\u1eeda tr\u00f4i c\u00e1c ch\u1ea5t b\u00f9n, c\u1eb7n b\u00e1m trong \u0111\u1ed9ng c\u01a1 l\u00e2u ng\u00e0y m\u00e0 qu\u00e1 tr\u00ecnh thay nh\u1edbt kh\u00f4ng th\u1ea3i ra \u0111\u01b0\u1ee3c. S\u1eed d\u1ee5ng 10% c\u1ee7a dung t\u00edch c\u1ee7a \u0111\u1ed9ng c\u01a1 xe<\/span><\/p>\n<p><strong>\u1ee8ng d\u1ee5ng: <\/strong>\u00f4 t\u00f4 x\u0103ng, \u00f4 t\u00f4 diesel<\/p>\n<p><b>Th\u1ec3 t\u00edch:\u00a0<\/b>20L<\/p>\n<p><strong>Th\u00f4ng tin c\u1ea3nh b\u00e1o:<\/strong> B\u1ea3o qu\u1ea3n n\u01a1i kh\u00f4 r\u00e1o, tho\u00e1ng m\u00e1t. \u0110\u1eb7t trong nh\u00e0 kho c\u00f3 m\u00e1i che. Tr\u00e1nh xa t\u1ea7m tay tr\u1ebb em, kh\u00f4ng \u0111\u01b0\u1ee3c u\u1ed1ng.<\/p>\n<p><strong>Nh\u1eadp kh\u1ea9u v\u00e0 \u0111\u00f3ng g\u00f3i b\u1edfi: <\/strong><strong>C\u00f4ng ty TNHH Anglomoil Vi\u1ec7t Nam<\/strong><br \/>\n\u0110\u1ecba ch\u1ec9: \u0110\u01b0\u1eddng s\u1ed1 1, KCN Nh\u01a1n Tr\u1ea1ch 1, X\u00e3 Ph\u01b0\u1edbc Thi\u1ec1n, Huy\u1ec7n Nh\u01a1n Tr\u1ea1ch, T\u1ec9nh \u0110\u1ed3ng Nai.<br \/>\n\u0110i\u1ec7n tho\u1ea1i : 1800.6149<br \/>\nEmail: cskh@anglomoil.vn<\/p>\n","protected":false},"excerpt":{"rendered":"<p><span data-sheets-value=\"{&quot;1&quot;:2,&quot;2&quot;:&quot;Ph\u1ee5 gia s\u00fac r\u1eeda \u0111\u1ed9ng c\u01a1 x\u0103ng d\u1ea7u v\u00e0 diesel c\u00f3 ch\u1ee9a c\u00f4ng th\u1ee9c h\u00f3a h\u1ecdc ti\u00ean ti\u1ebfn, \u0111\u01b0\u1ee3c s\u1eed d\u1ee5ng cho h\u1ea7u h\u1ebft c\u00e1c lo\u1ea1i \u0111\u1ed9ng c\u01a1 \u0111\u1ed1t trong, c\u00f3 t\u00e1c d\u1ee5ng l\u00e0m s\u1ea1ch \u0111\u1ed9ng c\u01a1, r\u1eeda tr\u00f4i c\u00e1c ch\u1ea5t b\u00f9n, c\u1eb7n b\u00e1m trong \u0111\u1ed9ng c\u01a1 l\u00e2u ng\u00e0y m\u00e0 qu\u00e1 tr\u00ecnh thay nh\u1edbt kh\u00f4ng th\u1ea3i ra \u0111\u01b0\u1ee3c. S\u1eed d\u1ee5ng 10% c\u1ee7a dung t\u00edch c\u1ee7a \u0111\u1ed9ng c\u01a1 xe&quot;}\" data-sheets-userformat=\"{&quot;2&quot;:14781,&quot;3&quot;:{&quot;1&quot;:0,&quot;3&quot;:1},&quot;5&quot;:{&quot;1&quot;:[{&quot;1&quot;:2,&quot;2&quot;:0,&quot;5&quot;:{&quot;1&quot;:2,&quot;2&quot;:0}},{&quot;1&quot;:0,&quot;2&quot;:0,&quot;3&quot;:3},{&quot;1&quot;:1,&quot;2&quot;:0,&quot;4&quot;:1}]},&quot;6&quot;:{&quot;1&quot;:[{&quot;1&quot;:2,&quot;2&quot;:0,&quot;5&quot;:{&quot;1&quot;:2,&quot;2&quot;:0}},{&quot;1&quot;:0,&quot;2&quot;:0,&quot;3&quot;:3},{&quot;1&quot;:1,&quot;2&quot;:0,&quot;4&quot;:1}]},&quot;7&quot;:{&quot;1&quot;:[{&quot;1&quot;:2,&quot;2&quot;:0,&quot;5&quot;:{&quot;1&quot;:2,&quot;2&quot;:0}},{&quot;1&quot;:0,&quot;2&quot;:0,&quot;3&quot;:3},{&quot;1&quot;:1,&quot;2&quot;:0,&quot;4&quot;:1}]},&quot;8&quot;:{&quot;1&quot;:[{&quot;1&quot;:2,&quot;2&quot;:0,&quot;5&quot;:{&quot;1&quot;:2,&quot;2&quot;:0}},{&quot;1&quot;:0,&quot;2&quot;:0,&quot;3&quot;:3},{&quot;1&quot;:1,&quot;2&quot;:0,&quot;4&quot;:1}]},&quot;10&quot;:1,&quot;11&quot;:4,&quot;14&quot;:{&quot;1&quot;:3,&quot;3&quot;:1},&quot;15&quot;:&quot;Arial&quot;,&quot;16&quot;:10}\">Ph\u1ee5 gia s\u00fac r\u1eeda \u0111\u1ed9ng c\u01a1 x\u0103ng d\u1ea7u v\u00e0 diesel c\u00f3 ch\u1ee9a c\u00f4ng th\u1ee9c h\u00f3a h\u1ecdc ti\u00ean ti\u1ebfn, \u0111\u01b0\u1ee3c s\u1eed d\u1ee5ng cho h\u1ea7u h\u1ebft c\u00e1c lo\u1ea1i \u0111\u1ed9ng c\u01a1 \u0111\u1ed1t trong, c\u00f3 t\u00e1c d\u1ee5ng l\u00e0m s\u1ea1ch \u0111\u1ed9ng c\u01a1, r\u1eeda tr\u00f4i c\u00e1c ch\u1ea5t b\u00f9n, c\u1eb7n b\u00e1m trong \u0111\u1ed9ng c\u01a1 l\u00e2u ng\u00e0y m\u00e0 qu\u00e1 tr\u00ecnh thay nh\u1edbt kh\u00f4ng th\u1ea3i ra \u0111\u01b0\u1ee3c. S\u1eed d\u1ee5ng 10% c\u1ee7a dung t\u00edch c\u1ee7a \u0111\u1ed9ng c\u01a1 xe.<\/span><\/p>\n<p><strong>\u1ee8ng d\u1ee5ng: <\/strong>\u00f4 t\u00f4 x\u0103ng, \u00f4 t\u00f4 diesel<\/p>\n<p><b>Th\u1ec3 t\u00edch:\u00a0<\/b>20L<\/p>\n","protected":false},"featured_media":9724,"comment_status":"closed","ping_status":"closed","template":"","meta":{"_acf_changed":false},"product_brand":[],"product_cat":[136],"product_tag":[],"class_list":{"0":"post-9723","1":"product","2":"type-product","3":"status-publish","4":"has-post-thumbnail","6":"product_cat-products","8":"first","9":"instock","10":"shipping-taxable","11":"product-type-simple"},"acf":[],"yoast_head":"<!-- This site is optimized with the Yoast SEO plugin v27.4 - https:\/\/yoast.com\/product\/yoast-seo-wordpress\/ -->\n<title>ENGINE FLUSH - ANGLOMOIL VI\u1ec6T NAM<\/title>\n<meta name=\"robots\" content=\"index, follow, max-snippet:-1, max-image-preview:large, max-video-preview:-1\" \/>\n<link rel=\"canonical\" href=\"https:\/\/anglomoil.com.vn\/en\/product\/engine-flush\/\" \/>\n<meta property=\"og:locale\" content=\"en_US\" \/>\n<meta property=\"og:type\" content=\"article\" \/>\n<meta property=\"og:title\" content=\"ENGINE FLUSH - ANGLOMOIL VI\u1ec6T NAM\" \/>\n<meta property=\"og:description\" content=\"Ph\u1ee5 gia s\u00fac r\u1eeda \u0111\u1ed9ng c\u01a1 x\u0103ng d\u1ea7u v\u00e0 diesel c\u00f3 ch\u1ee9a c\u00f4ng th\u1ee9c h\u00f3a h\u1ecdc ti\u00ean ti\u1ebfn, \u0111\u01b0\u1ee3c s\u1eed d\u1ee5ng cho h\u1ea7u h\u1ebft c\u00e1c lo\u1ea1i \u0111\u1ed9ng c\u01a1 \u0111\u1ed1t trong, c\u00f3 t\u00e1c d\u1ee5ng l\u00e0m s\u1ea1ch \u0111\u1ed9ng c\u01a1, r\u1eeda tr\u00f4i c\u00e1c ch\u1ea5t b\u00f9n, c\u1eb7n b\u00e1m trong \u0111\u1ed9ng c\u01a1 l\u00e2u ng\u00e0y m\u00e0 qu\u00e1 tr\u00ecnh thay nh\u1edbt kh\u00f4ng th\u1ea3i ra \u0111\u01b0\u1ee3c. S\u1eed d\u1ee5ng 10% c\u1ee7a dung t\u00edch c\u1ee7a \u0111\u1ed9ng c\u01a1 xe.  \u1ee8ng d\u1ee5ng: \u00f4 t\u00f4 x\u0103ng, \u00f4 t\u00f4 diesel  Th\u1ec3 t\u00edch:\u00a020L\" \/>\n<meta property=\"og:url\" content=\"https:\/\/anglomoil.com.vn\/product\/engine-flush\/\" \/>\n<meta property=\"og:site_name\" content=\"ANGLOMOIL VI\u1ec6T NAM\" \/>\n<meta property=\"article:modified_time\" content=\"2023-11-17T08:08:12+00:00\" \/>\n<meta property=\"og:image\" content=\"https:\/\/anglomoil.com.vn\/wp-content\/uploads\/2023\/11\/Engine-Flush-20L-Square.png\" \/>\n\t<meta property=\"og:image:width\" content=\"800\" \/>\n\t<meta property=\"og:image:height\" content=\"800\" \/>\n\t<meta property=\"og:image:type\" content=\"image\/png\" \/>\n<meta name=\"twitter:card\" content=\"summary_large_image\" \/>\n<meta name=\"twitter:label1\" content=\"Est. reading time\" \/>\n\t<meta name=\"twitter:data1\" content=\"1 minute\" \/>\n<script type=\"application\/ld+json\" class=\"yoast-schema-graph\">{\"@context\":\"https:\\\/\\\/schema.org\",\"@graph\":[{\"@type\":\"WebPage\",\"@id\":\"https:\\\/\\\/anglomoil.com.vn\\\/product\\\/engine-flush\\\/\",\"url\":\"https:\\\/\\\/anglomoil.com.vn\\\/product\\\/engine-flush\\\/\",\"name\":\"ENGINE FLUSH - ANGLOMOIL VI\u1ec6T NAM\",\"isPartOf\":{\"@id\":\"https:\\\/\\\/anglomoil.com.vn\\\/#website\"},\"primaryImageOfPage\":{\"@id\":\"https:\\\/\\\/anglomoil.com.vn\\\/product\\\/engine-flush\\\/#primaryimage\"},\"image\":{\"@id\":\"https:\\\/\\\/anglomoil.com.vn\\\/product\\\/engine-flush\\\/#primaryimage\"},\"thumbnailUrl\":\"https:\\\/\\\/anglomoil.com.vn\\\/wp-content\\\/uploads\\\/2023\\\/11\\\/Engine-Flush-20L-Square.png\",\"datePublished\":\"2023-11-02T03:45:31+00:00\",\"dateModified\":\"2023-11-17T08:08:12+00:00\",\"breadcrumb\":{\"@id\":\"https:\\\/\\\/anglomoil.com.vn\\\/product\\\/engine-flush\\\/#breadcrumb\"},\"inLanguage\":\"en-US\",\"potentialAction\":[{\"@type\":\"ReadAction\",\"target\":[\"https:\\\/\\\/anglomoil.com.vn\\\/product\\\/engine-flush\\\/\"]}]},{\"@type\":\"ImageObject\",\"inLanguage\":\"en-US\",\"@id\":\"https:\\\/\\\/anglomoil.com.vn\\\/product\\\/engine-flush\\\/#primaryimage\",\"url\":\"https:\\\/\\\/anglomoil.com.vn\\\/wp-content\\\/uploads\\\/2023\\\/11\\\/Engine-Flush-20L-Square.png\",\"contentUrl\":\"https:\\\/\\\/anglomoil.com.vn\\\/wp-content\\\/uploads\\\/2023\\\/11\\\/Engine-Flush-20L-Square.png\",\"width\":800,\"height\":800},{\"@type\":\"BreadcrumbList\",\"@id\":\"https:\\\/\\\/anglomoil.com.vn\\\/product\\\/engine-flush\\\/#breadcrumb\",\"itemListElement\":[{\"@type\":\"ListItem\",\"position\":1,\"name\":\"Home\",\"item\":\"https:\\\/\\\/anglomoil.com.vn\\\/en\\\/\"},{\"@type\":\"ListItem\",\"position\":2,\"name\":\"Products\",\"item\":\"https:\\\/\\\/anglomoil.com.vn\\\/shop\\\/\"},{\"@type\":\"ListItem\",\"position\":3,\"name\":\"ENGINE FLUSH\"}]},{\"@type\":\"WebSite\",\"@id\":\"https:\\\/\\\/anglomoil.com.vn\\\/#website\",\"url\":\"https:\\\/\\\/anglomoil.com.vn\\\/\",\"name\":\"ANGLOMOIL VI\u1ec6T NAM\",\"description\":\"\",\"potentialAction\":[{\"@type\":\"SearchAction\",\"target\":{\"@type\":\"EntryPoint\",\"urlTemplate\":\"https:\\\/\\\/anglomoil.com.vn\\\/?s={search_term_string}\"},\"query-input\":{\"@type\":\"PropertyValueSpecification\",\"valueRequired\":true,\"valueName\":\"search_term_string\"}}],\"inLanguage\":\"en-US\"}]}<\/script>\n<!-- \/ Yoast SEO plugin. -->","yoast_head_json":{"title":"ENGINE FLUSH - ANGLOMOIL VI\u1ec6T NAM","robots":{"index":"index","follow":"follow","max-snippet":"max-snippet:-1","max-image-preview":"max-image-preview:large","max-video-preview":"max-video-preview:-1"},"canonical":"https:\/\/anglomoil.com.vn\/en\/product\/engine-flush\/","og_locale":"en_US","og_type":"article","og_title":"ENGINE FLUSH - ANGLOMOIL VI\u1ec6T NAM","og_description":"Ph\u1ee5 gia s\u00fac r\u1eeda \u0111\u1ed9ng c\u01a1 x\u0103ng d\u1ea7u v\u00e0 diesel c\u00f3 ch\u1ee9a c\u00f4ng th\u1ee9c h\u00f3a h\u1ecdc ti\u00ean ti\u1ebfn, \u0111\u01b0\u1ee3c s\u1eed d\u1ee5ng cho h\u1ea7u h\u1ebft c\u00e1c lo\u1ea1i \u0111\u1ed9ng c\u01a1 \u0111\u1ed1t trong, c\u00f3 t\u00e1c d\u1ee5ng l\u00e0m s\u1ea1ch \u0111\u1ed9ng c\u01a1, r\u1eeda tr\u00f4i c\u00e1c ch\u1ea5t b\u00f9n, c\u1eb7n b\u00e1m trong \u0111\u1ed9ng c\u01a1 l\u00e2u ng\u00e0y m\u00e0 qu\u00e1 tr\u00ecnh thay nh\u1edbt kh\u00f4ng th\u1ea3i ra \u0111\u01b0\u1ee3c. S\u1eed d\u1ee5ng 10% c\u1ee7a dung t\u00edch c\u1ee7a \u0111\u1ed9ng c\u01a1 xe.  \u1ee8ng d\u1ee5ng: \u00f4 t\u00f4 x\u0103ng, \u00f4 t\u00f4 diesel  Th\u1ec3 t\u00edch:\u00a020L","og_url":"https:\/\/anglomoil.com.vn\/product\/engine-flush\/","og_site_name":"ANGLOMOIL VI\u1ec6T NAM","article_modified_time":"2023-11-17T08:08:12+00:00","og_image":[{"width":800,"height":800,"url":"https:\/\/anglomoil.com.vn\/wp-content\/uploads\/2023\/11\/Engine-Flush-20L-Square.png","type":"image\/png"}],"twitter_card":"summary_large_image","twitter_misc":{"Est. reading time":"1 minute"},"schema":{"@context":"https:\/\/schema.org","@graph":[{"@type":"WebPage","@id":"https:\/\/anglomoil.com.vn\/product\/engine-flush\/","url":"https:\/\/anglomoil.com.vn\/product\/engine-flush\/","name":"ENGINE FLUSH - ANGLOMOIL VI\u1ec6T NAM","isPartOf":{"@id":"https:\/\/anglomoil.com.vn\/#website"},"primaryImageOfPage":{"@id":"https:\/\/anglomoil.com.vn\/product\/engine-flush\/#primaryimage"},"image":{"@id":"https:\/\/anglomoil.com.vn\/product\/engine-flush\/#primaryimage"},"thumbnailUrl":"https:\/\/anglomoil.com.vn\/wp-content\/uploads\/2023\/11\/Engine-Flush-20L-Square.png","datePublished":"2023-11-02T03:45:31+00:00","dateModified":"2023-11-17T08:08:12+00:00","breadcrumb":{"@id":"https:\/\/anglomoil.com.vn\/product\/engine-flush\/#breadcrumb"},"inLanguage":"en-US","potentialAction":[{"@type":"ReadAction","target":["https:\/\/anglomoil.com.vn\/product\/engine-flush\/"]}]},{"@type":"ImageObject","inLanguage":"en-US","@id":"https:\/\/anglomoil.com.vn\/product\/engine-flush\/#primaryimage","url":"https:\/\/anglomoil.com.vn\/wp-content\/uploads\/2023\/11\/Engine-Flush-20L-Square.png","contentUrl":"https:\/\/anglomoil.com.vn\/wp-content\/uploads\/2023\/11\/Engine-Flush-20L-Square.png","width":800,"height":800},{"@type":"BreadcrumbList","@id":"https:\/\/anglomoil.com.vn\/product\/engine-flush\/#breadcrumb","itemListElement":[{"@type":"ListItem","position":1,"name":"Home","item":"https:\/\/anglomoil.com.vn\/en\/"},{"@type":"ListItem","position":2,"name":"Products","item":"https:\/\/anglomoil.com.vn\/shop\/"},{"@type":"ListItem","position":3,"name":"ENGINE FLUSH"}]},{"@type":"WebSite","@id":"https:\/\/anglomoil.com.vn\/#website","url":"https:\/\/anglomoil.com.vn\/","name":"ANGLOMOIL VI\u1ec6T NAM","description":"","potentialAction":[{"@type":"SearchAction","target":{"@type":"EntryPoint","urlTemplate":"https:\/\/anglomoil.com.vn\/?s={search_term_string}"},"query-input":{"@type":"PropertyValueSpecification","valueRequired":true,"valueName":"search_term_string"}}],"inLanguage":"en-US"}]}},"_links":{"self":[{"href":"https:\/\/anglomoil.com.vn\/en\/wp-json\/wp\/v2\/product\/9723","targetHints":{"allow":["GET"]}}],"collection":[{"href":"https:\/\/anglomoil.com.vn\/en\/wp-json\/wp\/v2\/product"}],"about":[{"href":"https:\/\/anglomoil.com.vn\/en\/wp-json\/wp\/v2\/types\/product"}],"replies":[{"embeddable":true,"href":"https:\/\/anglomoil.com.vn\/en\/wp-json\/wp\/v2\/comments?post=9723"}],"wp:featuredmedia":[{"embeddable":true,"href":"https:\/\/anglomoil.com.vn\/en\/wp-json\/wp\/v2\/media\/9724"}],"wp:attachment":[{"href":"https:\/\/anglomoil.com.vn\/en\/wp-json\/wp\/v2\/media?parent=9723"}],"wp:term":[{"taxonomy":"product_brand","embeddable":true,"href":"https:\/\/anglomoil.com.vn\/en\/wp-json\/wp\/v2\/product_brand?post=9723"},{"taxonomy":"product_cat","embeddable":true,"href":"https:\/\/anglomoil.com.vn\/en\/wp-json\/wp\/v2\/product_cat?post=9723"},{"taxonomy":"product_tag","embeddable":true,"href":"https:\/\/anglomoil.com.vn\/en\/wp-json\/wp\/v2\/product_tag?post=9723"}],"curies":[{"name":"wp","href":"https:\/\/api.w.org\/{rel}","templated":true}]}}