{"id":9688,"date":"2023-11-02T10:45:59","date_gmt":"2023-11-02T03:45:59","guid":{"rendered":"https:\/\/heboracollagen.shop\/san-pham\/moto-racing-s-sae-5w-40\/"},"modified":"2023-11-02T10:45:59","modified_gmt":"2023-11-02T03:45:59","slug":"moto-racing-s-sae-5w-40","status":"publish","type":"product","link":"https:\/\/anglomoil.com.vn\/en\/product\/moto-racing-s-sae-5w-40\/","title":{"rendered":"MOTO RACING S SAE 5W-40"},"content":{"rendered":"<p>Moto Racing S (5W-40 MA \/ MA2) l\u00e0 d\u1ea7u m\u00f4 t\u00f4 t\u1ed5ng h\u1ee3p hi\u1ec7u su\u1ea5t cao \u0111\u01b0\u1ee3c thi\u1ebft k\u1ebf \u0111\u1eb7c bi\u1ec7t v\u1edbi c\u00e1c ch\u1ea5t t\u1ea9y r\u1eeda Metallic-Organo m\u1edbi nh\u1ea5t \u0111\u1ec3 duy tr\u00ec s\u1ef1 s\u1ea1ch s\u1ebd trong \u0111\u1ed9ng c\u01a1 \u1edf nh\u1eefng \u0111i\u1ec1u ki\u1ec7n kh\u1eafc nghi\u1ec7t nh\u1ea5t. Hi\u1ec7u qu\u1ea3 c\u1ee7a n\u00f3 \u0111\u01b0\u1ee3c t\u0103ng c\u01b0\u1eddng b\u1edfi c\u00e1c ch\u1ea5t b\u00f4i tr\u01a1n t\u1ed5ng h\u1ee3p \u0111\u01b0\u1ee3c ch\u1ecdn l\u1ecdc \u0111\u1eb7c bi\u1ec7t v\u00e0 c\u00e1c ch\u1ea5t ch\u1ed1ng oxy ho\u00e1. Ho\u1ea1t ch\u1ea5t EP v\u00e0 c\u00e1c ch\u1ea5t ph\u00e2n t\u00e1n l\u00e0m \u1ee9c ch\u1ebf m\u00e0i m\u00f2n \u1edf m\u1ee9c t\u1ed1i thi\u1ec1u trong \u0111\u1ed9ng c\u01a1 v\u00e0 gi\u1ea3m hao ph\u00ed nhi\u00ean li\u1ec7u g\u00f3p ph\u1ea7n k\u00e9o d\u00e0i tu\u1ed5i th\u1ecd v\u00e0 gi\u1ea3m chi ph\u00ed b\u1ea3o tr\u00ec. S\u1ef1 k\u1ebft h\u1ee3p v\u1edbi c\u00e1c Este hi\u1ec7u n\u0103ng cao \u0111\u1ec3 \u0111\u1ea3m b\u1ea3o tuy\u1ec7t \u0111\u1ed1i hi\u1ec7u su\u1ea5t c\u1ee7a s\u1ea3n ph\u1ea9m.<\/p>\n<p><span data-sheets-value=\"{&quot;1&quot;:2,&quot;2&quot;:&quot;D\u1ea7u t\u1ed5ng h\u1ee3p 100% to\u00e0n ph\u1ea7n v\u1edbi c\u00f4ng ngh\u1ec7 Ester \u0111\u01b0\u1ee3c thi\u1ebft k\u1ebf cho d\u00f2ng xe ph\u00e2n kh\u1ed1i l\u1edbn v\u00e0 moto \u0111ua. S\u1ea3n ph\u1ea9m \u0111\u01b0\u1ee3c t\u1ed1i \u01b0u h\u00f3a \u0111\u1ec3 b\u1ea3o v\u1ec7 \u0111\u1ed9ng c\u01a1 m\u1ed9t c\u00e1ch ho\u00e0n h\u1ea3o v\u00e0 \u0111em l\u1ea1i hi\u1ec7u su\u1ea5t cao nh\u1ea5t, gi\u1ea3m \u0111\u1ed9 rung v\u00e0 ti\u1ebfng \u1ed3n trong \u0111\u1ed9ng c\u01a1, gi\u1eef \u0111\u1ed9 nh\u1edbt \u1ed5n \u0111\u1ecbnh trong h\u00e0nh tr\u00ecnh d\u00e0i, b\u1ea3o v\u1ec7 \u0111\u1ed9ng c\u01a1 \u1edf nhi\u1ec7t \u0111\u1ed9 cao, gi\u00fap xe kh\u1edfi \u0111\u1ed9ng nhanh v\u00e0 ho\u1ea1t \u0111\u1ed9ng m\u1ea1nh m\u1ebd.&quot;}\" data-sheets-userformat=\"{&quot;2&quot;:12797,&quot;3&quot;:{&quot;1&quot;:0,&quot;3&quot;:1},&quot;5&quot;:{&quot;1&quot;:[{&quot;1&quot;:2,&quot;2&quot;:0,&quot;5&quot;:{&quot;1&quot;:2,&quot;2&quot;:0}},{&quot;1&quot;:0,&quot;2&quot;:0,&quot;3&quot;:3},{&quot;1&quot;:1,&quot;2&quot;:0,&quot;4&quot;:1}]},&quot;6&quot;:{&quot;1&quot;:[{&quot;1&quot;:2,&quot;2&quot;:0,&quot;5&quot;:{&quot;1&quot;:2,&quot;2&quot;:0}},{&quot;1&quot;:0,&quot;2&quot;:0,&quot;3&quot;:3},{&quot;1&quot;:1,&quot;2&quot;:0,&quot;4&quot;:1}]},&quot;7&quot;:{&quot;1&quot;:[{&quot;1&quot;:2,&quot;2&quot;:0,&quot;5&quot;:{&quot;1&quot;:2,&quot;2&quot;:0}},{&quot;1&quot;:0,&quot;2&quot;:0,&quot;3&quot;:3},{&quot;1&quot;:1,&quot;2&quot;:0,&quot;4&quot;:1}]},&quot;8&quot;:{&quot;1&quot;:[{&quot;1&quot;:2,&quot;2&quot;:0,&quot;5&quot;:{&quot;1&quot;:2,&quot;2&quot;:0}},{&quot;1&quot;:0,&quot;2&quot;:0,&quot;3&quot;:3},{&quot;1&quot;:1,&quot;2&quot;:0,&quot;4&quot;:1}]},&quot;9&quot;:0,&quot;10&quot;:1,&quot;11&quot;:4,&quot;15&quot;:&quot;Arial&quot;,&quot;16&quot;:10}\">D\u1ea7u t\u1ed5ng h\u1ee3p 100% to\u00e0n ph\u1ea7n v\u1edbi c\u00f4ng ngh\u1ec7 Ester \u0111\u01b0\u1ee3c thi\u1ebft k\u1ebf cho d\u00f2ng xe ph\u00e2n kh\u1ed1i l\u1edbn v\u00e0 moto \u0111ua. S\u1ea3n ph\u1ea9m \u0111\u01b0\u1ee3c t\u1ed1i \u01b0u h\u00f3a \u0111\u1ec3 b\u1ea3o v\u1ec7 \u0111\u1ed9ng c\u01a1 m\u1ed9t c\u00e1ch ho\u00e0n h\u1ea3o v\u00e0 \u0111em l\u1ea1i hi\u1ec7u su\u1ea5t cao nh\u1ea5t, gi\u1ea3m \u0111\u1ed9 rung v\u00e0 ti\u1ebfng \u1ed3n trong \u0111\u1ed9ng c\u01a1, gi\u1eef \u0111\u1ed9 nh\u1edbt \u1ed5n \u0111\u1ecbnh trong h\u00e0nh tr\u00ecnh d\u00e0i, b\u1ea3o v\u1ec7 \u0111\u1ed9ng c\u01a1 \u1edf nhi\u1ec7t \u0111\u1ed9 cao, gi\u00fap xe kh\u1edfi \u0111\u1ed9ng nhanh v\u00e0 ho\u1ea1t \u0111\u1ed9ng m\u1ea1nh m\u1ebd.<\/span><\/p>\n<p><strong>T\u00ednh n\u0103ng:<\/strong><br \/>\n\u0110\u01b0\u1ee3c khuy\u1ebfn ngh\u1ecb d\u00f9ng cho \u0111\u1ed9ng c\u01a1 4 th\u00ec, \u0111\u01b0\u1ee3c s\u1eed d\u1ee5ng trong:<br \/>\nMotoGP<br \/>\nSuperSport<br \/>\nSuperBike<br \/>\nXe \u0111\u1ecba h\u00ecnh<br \/>\nXe c\u00e0o c\u00e0o<br \/>\nXe c\u00f3 th\u1ec3 c\u00f3 h\u1ed9p s\u1ed1 t\u00edch h\u1ee3p, b\u1ed9 ly h\u1ee3p \u01b0\u1edbt ho\u1eb7c kh\u00f4, \u0111\u1ed9ng c\u01a1 c\u00f3 ho\u1eb7c kh\u00f4ng c\u00f3 b\u1ed9 chuy\u1ec3n \u0111\u1ed5i x\u00fac t\u00e1c<\/p>\n<p><strong>L\u1ee3i \u00edch:\u00a0<\/strong><br \/>\nB\u1ea3o v\u1ec7 ch\u1ed1ng m\u00f2n tuy\u1ec7t h\u1ea3o<br \/>\nT\u1ed1i \u01b0u ki\u1ec3m so\u00e1t c\u1eb7n b\u00e1m<br \/>\nT\u1ed1i \u01b0u b\u1ea3o v\u1ec7 ch\u1ed1ng oxy ho\u00e1<br \/>\nB\u1ea3o v\u1ec7 ch\u1ed1ng g\u1ec9 t\u1ed1t<\/p>\n<p><strong>Th\u1ec3 t\u00edch: <\/strong>0.8L, 1L<\/p>\n<p><strong>C\u1ea5p \u0111\u1ed9 nh\u1edbt:\u00a0<\/strong>SAE 5W-40<\/p>\n<p><strong>Ti\u00eau chu\u1ea9n:<\/strong> API SL | JASO MA\/MA2<\/p>\n<p><strong>Th\u00e0nh ph\u1ea7n:<\/strong> D\u1ea7u t\u1ed5ng h\u1ee3p v\u00e0 ph\u1ee5 gia<\/p>\n<p><strong>Th\u00f4ng tin c\u1ea3nh b\u00e1o:<\/strong> B\u1ea3o qu\u1ea3n n\u01a1i kh\u00f4 r\u00e1o, tr\u00e1nh xa t\u1ea7m tay tr\u1ebb em, kh\u00f4ng \u0111\u01b0\u1ee3c u\u1ed1ng.<\/p>\n<p><strong>S\u1ea3n xu\u1ea5t v\u00e0 \u0111\u00f3ng g\u00f3i b\u1edfi:\u00a0C\u00f4ng ty TNHH Anglomoil Vi\u1ec7t Nam<\/strong><br \/>\n\u0110\u1ecba ch\u1ec9: \u0110\u01b0\u1eddng s\u1ed1 1, KCN Nh\u01a1n Tr\u1ea1ch 1, X\u00e3 Ph\u01b0\u1edbc Thi\u1ec1n, Huy\u1ec7n Nh\u01a1n Tr\u1ea1ch, T\u1ec9nh \u0110\u1ed3ng Nai.<br \/>\nHotline : <a href=\"tel: 18006149\"><strong>1800.6149<\/strong><\/a><br \/>\nEmail: <a href=\"mailto:cskh@anglomoil.vn\">cskh@anglomoil.vn<\/a><\/p>\n","protected":false},"excerpt":{"rendered":"<p><span data-sheets-value=\"{&quot;1&quot;:2,&quot;2&quot;:&quot;D\u1ea7u t\u1ed5ng h\u1ee3p 100% to\u00e0n ph\u1ea7n v\u1edbi c\u00f4ng ngh\u1ec7 Ester \u0111\u01b0\u1ee3c thi\u1ebft k\u1ebf cho d\u00f2ng xe ph\u00e2n kh\u1ed1i l\u1edbn v\u00e0 moto \u0111ua. S\u1ea3n ph\u1ea9m \u0111\u01b0\u1ee3c t\u1ed1i \u01b0u h\u00f3a \u0111\u1ec3 b\u1ea3o v\u1ec7 \u0111\u1ed9ng c\u01a1 m\u1ed9t c\u00e1ch ho\u00e0n h\u1ea3o v\u00e0 \u0111em l\u1ea1i hi\u1ec7u su\u1ea5t cao nh\u1ea5t, gi\u1ea3m \u0111\u1ed9 rung v\u00e0 ti\u1ebfng \u1ed3n trong \u0111\u1ed9ng c\u01a1, gi\u1eef \u0111\u1ed9 nh\u1edbt \u1ed5n \u0111\u1ecbnh trong h\u00e0nh tr\u00ecnh d\u00e0i, b\u1ea3o v\u1ec7 \u0111\u1ed9ng c\u01a1 \u1edf nhi\u1ec7t \u0111\u1ed9 cao, gi\u00fap xe kh\u1edfi \u0111\u1ed9ng nhanh v\u00e0 ho\u1ea1t \u0111\u1ed9ng m\u1ea1nh m\u1ebd.&quot;}\" data-sheets-userformat=\"{&quot;2&quot;:12797,&quot;3&quot;:{&quot;1&quot;:0,&quot;3&quot;:1},&quot;5&quot;:{&quot;1&quot;:[{&quot;1&quot;:2,&quot;2&quot;:0,&quot;5&quot;:{&quot;1&quot;:2,&quot;2&quot;:0}},{&quot;1&quot;:0,&quot;2&quot;:0,&quot;3&quot;:3},{&quot;1&quot;:1,&quot;2&quot;:0,&quot;4&quot;:1}]},&quot;6&quot;:{&quot;1&quot;:[{&quot;1&quot;:2,&quot;2&quot;:0,&quot;5&quot;:{&quot;1&quot;:2,&quot;2&quot;:0}},{&quot;1&quot;:0,&quot;2&quot;:0,&quot;3&quot;:3},{&quot;1&quot;:1,&quot;2&quot;:0,&quot;4&quot;:1}]},&quot;7&quot;:{&quot;1&quot;:[{&quot;1&quot;:2,&quot;2&quot;:0,&quot;5&quot;:{&quot;1&quot;:2,&quot;2&quot;:0}},{&quot;1&quot;:0,&quot;2&quot;:0,&quot;3&quot;:3},{&quot;1&quot;:1,&quot;2&quot;:0,&quot;4&quot;:1}]},&quot;8&quot;:{&quot;1&quot;:[{&quot;1&quot;:2,&quot;2&quot;:0,&quot;5&quot;:{&quot;1&quot;:2,&quot;2&quot;:0}},{&quot;1&quot;:0,&quot;2&quot;:0,&quot;3&quot;:3},{&quot;1&quot;:1,&quot;2&quot;:0,&quot;4&quot;:1}]},&quot;9&quot;:0,&quot;10&quot;:1,&quot;11&quot;:4,&quot;15&quot;:&quot;Arial&quot;,&quot;16&quot;:10}\">D\u1ea7u t\u1ed5ng h\u1ee3p 100% to\u00e0n ph\u1ea7n v\u1edbi c\u00f4ng ngh\u1ec7 Ester \u0111\u01b0\u1ee3c thi\u1ebft k\u1ebf cho d\u00f2ng xe ph\u00e2n kh\u1ed1i l\u1edbn v\u00e0 moto \u0111ua. S\u1ea3n ph\u1ea9m \u0111\u01b0\u1ee3c t\u1ed1i \u01b0u h\u00f3a \u0111\u1ec3 b\u1ea3o v\u1ec7 \u0111\u1ed9ng c\u01a1 m\u1ed9t c\u00e1ch ho\u00e0n h\u1ea3o v\u00e0 \u0111em l\u1ea1i hi\u1ec7u su\u1ea5t cao nh\u1ea5t, gi\u1ea3m \u0111\u1ed9 rung v\u00e0 ti\u1ebfng \u1ed3n trong \u0111\u1ed9ng c\u01a1, gi\u1eef \u0111\u1ed9 nh\u1edbt \u1ed5n \u0111\u1ecbnh trong h\u00e0nh tr\u00ecnh d\u00e0i, b\u1ea3o v\u1ec7 \u0111\u1ed9ng c\u01a1 \u1edf nhi\u1ec7t \u0111\u1ed9 cao, gi\u00fap xe kh\u1edfi \u0111\u1ed9ng nhanh v\u00e0 ho\u1ea1t \u0111\u1ed9ng m\u1ea1nh m\u1ebd.<\/span><\/p>\n<p><strong>Th\u1ec3 t\u00edch: <\/strong>0.8L, 1L<\/p>\n<p><strong>C\u1ea5p \u0111\u1ed9 nh\u1edbt:\u00a0<\/strong>SAE 5W-40<\/p>\n","protected":false},"featured_media":9356,"comment_status":"closed","ping_status":"closed","template":"","meta":{"_acf_changed":false},"class_list":["post-9688","product","type-product","status-publish","has-post-thumbnail","hentry","product_cat-products"],"acf":[],"_links":{"self":[{"href":"https:\/\/anglomoil.com.vn\/en\/wp-json\/wp\/v2\/product\/9688","targetHints":{"allow":["GET"]}}],"collection":[{"href":"https:\/\/anglomoil.com.vn\/en\/wp-json\/wp\/v2\/product"}],"about":[{"href":"https:\/\/anglomoil.com.vn\/en\/wp-json\/wp\/v2\/types\/product"}],"replies":[{"embeddable":true,"href":"https:\/\/anglomoil.com.vn\/en\/wp-json\/wp\/v2\/comments?post=9688"}],"wp:featuredmedia":[{"embeddable":true,"href":"https:\/\/anglomoil.com.vn\/en\/wp-json\/wp\/v2\/media\/9356"}],"wp:attachment":[{"href":"https:\/\/anglomoil.com.vn\/en\/wp-json\/wp\/v2\/media?parent=9688"}],"curies":[{"name":"wp","href":"https:\/\/api.w.org\/{rel}","templated":true}]}}