{"id":9684,"date":"2023-11-02T10:46:56","date_gmt":"2023-11-02T03:46:56","guid":{"rendered":"https:\/\/heboracollagen.shop\/san-pham\/scooter-racing-s-sae-5w-40\/"},"modified":"2026-01-23T10:02:07","modified_gmt":"2026-01-23T03:02:07","slug":"scooter-racing-s-sae-5w-40","status":"publish","type":"product","link":"https:\/\/anglomoil.com.vn\/en\/product\/scooter-racing-s-sae-5w-40\/","title":{"rendered":"SCOOTER RACING S SAE 5W-40"},"content":{"rendered":"<p><span data-sheets-value=\"{&quot;1&quot;:2,&quot;2&quot;:&quot;D\u1ea7u t\u1ed5ng h\u1ee3p 100% to\u00e0n ph\u1ea7n hi\u1ec7u su\u1ea5t cao k\u1ebft h\u1ee3p c\u00f4ng ngh\u1ec7 Ester d\u00e0nh cho c\u00e1c d\u00f2ng xe tay ga, \u0111em l\u1ea1i hi\u1ec7u qu\u1ea3 v\u00e0 \u0111\u00e1p \u1ee9ng y\u00eau c\u1ea7u \u1edf \u0111i\u1ec1u ki\u1ec7n kh\u1eafc nghi\u1ec7t, ki\u1ec3m so\u00e1t t\u1ed1t s\u1ef1 ti\u00eau hao nh\u1edbt v\u00e0 ho\u1ea1t \u0111\u1ed9ng t\u1ed1t \u1edf nhi\u1ec7t \u0111\u1ed9 cao. Th\u00e0nh ph\u1ea7n ph\u1ee5 gia \u0111\u1eb7c bi\u1ec7t gi\u00fap l\u00e0m s\u1ea1ch \u0111\u1ed9ng c\u01a1, k\u00e9o d\u00e0i tu\u1ed5i th\u1ecd, t\u0103ng chu k\u1ef3 thay nh\u1edbt.&quot;}\" data-sheets-userformat=\"{&quot;2&quot;:12797,&quot;3&quot;:{&quot;1&quot;:0,&quot;3&quot;:1},&quot;5&quot;:{&quot;1&quot;:[{&quot;1&quot;:2,&quot;2&quot;:0,&quot;5&quot;:{&quot;1&quot;:2,&quot;2&quot;:0}},{&quot;1&quot;:0,&quot;2&quot;:0,&quot;3&quot;:3},{&quot;1&quot;:1,&quot;2&quot;:0,&quot;4&quot;:1}]},&quot;6&quot;:{&quot;1&quot;:[{&quot;1&quot;:2,&quot;2&quot;:0,&quot;5&quot;:{&quot;1&quot;:2,&quot;2&quot;:0}},{&quot;1&quot;:0,&quot;2&quot;:0,&quot;3&quot;:3},{&quot;1&quot;:1,&quot;2&quot;:0,&quot;4&quot;:1}]},&quot;7&quot;:{&quot;1&quot;:[{&quot;1&quot;:2,&quot;2&quot;:0,&quot;5&quot;:{&quot;1&quot;:2,&quot;2&quot;:0}},{&quot;1&quot;:0,&quot;2&quot;:0,&quot;3&quot;:3},{&quot;1&quot;:1,&quot;2&quot;:0,&quot;4&quot;:1}]},&quot;8&quot;:{&quot;1&quot;:[{&quot;1&quot;:2,&quot;2&quot;:0,&quot;5&quot;:{&quot;1&quot;:2,&quot;2&quot;:0}},{&quot;1&quot;:0,&quot;2&quot;:0,&quot;3&quot;:3},{&quot;1&quot;:1,&quot;2&quot;:0,&quot;4&quot;:1}]},&quot;9&quot;:0,&quot;10&quot;:1,&quot;11&quot;:4,&quot;15&quot;:&quot;Arial&quot;,&quot;16&quot;:10}\">D\u1ea7u t\u1ed5ng h\u1ee3p 100% to\u00e0n ph\u1ea7n hi\u1ec7u su\u1ea5t cao k\u1ebft h\u1ee3p c\u00f4ng ngh\u1ec7 Ester d\u00e0nh cho c\u00e1c d\u00f2ng xe tay ga, \u0111em l\u1ea1i hi\u1ec7u qu\u1ea3 v\u00e0 \u0111\u00e1p \u1ee9ng y\u00eau c\u1ea7u \u1edf \u0111i\u1ec1u ki\u1ec7n kh\u1eafc nghi\u1ec7t, ki\u1ec3m so\u00e1t t\u1ed1t s\u1ef1 ti\u00eau hao nh\u1edbt v\u00e0 ho\u1ea1t \u0111\u1ed9ng t\u1ed1t \u1edf nhi\u1ec7t \u0111\u1ed9 cao. Th\u00e0nh ph\u1ea7n ph\u1ee5 gia \u0111\u1eb7c bi\u1ec7t gi\u00fap l\u00e0m s\u1ea1ch \u0111\u1ed9ng c\u01a1, k\u00e9o d\u00e0i tu\u1ed5i th\u1ecd, t\u0103ng chu k\u1ef3 thay nh\u1edbt.<\/span><\/p>\n<p><strong>L\u1ee3i \u00edch:<\/strong><br \/>\nScooter Racing S l\u00e0 m\u1ed9t lo\u1ea1i d\u1ea7u xe tay ga t\u1ed5ng h\u1ee3p ho\u00e0n h\u1ea3o v\u00e0 cung c\u1ea5p c\u00e1c t\u00ednh n\u0103ng sau:<br \/>\nB\u1ea3o v\u1ec7 ch\u1ed1ng m\u00e0i m\u00f2n tuy\u1ec7t v\u1eddi<br \/>\nKi\u1ec3m so\u00e1t c\u1eb7n b\u00e1m<br \/>\nB\u1ea3o v\u1ec7 ch\u1ed1ng oxy h\u00f3a<br \/>\nB\u1ea3o v\u1ec7 ch\u1ed1ng g\u1ec9<\/p>\n<p><strong>T\u00ednh n\u0103ng v\u00e0 khuy\u1ebfn ngh\u1ecb:<\/strong><br \/>\nScooter Racing S \u0111\u01b0\u1ee3c khuy\u00ean d\u00f9ng cho: Xe tay ga b\u1ed1n th\u00ec c\u00f3 \u0111\u1ed9ng c\u01a1 m\u1edbi nh\u1ea5t<br \/>\nXe tay ga 4 th\u00ec c\u00f3 \u0111\u1ed9ng c\u01a1 l\u00e0m m\u00e1t b\u1eb1ng kh\u00ed v\u00e0 \u0111\u1ed9ng c\u01a1 l\u00e0m m\u00e1t b\u1eb1ng ch\u1ea5t l\u1ecfng \u0110\u1eb7c bi\u1ec7t th\u00edch h\u1ee3p cho xe tay ga hi\u1ec7u su\u1ea5t cao c\u1ee7a Nh\u1eadt B\u1ea3n<br \/>\nXe tay ga c\u00f3 b\u1ed9 chuy\u1ec3n \u0111\u1ed5i x\u00fac t\u00e1c kh\u00ed th\u1ea3i<\/p>\n<p>Scooter Racing S 5W-40 \u0111\u01b0\u1ee3c thi\u1ebft k\u1ebf \u0111\u1eb7c bi\u1ec7t v\u1edbi c\u00e1c ch\u1ea5t t\u1ea9y r\u1eeda Metallic-Organo m\u1edbi nh\u1ea5t \u0111\u1ec3 duy tr\u00ec s\u1ef1 s\u1ea1ch s\u1ebd trong \u0111\u1ed9ng c\u01a1 \u1edf nh\u1eefng \u0111i\u1ec1u ki\u1ec7n kh\u1eafc nghi\u1ec7t nh\u1ea5t. Hi\u1ec7u qu\u1ea3 c\u1ee7a n\u00f3 \u0111\u01b0\u1ee3c t\u0103ng c\u01b0\u1eddng b\u1edfi c\u00e1c ch\u1ea5t b\u00f4i tr\u01a1n t\u1ed5ng h\u1ee3p \u0111\u01b0\u1ee3c ch\u1ecdn l\u1ecdc \u0111\u1eb7c bi\u1ec7t v\u00e0 c\u00e1c ch\u1ea5t ch\u1ed1ng oxy ho\u00e1. Ho\u1ea1t ch\u1ea5t EP v\u00e0 c\u00e1c ch\u1ea5t ph\u00e2n t\u00e1n l\u00e0m \u1ee9c ch\u1ebf m\u00e0i m\u00f2n \u1edf m\u1ee9c t\u1ed1i thi\u1ec3u trong \u0111\u1ed9ng c\u01a1 v\u00e0 gi\u1ea3m hao ph\u00ed nhi\u00ean li\u1ec7u g\u00f3p ph\u1ea7n k\u00e9o d\u00e0i tu\u1ed5i th\u1ecd v\u00e0 gi\u1ea3m chi ph\u00ed b\u1ea3o tr\u00ec. S\u1ef1 k\u1ebft h\u1ee3p v\u1edbi c\u00e1c Este hi\u1ec7u n\u0103ng cao \u0111\u1ec3 \u0111\u1ea3m b\u1ea3o tuy\u1ec7t \u0111\u1ed1i hi\u1ec7u su\u1ea5t c\u1ee7a s\u1ea3n ph\u1ea9m. Scooter Racing S l\u00e0 m\u1ed9t ch\u1ea5t b\u00f4i tr\u01a1n chu\u1ea9n JASO MB \u0111\u01b0\u1ee3c ch\u1ebf t\u1ea1o v\u1edbi c\u00e1c b\u1ed9 ph\u1eadn \u0111i\u1ec1u ch\u1ec9nh ma s\u00e1t \u0111\u1ec3 gi\u00fap ti\u1ebft ki\u1ec7m nhi\u00ean li\u1ec7u h\u01a1n trong c\u00e1c \u1ee9ng d\u1ee5ng T\u1ef1 \u0110\u1ed9ng (Scooter). D\u1ea7u JASO MB nh\u01b0 m\u1ed9t l\u1edbp c\u00f3 \u0111\u1ed9 ma s\u00e1t t\u01b0\u01a1ng \u0111\u1ed1i th\u1ea5p, \u0111i\u1ec3n h\u00ecnh \u0111\u1ea1t \u0111\u01b0\u1ee3c th\u00f4ng qua vi\u1ec7c bao g\u1ed3m c\u00e1c b\u1ed9 \u0111i\u1ec1u ch\u1ec9nh ma s\u00e1t. \u0110\u1ed9 ma s\u00e1t th\u1ea5p h\u1ed7 tr\u1ee3 t\u1ed1i \u0111a h\u00f3a hi\u1ec7u su\u1ea5t c\u1ee7a \u0111\u1ed9ng c\u01a1, gi\u1ea3m \u0111\u1ed9 ma s\u00e1t \u0111\u1ed9ng c\u01a1 cho ph\u00e9p c\u1ea3i thi\u1ec7n ti\u1ebft ki\u1ec7m nhi\u00ean li\u1ec7u ho\u1eb7c gi\u00fap hi\u1ec7u n\u0103ng cao h\u01a1n, th\u01b0\u1eddng \u0111\u01b0\u1ee3c th\u1ef1c hi\u1ec7n nh\u01b0 gia t\u1ed1c t\u1ed1t h\u01a1n.<\/p>\n<p><strong>Th\u1ec3 t\u00edch: <\/strong>0.8L, 1L<\/p>\n<p><strong>C\u1ea5p \u0111\u1ed9 nh\u1edbt:\u00a0<\/strong>SAE 5W-40<\/p>\n<p><strong>Ti\u00eau chu\u1ea9n:<\/strong> API SL | JASO MB<\/p>\n<p><strong>Th\u00e0nh ph\u1ea7n:<\/strong> D\u1ea7u t\u1ed5ng h\u1ee3p v\u00e0 ph\u1ee5 gia<\/p>\n<p><strong>Th\u00f4ng tin c\u1ea3nh b\u00e1o:<\/strong><br \/>\nB\u1ea3o qu\u1ea3n n\u01a1i kh\u00f4 r\u00e1o, tr\u00e1nh xa t\u1ea7m tay tr\u1ebb em, kh\u00f4ng \u0111\u01b0\u1ee3c u\u1ed1ng.<\/p>\n<p><strong>S\u1ea3n xu\u1ea5t v\u00e0 \u0111\u00f3ng g\u00f3i b\u1edfi:\u00a0C\u00f4ng ty TNHH Anglomoil Vi\u1ec7t Nam<\/strong><br \/>\n\u0110\u1ecba ch\u1ec9: \u0110\u01b0\u1eddng s\u1ed1 1, KCN Nh\u01a1n Tr\u1ea1ch 1, X\u00e3 Ph\u01b0\u1edbc Thi\u1ec1n, Huy\u1ec7n Nh\u01a1n Tr\u1ea1ch, T\u1ec9nh \u0110\u1ed3ng Nai.<br \/>\nHotline : <a href=\"tel: 18006149\"><strong>1800.6149<\/strong><\/a><br \/>\nEmail: <a href=\"mailto:cskh@anglomoil.vn\">cskh@anglomoil.vn<\/a><\/p>\n","protected":false},"excerpt":{"rendered":"<p><span data-sheets-value=\"{&quot;1&quot;:2,&quot;2&quot;:&quot;D\u1ea7u t\u1ed5ng h\u1ee3p 100% to\u00e0n ph\u1ea7n hi\u1ec7u su\u1ea5t cao k\u1ebft h\u1ee3p c\u00f4ng ngh\u1ec7 Ester d\u00e0nh cho c\u00e1c d\u00f2ng xe tay ga, \u0111em l\u1ea1i hi\u1ec7u qu\u1ea3 v\u00e0 \u0111\u00e1p \u1ee9ng y\u00eau c\u1ea7u \u1edf \u0111i\u1ec1u ki\u1ec7n kh\u1eafc nghi\u1ec7t, ki\u1ec3m so\u00e1t t\u1ed1t s\u1ef1 ti\u00eau hao nh\u1edbt v\u00e0 ho\u1ea1t \u0111\u1ed9ng t\u1ed1t \u1edf nhi\u1ec7t \u0111\u1ed9 cao. Th\u00e0nh ph\u1ea7n ph\u1ee5 gia \u0111\u1eb7c bi\u1ec7t gi\u00fap l\u00e0m s\u1ea1ch \u0111\u1ed9ng c\u01a1, k\u00e9o d\u00e0i tu\u1ed5i th\u1ecd, t\u0103ng chu k\u1ef3 thay nh\u1edbt.&quot;}\" data-sheets-userformat=\"{&quot;2&quot;:12797,&quot;3&quot;:{&quot;1&quot;:0,&quot;3&quot;:1},&quot;5&quot;:{&quot;1&quot;:[{&quot;1&quot;:2,&quot;2&quot;:0,&quot;5&quot;:{&quot;1&quot;:2,&quot;2&quot;:0}},{&quot;1&quot;:0,&quot;2&quot;:0,&quot;3&quot;:3},{&quot;1&quot;:1,&quot;2&quot;:0,&quot;4&quot;:1}]},&quot;6&quot;:{&quot;1&quot;:[{&quot;1&quot;:2,&quot;2&quot;:0,&quot;5&quot;:{&quot;1&quot;:2,&quot;2&quot;:0}},{&quot;1&quot;:0,&quot;2&quot;:0,&quot;3&quot;:3},{&quot;1&quot;:1,&quot;2&quot;:0,&quot;4&quot;:1}]},&quot;7&quot;:{&quot;1&quot;:[{&quot;1&quot;:2,&quot;2&quot;:0,&quot;5&quot;:{&quot;1&quot;:2,&quot;2&quot;:0}},{&quot;1&quot;:0,&quot;2&quot;:0,&quot;3&quot;:3},{&quot;1&quot;:1,&quot;2&quot;:0,&quot;4&quot;:1}]},&quot;8&quot;:{&quot;1&quot;:[{&quot;1&quot;:2,&quot;2&quot;:0,&quot;5&quot;:{&quot;1&quot;:2,&quot;2&quot;:0}},{&quot;1&quot;:0,&quot;2&quot;:0,&quot;3&quot;:3},{&quot;1&quot;:1,&quot;2&quot;:0,&quot;4&quot;:1}]},&quot;9&quot;:0,&quot;10&quot;:1,&quot;11&quot;:4,&quot;15&quot;:&quot;Arial&quot;,&quot;16&quot;:10}\">D\u1ea7u t\u1ed5ng h\u1ee3p 100% to\u00e0n ph\u1ea7n hi\u1ec7u su\u1ea5t cao k\u1ebft h\u1ee3p c\u00f4ng ngh\u1ec7 Ester d\u00e0nh cho c\u00e1c d\u00f2ng xe tay ga, \u0111em l\u1ea1i hi\u1ec7u qu\u1ea3 v\u00e0 \u0111\u00e1p \u1ee9ng y\u00eau c\u1ea7u \u1edf \u0111i\u1ec1u ki\u1ec7n kh\u1eafc nghi\u1ec7t, ki\u1ec3m so\u00e1t t\u1ed1t s\u1ef1 ti\u00eau hao nh\u1edbt v\u00e0 ho\u1ea1t \u0111\u1ed9ng t\u1ed1t \u1edf nhi\u1ec7t \u0111\u1ed9 cao. Th\u00e0nh ph\u1ea7n ph\u1ee5 gia \u0111\u1eb7c bi\u1ec7t gi\u00fap l\u00e0m s\u1ea1ch \u0111\u1ed9ng c\u01a1, k\u00e9o d\u00e0i tu\u1ed5i th\u1ecd, t\u0103ng chu k\u1ef3 thay nh\u1edbt.<\/span><\/p>\n<p><strong>C\u1ea5p \u0111\u1ed9 nh\u1edbt:\u00a0<\/strong>SAE 5W-40<\/p>\n<p><strong>Ti\u00eau chu\u1ea9n:<\/strong> API SL | JASO MB<\/p>\n","protected":false},"featured_media":9340,"comment_status":"closed","ping_status":"closed","template":"","meta":{"_acf_changed":false},"class_list":["post-9684","product","type-product","status-publish","has-post-thumbnail","hentry","product_cat-scooter-lubricants","product_cat-products"],"acf":[],"_links":{"self":[{"href":"https:\/\/anglomoil.com.vn\/en\/wp-json\/wp\/v2\/product\/9684","targetHints":{"allow":["GET"]}}],"collection":[{"href":"https:\/\/anglomoil.com.vn\/en\/wp-json\/wp\/v2\/product"}],"about":[{"href":"https:\/\/anglomoil.com.vn\/en\/wp-json\/wp\/v2\/types\/product"}],"replies":[{"embeddable":true,"href":"https:\/\/anglomoil.com.vn\/en\/wp-json\/wp\/v2\/comments?post=9684"}],"wp:featuredmedia":[{"embeddable":true,"href":"https:\/\/anglomoil.com.vn\/en\/wp-json\/wp\/v2\/media\/9340"}],"wp:attachment":[{"href":"https:\/\/anglomoil.com.vn\/en\/wp-json\/wp\/v2\/media?parent=9684"}],"curies":[{"name":"wp","href":"https:\/\/api.w.org\/{rel}","templated":true}]}}