{"id":9678,"date":"2023-11-02T10:48:32","date_gmt":"2023-11-02T03:48:32","guid":{"rendered":"https:\/\/heboracollagen.shop\/san-pham\/heatrans-oil\/"},"modified":"2023-11-02T10:48:32","modified_gmt":"2023-11-02T03:48:32","slug":"heatrans-oil","status":"publish","type":"product","link":"https:\/\/anglomoil.com.vn\/en\/product\/heatrans-oil\/","title":{"rendered":"HEATRANS OIL"},"content":{"rendered":"<p style=\"font-weight: 400;\"><strong>HEATRANS OIL<\/strong><strong>\u00a0<\/strong>l\u00e0 d\u1ea7u truy\u1ec1n nhi\u1ec7t ch\u1ea5t l\u01b0\u1ee3ng cao, \u0111\u01b0\u1ee3c pha ch\u1ebf t\u1eeb d\u1ea7u g\u1ed1c s\u1ea1ch ch\u1ecdn l\u1ecdc c\u00f9ng v\u1edbi h\u1ec7 ph\u1ee5 gia cao c\u1ea5p \u0111\u1ec3 \u0111\u00e1p \u1ee9ng kh\u1ea3 n\u0103ng trao \u0111\u1ed5i nhi\u1ec7t t\u1ed1t nh\u1ea5t cho h\u1ec7 th\u1ed1ng truy\u1ec1n nhi\u1ec7t gi\u00e1n ti\u1ebfp kh\u00e9p k\u00edn.<\/p>\n<p style=\"font-weight: 400;\"><strong>T\u00cdNH N\u0102NG:<\/strong><br \/>\n&#8211; T\u1ed1c \u0111\u1ed9 h\u1ea5p th\u1ee5 c\u0169ng nh\u01b0 truy\u1ec1n nhi\u1ec7t r\u1ea5t nhanh.<br \/>\n&#8211; \u0110\u1ed9 nh\u1edbt t\u1ed1i \u01b0u, \u0111\u1ea3m b\u1ea3o t\u00ednh lu\u00e2n chuy\u1ec3n v\u00e0 truy\u1ec1n nhi\u1ec7t ho\u00e0n h\u1ea3o.<br \/>\n&#8211; Ch\u1ed1ng oxy h\u00f3a, ch\u1ed1ng \u0103n m\u00f2n tuy\u1ec7t v\u1eddi.<br \/>\n&#8211; Ch\u1ed1ng l\u1ea1i s\u1ef1 h\u00ecnh th\u00e0nh c\u1eb7n trong qu\u00e1 tr\u00ecnh s\u1eed d\u1ee5ng.<br \/>\n&#8211; D\u1ea7u c\u00f3 \u0111\u1ed9 b\u1ec1n cao, k\u00e9o d\u00e0i th\u1eddi gian s\u1eed d\u1ee5ng, ti\u1ebft ki\u1ec7m chi ph\u00ed.<br \/>\n&#8211; \u00c1p su\u1ea5t h\u01a1i th\u1ea5p.<br \/>\n&#8211; Kh\u00f4ng \u0111\u1ed9c h\u1ea1i.<\/p>\n<p><b>DUNG T\u00cdCH: <\/b>18L, 20L, 200L, 1000L<\/p>\n<p><b>C\u1ea4P \u0110\u1ed8: <\/b>ISO VG 32, 46, 68, 100<\/p>\n<p style=\"font-weight: 400;\"><strong>\u1ee8NG D\u1ee4NG:<\/strong><br \/>\n&#8211; HEATRANS OIL \u0111\u01b0\u1ee3c khuy\u1ebfn c\u00e1o s\u1eed d\u1ee5ng trong c\u00e1c h\u1ec7 th\u1ed1ng truy\u1ec1n nhi\u1ec7t gi\u00e1n ti\u1ebfp kh\u00e9p k\u00edn.<br \/>\n&#8211; HEATRANS OIL \u0111\u00e1p \u1ee9ng \u0111\u01b0\u1ee3c y\u00eau c\u1ea7u l\u00e0m vi\u1ec7c c\u1ee7a c\u00e1c h\u1ec7 th\u1ed1ng truy\u1ec1n nhi\u1ec7t c\u00f3 nhi\u1ec7t \u0111\u1ed9 l\u00ean \u0111\u1ebfn 300<sup>o<\/sup>C<\/p>\n<p style=\"font-weight: 400;\"><strong>TH\u00d4NG TIN C\u1ea2NH B\u00c1O:<\/strong><br \/>\n&#8211; B\u1ea3o qu\u1ea3n n\u01a1i kh\u00f4 r\u00e1o, tr\u00e1nh xa ngu\u1ed3n nhi\u1ec7t.<br \/>\n&#8211; Tr\u00e1nh xa t\u1ea7m tay tr\u1ebb em. Kh\u00f4ng \u0111\u01b0\u1ee3c u\u1ed1ng.<\/p>\n<p style=\"font-weight: 400;\"><strong>AN TO\u00c0N M\u00d4I TR\u01af\u1edcNG:<\/strong><br \/>\n&#8211; Thu gom v\u00e0 t\u1eadp trung d\u1ea7u \u0111\u00e3 qua s\u1eed d\u1ee5ng \u0111\u00fang n\u01a1i quy \u0111\u1ecbnh.<br \/>\n&#8211; Tuy\u1ec7t \u0111\u1ed1i kh\u00f4ng th\u1ea3i ra m\u1eb7t \u0111\u1ea5t, c\u00e1c ngu\u1ed3n n\u01b0\u1edbc, c\u1ed1ng r\u00e3nh, \u2026<\/p>\n<p><strong>S\u1ea3n xu\u1ea5t v\u00e0 \u0111\u00f3ng g\u00f3i b\u1edfi: <\/strong><strong>C\u00f4ng ty TNHH Anglomoil Vi\u1ec7t Nam<\/strong><br \/>\n\u0110\u1ecba ch\u1ec9: \u0110\u01b0\u1eddng s\u1ed1 1, KCN Nh\u01a1n Tr\u1ea1ch 1, X\u00e3 Ph\u01b0\u1edbc Thi\u1ec1n, Huy\u1ec7n Nh\u01a1n Tr\u1ea1ch, T\u1ec9nh \u0110\u1ed3ng Nai.<br \/>\nHotline : <strong><a href=\"tel: 18006149\">1800.6149<\/a><\/strong><br \/>\nEmail: <a href=\"mailto:cskh@anglomoil.vn\">cskh@anglomoil.vn<\/a><\/p>\n","protected":false},"excerpt":{"rendered":"<p><strong>T\u00cdNH N\u0102NG:<\/strong><br \/>\n&#8211; T\u1ed1c \u0111\u1ed9 h\u1ea5p th\u1ee5 c\u0169ng nh\u01b0 truy\u1ec1n nhi\u1ec7t r\u1ea5t nhanh.<br \/>\n&#8211; \u0110\u1ed9 nh\u1edbt t\u1ed1i \u01b0u, \u0111\u1ea3m b\u1ea3o t\u00ednh lu\u00e2n chuy\u1ec3n v\u00e0 truy\u1ec1n nhi\u1ec7t ho\u00e0n h\u1ea3o.<br \/>\n&#8211; Ch\u1ed1ng oxy h\u00f3a, ch\u1ed1ng \u0103n m\u00f2n tuy\u1ec7t v\u1eddi.<br \/>\n&#8211; Ch\u1ed1ng l\u1ea1i s\u1ef1 h\u00ecnh th\u00e0nh c\u1eb7n trong qu\u00e1 tr\u00ecnh s\u1eed d\u1ee5ng.<br \/>\n&#8211; D\u1ea7u c\u00f3 \u0111\u1ed9 b\u1ec1n cao, k\u00e9o d\u00e0i th\u1eddi gian s\u1eed d\u1ee5ng, ti\u1ebft ki\u1ec7m chi ph\u00ed.<br \/>\n&#8211; \u00c1p su\u1ea5t h\u01a1i th\u1ea5p.<br \/>\n&#8211; Kh\u00f4ng \u0111\u1ed9c h\u1ea1i.<\/p>\n<p><b>C\u1ea4P \u0110\u1ed8: <\/b>ISO VG 32, 46, 68, 100<\/p>\n<p><b>DUNG T\u00cdCH: <\/b>18L, 20L, 200L, 1000L<\/p>\n","protected":false},"featured_media":9634,"comment_status":"closed","ping_status":"closed","template":"","meta":{"_acf_changed":false},"class_list":["post-9678","product","type-product","status-publish","has-post-thumbnail","hentry","product_cat-industrial-lubricants","product_cat-products"],"acf":[],"_links":{"self":[{"href":"https:\/\/anglomoil.com.vn\/en\/wp-json\/wp\/v2\/product\/9678","targetHints":{"allow":["GET"]}}],"collection":[{"href":"https:\/\/anglomoil.com.vn\/en\/wp-json\/wp\/v2\/product"}],"about":[{"href":"https:\/\/anglomoil.com.vn\/en\/wp-json\/wp\/v2\/types\/product"}],"replies":[{"embeddable":true,"href":"https:\/\/anglomoil.com.vn\/en\/wp-json\/wp\/v2\/comments?post=9678"}],"wp:featuredmedia":[{"embeddable":true,"href":"https:\/\/anglomoil.com.vn\/en\/wp-json\/wp\/v2\/media\/9634"}],"wp:attachment":[{"href":"https:\/\/anglomoil.com.vn\/en\/wp-json\/wp\/v2\/media?parent=9678"}],"curies":[{"name":"wp","href":"https:\/\/api.w.org\/{rel}","templated":true}]}}