{"id":9667,"date":"2023-11-02T10:49:32","date_gmt":"2023-11-02T03:49:32","guid":{"rendered":"https:\/\/heboracollagen.shop\/san-pham\/soluble-cutting-ep\/"},"modified":"2023-11-02T10:49:32","modified_gmt":"2023-11-02T03:49:32","slug":"soluble-cutting-ep","status":"publish","type":"product","link":"https:\/\/anglomoil.com.vn\/en\/product\/soluble-cutting-ep\/","title":{"rendered":"SOLUBLE CUTTING EP"},"content":{"rendered":"<p style=\"font-weight: 400;\"><strong>SOLUBLE CUTTING OIL EP<\/strong><strong>\u00a0<\/strong>l\u00e0 s\u1ea3n ph\u1ea9m d\u1ea7u gia c\u00f4ng kim lo\u1ea1i t\u1ea1o h\u1ed7n h\u1ee3p nh\u0169 h\u00f3a v\u1edbi n\u01b0\u1edbc v\u1edbi t\u00ednh n\u0103ng b\u00f4i tr\u01a1n, ch\u1ed1ng g\u1ec9, ch\u1ed1ng t\u1ea1o b\u1ecdt, \u1ed5n \u0111\u1ecbnh nh\u1ee7 v\u00e0 kh\u00e1ng khu\u1ea9n t\u1ed1i \u01b0u, \u0111\u01b0\u1ee3c b\u1ed5 sung h\u1ec7 ph\u1ee5 gia c\u1ef1c \u00e1p gi\u00fap qu\u00e1 tr\u00ecnh gia c\u00f4ng t\u1ed1c \u0111\u1ed9 cao, \u00e1p l\u1ef1c l\u1edbn \u0111\u01b0\u1ee3c d\u1ec5 d\u00e0ng h\u01a1n, b\u1ea3o v\u1ec7 d\u1ee5ng c\u1ee5 v\u00e0 thi\u1ebft b\u1ecb t\u1ed1t h\u01a1n.<\/p>\n<p style=\"font-weight: 400;\"><strong>T\u00cdNH N\u0102NG:<br \/>\n<\/strong>&#8211; T\u0103ng c\u01b0\u1eddng kh\u1ea3 n\u0103ng b\u00f4i tr\u01a1n, ch\u1ecbu \u00e1p l\u1ef1c cao t\u0103ng tu\u1ed5i th\u1ecd d\u1ee5ng c\u1ee5, thi\u1ebft b\u1ecb.<br \/>\n&#8211; Kh\u1ea3 n\u0103ng t\u1ea9y r\u1eeda v\u00e0 l\u00e0m s\u1ea1ch tuy\u1ec7t v\u1eddi.<br \/>\n&#8211; Ch\u1ed1ng t\u1ea1o b\u1ecdt, ch\u1ed1ng \u0103n m\u00f2n v\u00e0 ch\u1ed1ng g\u00ec t\u1ed1i \u0111a.<br \/>\n&#8211; T\u1ea1o nh\u1ee7 t\u1ed1t v\u1edbi n\u01b0\u1edbc c\u00f3 \u0111\u1ed9 c\u1ee9ng cao, l\u00ean \u0111\u1ebfn 500 ppm.<br \/>\n&#8211; Gi\u00fap t\u1ea1o \u0111\u1ed9 b\u00f3ng cao tr\u00ean b\u1ec1 m\u1eb7t ph\u00f4i v\u00e0 \u0111\u1ed9 ch\u00ednh x\u00e1c cao sau khi gia c\u00f4ng.<br \/>\n&#8211; \u1ed4n \u0111\u1ecbnh nh\u1ee7 v\u00e0 ch\u1ed1ng khu\u1ea9n hi\u1ec7u qu\u1ea3, k\u00e9o d\u00e0i chu k\u1ef3 s\u1eed d\u1ee5ng, ti\u1ebft ki\u1ec7m chi ph\u00ed v\u00e0 nh\u00e2n l\u1ef1c.<br \/>\n&#8211; \u00cdt m\u00f9i, an to\u00e0n cho ng\u01b0\u1eddi s\u1eed d\u1ee5ng v\u00e0 m\u00f4i tr\u01b0\u1eddng.<\/p>\n<p style=\"font-weight: 400;\"><strong>\u1ee8NG D\u1ee4NG:<\/strong><br \/>\n&#8211; SOLUBLE CUTTING OIL EP\u0111\u01b0\u1ee3c khuy\u1ebfn c\u00e1o s\u1eed d\u1ee5ng tr\u00ean c\u00e1c m\u00e1y m\u00f3c thi\u1ebft b\u1ecb ti\u1ec7n, m\u00e1y CNC \u0111a tr\u1ee5c, trong t\u1ea5t c\u1ea3 c\u00e1c qu\u00e1 tr\u00ecnh gia c\u00f4ng kim lo\u1ea1i t\u1ed1c \u0111\u1ed9 cao s\u1eed d\u1ee5ng dung d\u1ecbch l\u00e0m m\u00e1t v\u00e0 b\u00f4i tr\u01a1n b\u1eb1ng h\u1ec7 nh\u1ee7 v\u1edbi \u00e1p l\u1ef1c l\u00e0m vi\u1ec7c t\u1eeb th\u1ea5p \u0111\u1ebfn r\u1ea5t cao nh\u01b0 phay, ti\u1ec7n, b\u00e0o, m\u00e0i, doa, taro, khoan, \u2026tr\u00ean c\u00e1c v\u1eadt li\u1ec7u r\u1ea5t c\u1ee9ng nh\u01b0 h\u1ee3p kim c\u1ee7a th\u00e9p, inox 304,\u2026.<br \/>\n<strong>&#8211; L\u01b0u \u00fd: SOLUBLE CUTTING OIL EP kh\u00f4ng \u0111\u01b0\u1ee3c khuy\u1ebfn c\u00e1o s\u1eed d\u1ee5ng cho gia c\u00f4ng kim lo\u1ea1i m\u00e0u.<\/strong><\/p>\n<p><strong>Dung t\u00edch:<\/strong>\u00a018L, 20L, 200L, 1000L<\/p>\n<p style=\"font-weight: 400;\"><strong>TH\u00d4NG TIN C\u1ea2NH B\u00c1O:<br \/>\n<\/strong>&#8211; B\u1ea3o qu\u1ea3n n\u01a1i kh\u00f4 r\u00e1o, tr\u00e1nh xa ngu\u1ed3n nhi\u1ec7t.<br \/>\n&#8211; Tr\u00e1nh xa t\u1ea7m tay tr\u1ebb em. Kh\u00f4ng \u0111\u01b0\u1ee3c u\u1ed1ng.<\/p>\n<p style=\"font-weight: 400;\"><strong>AN TO\u00c0N M\u00d4I TR\u01af\u1edcNG:<br \/>\n<\/strong>&#8211; Thu gom v\u00e0 t\u1eadp trung d\u1ea7u \u0111\u00e3 qua s\u1eed d\u1ee5ng \u0111\u00fang n\u01a1i quy \u0111\u1ecbnh.<br \/>\n&#8211; Tuy\u1ec7t \u0111\u1ed1i kh\u00f4ng th\u1ea3i ra m\u1eb7t \u0111\u1ea5t, c\u00e1c ngu\u1ed3n n\u01b0\u1edbc, c\u1ed1ng r\u00e3nh, \u2026<\/p>\n<p><strong>S\u1ea3n xu\u1ea5t v\u00e0 \u0111\u00f3ng g\u00f3i b\u1edfi: <\/strong><strong>C\u00f4ng ty TNHH Anglomoil Vi\u1ec7t Nam<\/strong><br \/>\n\u0110\u1ecba ch\u1ec9: \u0110\u01b0\u1eddng s\u1ed1 1, KCN Nh\u01a1n Tr\u1ea1ch 1, X\u00e3 Ph\u01b0\u1edbc Thi\u1ec1n, Huy\u1ec7n Nh\u01a1n Tr\u1ea1ch, T\u1ec9nh \u0110\u1ed3ng Nai.<br \/>\n\u0110i\u1ec7n tho\u1ea1i : <strong><a href=\"tel: 18006149\">1800.6149<\/a><\/strong><br \/>\nEmail: <a href=\"mailto:cskh@anglomoil.vn\">cskh@anglomoil.vn<\/a><\/p>\n<p>&nbsp;<\/p>\n","protected":false},"excerpt":{"rendered":"<p style=\"font-weight: 400;\"><strong>\u1ee8NG D\u1ee4NG:<br \/>\n<\/strong>&#8211; SOLUBLE CUTTING OIL EP\u0111\u01b0\u1ee3c khuy\u1ebfn c\u00e1o s\u1eed d\u1ee5ng tr\u00ean c\u00e1c m\u00e1y m\u00f3c thi\u1ebft b\u1ecb ti\u1ec7n, m\u00e1y CNC \u0111a tr\u1ee5c, trong t\u1ea5t c\u1ea3 c\u00e1c qu\u00e1 tr\u00ecnh gia c\u00f4ng kim lo\u1ea1i t\u1ed1c \u0111\u1ed9 cao s\u1eed d\u1ee5ng dung d\u1ecbch l\u00e0m m\u00e1t v\u00e0 b\u00f4i tr\u01a1n b\u1eb1ng h\u1ec7 nh\u1ee7 v\u1edbi \u00e1p l\u1ef1c l\u00e0m vi\u1ec7c t\u1eeb th\u1ea5p \u0111\u1ebfn r\u1ea5t cao nh\u01b0 phay, ti\u1ec7n, b\u00e0o, m\u00e0i, doa, taro, khoan, \u2026tr\u00ean c\u00e1c v\u1eadt li\u1ec7u r\u1ea5t c\u1ee9ng nh\u01b0 h\u1ee3p kim c\u1ee7a th\u00e9p, inox 304,\u2026.<\/p>\n<p style=\"font-weight: 400;\"><strong>&#8211; L\u01b0u \u00fd: SOLUBLE CUTTING OIL EP kh\u00f4ng \u0111\u01b0\u1ee3c khuy\u1ebfn c\u00e1o s\u1eed d\u1ee5ng cho gia c\u00f4ng kim lo\u1ea1i m\u00e0u.<\/strong><\/p>\n<p style=\"font-weight: 400;\"><strong>Dung t\u00edch:<\/strong>\u00a018L, 20L, 200L, 1000L<\/p>\n","protected":false},"featured_media":9634,"comment_status":"closed","ping_status":"closed","template":"","meta":{"_acf_changed":false},"class_list":["post-9667","product","type-product","status-publish","has-post-thumbnail","hentry","product_cat-industrial-lubricants","product_cat-products"],"acf":[],"_links":{"self":[{"href":"https:\/\/anglomoil.com.vn\/en\/wp-json\/wp\/v2\/product\/9667","targetHints":{"allow":["GET"]}}],"collection":[{"href":"https:\/\/anglomoil.com.vn\/en\/wp-json\/wp\/v2\/product"}],"about":[{"href":"https:\/\/anglomoil.com.vn\/en\/wp-json\/wp\/v2\/types\/product"}],"replies":[{"embeddable":true,"href":"https:\/\/anglomoil.com.vn\/en\/wp-json\/wp\/v2\/comments?post=9667"}],"wp:featuredmedia":[{"embeddable":true,"href":"https:\/\/anglomoil.com.vn\/en\/wp-json\/wp\/v2\/media\/9634"}],"wp:attachment":[{"href":"https:\/\/anglomoil.com.vn\/en\/wp-json\/wp\/v2\/media?parent=9667"}],"curies":[{"name":"wp","href":"https:\/\/api.w.org\/{rel}","templated":true}]}}