{"id":9666,"date":"2023-11-02T10:49:32","date_gmt":"2023-11-02T03:49:32","guid":{"rendered":"https:\/\/heboracollagen.shop\/san-pham\/supercut-s-ep\/"},"modified":"2023-11-02T10:49:32","modified_gmt":"2023-11-02T03:49:32","slug":"supercut-s-ep","status":"publish","type":"product","link":"https:\/\/anglomoil.com.vn\/en\/product\/supercut-s-ep\/","title":{"rendered":"SUPERCUT S-EP"},"content":{"rendered":"<p style=\"font-weight: 400;\"><strong>SUPERCUT S-EP<\/strong><strong>\u00a0<\/strong>l\u00e0 d\u1ea7u c\u1eaft g\u1ecdt kh\u00f4ng pha n\u01b0\u1edbc ch\u1ea5t l\u01b0\u1ee3ng cao kh\u00f4ng ch\u1ee9a clo, \u0111\u01b0\u1ee3c pha ch\u1ebf t\u1eeb d\u1ea7u g\u1ed1c ch\u1ecdn l\u1ecdc c\u00f9ng h\u1ec7 ph\u1ee5 gia t\u0103ng c\u01b0\u1eddng kh\u1ea3 n\u0103ng b\u00f4i tr\u01a1n, ch\u1ed1ng s\u01b0\u01a1ng, ch\u1ed1ng kh\u00f3i v\u00e0 b\u1ed5 sung kh\u1ea3 n\u0103ng ch\u1ecbu c\u1ef1c \u00e1p t\u1ed1i \u01b0u, gi\u00fap qu\u00e1 tr\u00ecnh gia c\u00f4ng kim lo\u1ea1i \u0111\u01b0\u1ee3c an to\u00e0n, nhanh ch\u00f3ng v\u00e0 d\u1ec5 d\u00e0ng h\u01a1n.<\/p>\n<p style=\"font-weight: 400;\"><strong>T\u00cdNH N\u0102NG:<\/strong><br \/>\n&#8211; \u0110\u1ea3m b\u1ea3o \u0111\u1ed9 b\u00f4i tr\u01a1n t\u1ed1i \u01b0u, t\u0103ng tu\u1ed5i th\u1ecd d\u1ee5ng c\u1ee5, thi\u1ebft b\u1ecb.<br \/>\n&#8211; Gi\u1ea3m s\u01b0\u01a1ng, kh\u00f3i hi\u1ec7u qu\u1ea3, an to\u00e0n cho thi\u1ebft b\u1ecb, m\u00e1y m\u00f3c.<br \/>\n&#8211; D\u1ea7u s\u00e1ng, trong su\u1ed1t v\u00e0 \u0111\u1ed9 b\u00e1m d\u00ednh th\u1ea5p gi\u00fap quan s\u00e1t qu\u00e1 tr\u00ecnh thi\u1ebft b\u1ecb v\u1eadn h\u00e0nh \u0111\u01b0\u1ee3c t\u1ed1t h\u01a1n, h\u1ea1n ch\u1ebf hao h\u1ee5t, d\u1ec5 d\u00e0ng v\u1ec7 sinh.<br \/>\n&#8211; D\u1ea7u c\u00f3 \u0111\u1ed9 b\u1ec1n nhi\u1ec7t cao, ch\u1ed1ng oxy h\u00f3a t\u1ed1t, k\u00e9o d\u00e0i th\u1eddi gian s\u1eed d\u1ee5ng, ti\u1ebft ki\u1ec7m chi ph\u00ed.<br \/>\n&#8211; \u00cdt m\u00f9i, an to\u00e0n cho ng\u01b0\u1eddi s\u1eed d\u1ee5ng.<\/p>\n<p style=\"font-weight: 400;\"><strong>\u1ee8NG D\u1ee4NG:<\/strong><br \/>\n&#8211; SUPERCUT S-EP\u0111\u01b0\u1ee3c s\u1eed d\u1ee5ng t\u1ed1t tr\u00ean c\u00e1c m\u00e1y ti\u1ec7n t\u1ef1 \u0111\u1ed9ng, b\u00e1n t\u1ef1 \u0111\u1ed9ng, m\u00e1y CNC \u0111a tr\u1ee5c,\u2026 trong t\u1ea5t c\u1ea3 c\u00e1c qu\u00e1 tr\u00ecnh gia c\u00f4ng kim lo\u1ea1i s\u1eed d\u1ee5ng d\u1ea7u l\u00e0m m\u00e1t v\u00e0 b\u00f4i tr\u01a1n kh\u00f4ng pha n\u01b0\u1edbc v\u1edbi \u00e1p l\u1ef1c l\u00e0m vi\u1ec7c t\u1eeb th\u1ea5p \u0111\u1ebfn cao v\u00e0 r\u1ea5t cao nh\u01b0 phay, ti\u1ec7n, b\u00e0o, m\u00e0i, doa, taro, khoan, c\u00e0o r\u0103ng, \u2026. tr\u00ean c\u00e1c h\u1ee3p kim r\u1ea5t c\u1ee9ng nh\u01b0 th\u00e9p, inox, \u2026<br \/>\n&#8211; SUPERCUT S-EP c\u00f3 th\u1ec3 s\u1eed d\u1ee5ng \u0111\u01b0\u1ee3c cho qu\u00e1 tr\u00ecnh gia c\u00f4ng tr\u00ean kim lo\u1ea1i \u0111en, h\u1ee3p kim c\u1ee7a kim lo\u1ea1i \u0111en v\u00e0 c\u1ea3 kim lo\u1ea1i m\u00e0u.<\/p>\n<p><strong>DUNG T\u00cdCH:<\/strong> 18L, 20L, 200L,1000L<\/p>\n<p style=\"font-weight: 400;\"><strong>TH\u00d4NG TIN C\u1ea2NH B\u00c1O:<\/strong><br \/>\n&#8211; B\u1ea3o qu\u1ea3n n\u01a1i kh\u00f4 r\u00e1o, tr\u00e1nh xa ngu\u1ed3n nhi\u1ec7t.<br \/>\n&#8211; Tr\u00e1nh xa t\u1ea7m tay tr\u1ebb em. Kh\u00f4ng \u0111\u01b0\u1ee3c u\u1ed1ng.<\/p>\n<p style=\"font-weight: 400;\"><strong>AN TO\u00c0N M\u00d4I TR\u01af\u1edcNG:<\/strong><br \/>\n&#8211; Thu gom v\u00e0 t\u1eadp trung d\u1ea7u \u0111\u00e3 qua s\u1eed d\u1ee5ng \u0111\u00fang n\u01a1i quy \u0111\u1ecbnh.<br \/>\n&#8211; Tuy\u1ec7t \u0111\u1ed1i kh\u00f4ng th\u1ea3i ra m\u1eb7t \u0111\u1ea5t, c\u00e1c ngu\u1ed3n n\u01b0\u1edbc, c\u1ed1ng r\u00e3nh, \u2026<\/p>\n<p><strong>S\u1ea3n xu\u1ea5t v\u00e0 \u0111\u00f3ng g\u00f3i b\u1edfi: <\/strong><strong>C\u00f4ng ty TNHH Anglomoil Vi\u1ec7t Nam<\/strong><br \/>\n\u0110\u1ecba ch\u1ec9: \u0110\u01b0\u1eddng s\u1ed1 1, KCN Nh\u01a1n Tr\u1ea1ch 1, X\u00e3 Ph\u01b0\u1edbc Thi\u1ec1n, Huy\u1ec7n Nh\u01a1n Tr\u1ea1ch, T\u1ec9nh \u0110\u1ed3ng Nai.<br \/>\nHotline : <a href=\"tel: 18006149\">1800.6149<\/a><br \/>\nEmail: cskh@anglomoil.vn<\/p>\n","protected":false},"excerpt":{"rendered":"<p style=\"font-weight: 400;\"><strong>\u1ee8NG D\u1ee4NG:<br \/>\n<\/strong>&#8211; SUPERCUT S-EP\u0111\u01b0\u1ee3c s\u1eed d\u1ee5ng t\u1ed1t tr\u00ean c\u00e1c m\u00e1y ti\u1ec7n t\u1ef1 \u0111\u1ed9ng, b\u00e1n t\u1ef1 \u0111\u1ed9ng, m\u00e1y CNC \u0111a tr\u1ee5c,\u2026 trong t\u1ea5t c\u1ea3 c\u00e1c qu\u00e1 tr\u00ecnh gia c\u00f4ng kim lo\u1ea1i s\u1eed d\u1ee5ng d\u1ea7u l\u00e0m m\u00e1t v\u00e0 b\u00f4i tr\u01a1n kh\u00f4ng pha n\u01b0\u1edbc v\u1edbi \u00e1p l\u1ef1c l\u00e0m vi\u1ec7c t\u1eeb th\u1ea5p \u0111\u1ebfn cao v\u00e0 r\u1ea5t cao nh\u01b0 phay, ti\u1ec7n, b\u00e0o, m\u00e0i, doa, taro, khoan, c\u00e0o r\u0103ng, \u2026. tr\u00ean c\u00e1c h\u1ee3p kim r\u1ea5t c\u1ee9ng nh\u01b0 th\u00e9p, inox, \u2026<br \/>\n&#8211; SUPERCUT S-EP c\u00f3 th\u1ec3 s\u1eed d\u1ee5ng \u0111\u01b0\u1ee3c cho qu\u00e1 tr\u00ecnh gia c\u00f4ng tr\u00ean kim lo\u1ea1i \u0111en, h\u1ee3p kim c\u1ee7a kim lo\u1ea1i \u0111en v\u00e0 c\u1ea3 kim lo\u1ea1i m\u00e0u.<\/p>\n<p style=\"font-weight: 400;\"><strong>DUNG T\u00cdCH:<\/strong> 18L, 20L, 200L,1000L<\/p>\n","protected":false},"featured_media":9634,"comment_status":"closed","ping_status":"closed","template":"","meta":{"_acf_changed":false},"product_brand":[],"product_cat":[140,136],"product_tag":[],"class_list":{"0":"post-9666","1":"product","2":"type-product","3":"status-publish","4":"has-post-thumbnail","6":"product_cat-industrial-lubricants","7":"product_cat-products","9":"first","10":"instock","11":"shipping-taxable","12":"product-type-simple"},"acf":[],"yoast_head":"<!-- This site is optimized with the Yoast SEO plugin v27.4 - https:\/\/yoast.com\/product\/yoast-seo-wordpress\/ -->\n<title>SUPERCUT S-EP - ANGLOMOIL VI\u1ec6T NAM<\/title>\n<meta name=\"robots\" content=\"index, follow, max-snippet:-1, max-image-preview:large, max-video-preview:-1\" \/>\n<link rel=\"canonical\" href=\"https:\/\/anglomoil.com.vn\/en\/product\/supercut-s-ep\/\" \/>\n<meta property=\"og:locale\" content=\"en_US\" \/>\n<meta property=\"og:type\" content=\"article\" \/>\n<meta property=\"og:title\" content=\"SUPERCUT S-EP - ANGLOMOIL VI\u1ec6T NAM\" \/>\n<meta property=\"og:description\" content=\"\u1ee8NG D\u1ee4NG: - SUPERCUT S-EP\u0111\u01b0\u1ee3c s\u1eed d\u1ee5ng t\u1ed1t tr\u00ean c\u00e1c m\u00e1y ti\u1ec7n t\u1ef1 \u0111\u1ed9ng, b\u00e1n t\u1ef1 \u0111\u1ed9ng, m\u00e1y CNC \u0111a tr\u1ee5c,\u2026 trong t\u1ea5t c\u1ea3 c\u00e1c qu\u00e1 tr\u00ecnh gia c\u00f4ng kim lo\u1ea1i s\u1eed d\u1ee5ng d\u1ea7u l\u00e0m m\u00e1t v\u00e0 b\u00f4i tr\u01a1n kh\u00f4ng pha n\u01b0\u1edbc v\u1edbi \u00e1p l\u1ef1c l\u00e0m vi\u1ec7c t\u1eeb th\u1ea5p \u0111\u1ebfn cao v\u00e0 r\u1ea5t cao nh\u01b0 phay, ti\u1ec7n, b\u00e0o, m\u00e0i, doa, taro, khoan, c\u00e0o r\u0103ng, \u2026. tr\u00ean c\u00e1c h\u1ee3p kim r\u1ea5t c\u1ee9ng nh\u01b0 th\u00e9p, inox, \u2026 - SUPERCUT S-EP c\u00f3 th\u1ec3 s\u1eed d\u1ee5ng \u0111\u01b0\u1ee3c cho qu\u00e1 tr\u00ecnh gia c\u00f4ng tr\u00ean kim lo\u1ea1i \u0111en, h\u1ee3p kim c\u1ee7a kim lo\u1ea1i \u0111en v\u00e0 c\u1ea3 kim lo\u1ea1i m\u00e0u. DUNG T\u00cdCH: 18L, 20L, 200L,1000L\" \/>\n<meta property=\"og:url\" content=\"https:\/\/anglomoil.com.vn\/product\/supercut-s-ep\/\" \/>\n<meta property=\"og:site_name\" content=\"ANGLOMOIL VI\u1ec6T NAM\" \/>\n<meta property=\"og:image\" content=\"https:\/\/anglomoil.com.vn\/wp-content\/uploads\/2023\/11\/PHUY-1-1024x1024.png\" \/>\n\t<meta property=\"og:image:width\" content=\"1024\" \/>\n\t<meta property=\"og:image:height\" content=\"1024\" \/>\n\t<meta property=\"og:image:type\" content=\"image\/png\" \/>\n<meta name=\"twitter:card\" content=\"summary_large_image\" \/>\n<meta name=\"twitter:label1\" content=\"Est. reading time\" \/>\n\t<meta name=\"twitter:data1\" content=\"3 minutes\" \/>\n<script type=\"application\/ld+json\" class=\"yoast-schema-graph\">{\"@context\":\"https:\\\/\\\/schema.org\",\"@graph\":[{\"@type\":\"WebPage\",\"@id\":\"https:\\\/\\\/anglomoil.com.vn\\\/product\\\/supercut-s-ep\\\/\",\"url\":\"https:\\\/\\\/anglomoil.com.vn\\\/product\\\/supercut-s-ep\\\/\",\"name\":\"SUPERCUT S-EP - ANGLOMOIL VI\u1ec6T NAM\",\"isPartOf\":{\"@id\":\"https:\\\/\\\/anglomoil.com.vn\\\/#website\"},\"primaryImageOfPage\":{\"@id\":\"https:\\\/\\\/anglomoil.com.vn\\\/product\\\/supercut-s-ep\\\/#primaryimage\"},\"image\":{\"@id\":\"https:\\\/\\\/anglomoil.com.vn\\\/product\\\/supercut-s-ep\\\/#primaryimage\"},\"thumbnailUrl\":\"https:\\\/\\\/anglomoil.com.vn\\\/wp-content\\\/uploads\\\/2023\\\/11\\\/PHUY-1.png\",\"datePublished\":\"2023-11-02T03:49:32+00:00\",\"breadcrumb\":{\"@id\":\"https:\\\/\\\/anglomoil.com.vn\\\/product\\\/supercut-s-ep\\\/#breadcrumb\"},\"inLanguage\":\"en-US\",\"potentialAction\":[{\"@type\":\"ReadAction\",\"target\":[\"https:\\\/\\\/anglomoil.com.vn\\\/product\\\/supercut-s-ep\\\/\"]}]},{\"@type\":\"ImageObject\",\"inLanguage\":\"en-US\",\"@id\":\"https:\\\/\\\/anglomoil.com.vn\\\/product\\\/supercut-s-ep\\\/#primaryimage\",\"url\":\"https:\\\/\\\/anglomoil.com.vn\\\/wp-content\\\/uploads\\\/2023\\\/11\\\/PHUY-1.png\",\"contentUrl\":\"https:\\\/\\\/anglomoil.com.vn\\\/wp-content\\\/uploads\\\/2023\\\/11\\\/PHUY-1.png\",\"width\":7710,\"height\":7710},{\"@type\":\"BreadcrumbList\",\"@id\":\"https:\\\/\\\/anglomoil.com.vn\\\/product\\\/supercut-s-ep\\\/#breadcrumb\",\"itemListElement\":[{\"@type\":\"ListItem\",\"position\":1,\"name\":\"Home\",\"item\":\"https:\\\/\\\/anglomoil.com.vn\\\/en\\\/\"},{\"@type\":\"ListItem\",\"position\":2,\"name\":\"Products\",\"item\":\"https:\\\/\\\/anglomoil.com.vn\\\/shop\\\/\"},{\"@type\":\"ListItem\",\"position\":3,\"name\":\"SUPERCUT S-EP\"}]},{\"@type\":\"WebSite\",\"@id\":\"https:\\\/\\\/anglomoil.com.vn\\\/#website\",\"url\":\"https:\\\/\\\/anglomoil.com.vn\\\/\",\"name\":\"ANGLOMOIL VI\u1ec6T NAM\",\"description\":\"\",\"potentialAction\":[{\"@type\":\"SearchAction\",\"target\":{\"@type\":\"EntryPoint\",\"urlTemplate\":\"https:\\\/\\\/anglomoil.com.vn\\\/?s={search_term_string}\"},\"query-input\":{\"@type\":\"PropertyValueSpecification\",\"valueRequired\":true,\"valueName\":\"search_term_string\"}}],\"inLanguage\":\"en-US\"}]}<\/script>\n<!-- \/ Yoast SEO plugin. -->","yoast_head_json":{"title":"SUPERCUT S-EP - ANGLOMOIL VI\u1ec6T NAM","robots":{"index":"index","follow":"follow","max-snippet":"max-snippet:-1","max-image-preview":"max-image-preview:large","max-video-preview":"max-video-preview:-1"},"canonical":"https:\/\/anglomoil.com.vn\/en\/product\/supercut-s-ep\/","og_locale":"en_US","og_type":"article","og_title":"SUPERCUT S-EP - ANGLOMOIL VI\u1ec6T NAM","og_description":"\u1ee8NG D\u1ee4NG: - SUPERCUT S-EP\u0111\u01b0\u1ee3c s\u1eed d\u1ee5ng t\u1ed1t tr\u00ean c\u00e1c m\u00e1y ti\u1ec7n t\u1ef1 \u0111\u1ed9ng, b\u00e1n t\u1ef1 \u0111\u1ed9ng, m\u00e1y CNC \u0111a tr\u1ee5c,\u2026 trong t\u1ea5t c\u1ea3 c\u00e1c qu\u00e1 tr\u00ecnh gia c\u00f4ng kim lo\u1ea1i s\u1eed d\u1ee5ng d\u1ea7u l\u00e0m m\u00e1t v\u00e0 b\u00f4i tr\u01a1n kh\u00f4ng pha n\u01b0\u1edbc v\u1edbi \u00e1p l\u1ef1c l\u00e0m vi\u1ec7c t\u1eeb th\u1ea5p \u0111\u1ebfn cao v\u00e0 r\u1ea5t cao nh\u01b0 phay, ti\u1ec7n, b\u00e0o, m\u00e0i, doa, taro, khoan, c\u00e0o r\u0103ng, \u2026. tr\u00ean c\u00e1c h\u1ee3p kim r\u1ea5t c\u1ee9ng nh\u01b0 th\u00e9p, inox, \u2026 - SUPERCUT S-EP c\u00f3 th\u1ec3 s\u1eed d\u1ee5ng \u0111\u01b0\u1ee3c cho qu\u00e1 tr\u00ecnh gia c\u00f4ng tr\u00ean kim lo\u1ea1i \u0111en, h\u1ee3p kim c\u1ee7a kim lo\u1ea1i \u0111en v\u00e0 c\u1ea3 kim lo\u1ea1i m\u00e0u. DUNG T\u00cdCH: 18L, 20L, 200L,1000L","og_url":"https:\/\/anglomoil.com.vn\/product\/supercut-s-ep\/","og_site_name":"ANGLOMOIL VI\u1ec6T NAM","og_image":[{"width":1024,"height":1024,"url":"https:\/\/anglomoil.com.vn\/wp-content\/uploads\/2023\/11\/PHUY-1-1024x1024.png","type":"image\/png"}],"twitter_card":"summary_large_image","twitter_misc":{"Est. reading time":"3 minutes"},"schema":{"@context":"https:\/\/schema.org","@graph":[{"@type":"WebPage","@id":"https:\/\/anglomoil.com.vn\/product\/supercut-s-ep\/","url":"https:\/\/anglomoil.com.vn\/product\/supercut-s-ep\/","name":"SUPERCUT S-EP - ANGLOMOIL VI\u1ec6T NAM","isPartOf":{"@id":"https:\/\/anglomoil.com.vn\/#website"},"primaryImageOfPage":{"@id":"https:\/\/anglomoil.com.vn\/product\/supercut-s-ep\/#primaryimage"},"image":{"@id":"https:\/\/anglomoil.com.vn\/product\/supercut-s-ep\/#primaryimage"},"thumbnailUrl":"https:\/\/anglomoil.com.vn\/wp-content\/uploads\/2023\/11\/PHUY-1.png","datePublished":"2023-11-02T03:49:32+00:00","breadcrumb":{"@id":"https:\/\/anglomoil.com.vn\/product\/supercut-s-ep\/#breadcrumb"},"inLanguage":"en-US","potentialAction":[{"@type":"ReadAction","target":["https:\/\/anglomoil.com.vn\/product\/supercut-s-ep\/"]}]},{"@type":"ImageObject","inLanguage":"en-US","@id":"https:\/\/anglomoil.com.vn\/product\/supercut-s-ep\/#primaryimage","url":"https:\/\/anglomoil.com.vn\/wp-content\/uploads\/2023\/11\/PHUY-1.png","contentUrl":"https:\/\/anglomoil.com.vn\/wp-content\/uploads\/2023\/11\/PHUY-1.png","width":7710,"height":7710},{"@type":"BreadcrumbList","@id":"https:\/\/anglomoil.com.vn\/product\/supercut-s-ep\/#breadcrumb","itemListElement":[{"@type":"ListItem","position":1,"name":"Home","item":"https:\/\/anglomoil.com.vn\/en\/"},{"@type":"ListItem","position":2,"name":"Products","item":"https:\/\/anglomoil.com.vn\/shop\/"},{"@type":"ListItem","position":3,"name":"SUPERCUT S-EP"}]},{"@type":"WebSite","@id":"https:\/\/anglomoil.com.vn\/#website","url":"https:\/\/anglomoil.com.vn\/","name":"ANGLOMOIL VI\u1ec6T NAM","description":"","potentialAction":[{"@type":"SearchAction","target":{"@type":"EntryPoint","urlTemplate":"https:\/\/anglomoil.com.vn\/?s={search_term_string}"},"query-input":{"@type":"PropertyValueSpecification","valueRequired":true,"valueName":"search_term_string"}}],"inLanguage":"en-US"}]}},"_links":{"self":[{"href":"https:\/\/anglomoil.com.vn\/en\/wp-json\/wp\/v2\/product\/9666","targetHints":{"allow":["GET"]}}],"collection":[{"href":"https:\/\/anglomoil.com.vn\/en\/wp-json\/wp\/v2\/product"}],"about":[{"href":"https:\/\/anglomoil.com.vn\/en\/wp-json\/wp\/v2\/types\/product"}],"replies":[{"embeddable":true,"href":"https:\/\/anglomoil.com.vn\/en\/wp-json\/wp\/v2\/comments?post=9666"}],"wp:featuredmedia":[{"embeddable":true,"href":"https:\/\/anglomoil.com.vn\/en\/wp-json\/wp\/v2\/media\/9634"}],"wp:attachment":[{"href":"https:\/\/anglomoil.com.vn\/en\/wp-json\/wp\/v2\/media?parent=9666"}],"wp:term":[{"taxonomy":"product_brand","embeddable":true,"href":"https:\/\/anglomoil.com.vn\/en\/wp-json\/wp\/v2\/product_brand?post=9666"},{"taxonomy":"product_cat","embeddable":true,"href":"https:\/\/anglomoil.com.vn\/en\/wp-json\/wp\/v2\/product_cat?post=9666"},{"taxonomy":"product_tag","embeddable":true,"href":"https:\/\/anglomoil.com.vn\/en\/wp-json\/wp\/v2\/product_tag?post=9666"}],"curies":[{"name":"wp","href":"https:\/\/api.w.org\/{rel}","templated":true}]}}