{"id":9653,"date":"2023-11-02T10:50:55","date_gmt":"2023-11-02T03:50:55","guid":{"rendered":"https:\/\/heboracollagen.shop\/san-pham\/super-injector-cleaner-oil\/"},"modified":"2023-11-17T15:08:40","modified_gmt":"2023-11-17T08:08:40","slug":"super-injector-cleaner-oil","status":"publish","type":"product","link":"https:\/\/anglomoil.com.vn\/en\/product\/super-injector-cleaner-oil\/","title":{"rendered":"SUPER INJECTOR CLEANER OIL"},"content":{"rendered":"<p><strong>M\u00f4 t\u1ea3:<\/strong><\/p>\n<p><span data-sheets-value=\"{&quot;1&quot;:2,&quot;2&quot;:&quot;Ph\u1ee5 gia v\u1ec7 sinh bu\u1ed3ng \u0111\u1ed1t (trong h\u1ec7 th\u1ed1ng b\u00ecnh x\u0103ng) c\u00f3 t\u00e1c d\u1ee5ng t\u1ea9y r\u1eeda x\u0103ng \u0111\u00f3ng c\u1eb7n, \u0111\u1eb7c bi\u1ec7t \u0111\u01b0\u1ee3c ch\u1ebf t\u1ea1o \u0111\u1ec3 l\u00e0m s\u1ea1ch b\u1ed9 ch\u1ebf h\u00f2a kh\u00ed, \u0111\u1ea7u phun nhi\u00ean li\u1ec7u v\u00e0 van n\u1ea1p, ki\u1ec3m so\u00e1t c\u00e1c ch\u1ea5t \u0111\u1ed1t trong bu\u1ed3ng \u0111\u1ed1t gi\u00fap kh\u00f4i ph\u1ee5c hi\u1ec7u su\u1ea5t \u0111\u1ed9ng c\u01a1. S\u1eed d\u1ee5ng 200ml&quot;}\" data-sheets-userformat=\"{&quot;2&quot;:14781,&quot;3&quot;:{&quot;1&quot;:0,&quot;3&quot;:1},&quot;5&quot;:{&quot;1&quot;:[{&quot;1&quot;:2,&quot;2&quot;:0,&quot;5&quot;:{&quot;1&quot;:2,&quot;2&quot;:0}},{&quot;1&quot;:0,&quot;2&quot;:0,&quot;3&quot;:3},{&quot;1&quot;:1,&quot;2&quot;:0,&quot;4&quot;:1}]},&quot;6&quot;:{&quot;1&quot;:[{&quot;1&quot;:2,&quot;2&quot;:0,&quot;5&quot;:{&quot;1&quot;:2,&quot;2&quot;:0}},{&quot;1&quot;:0,&quot;2&quot;:0,&quot;3&quot;:3},{&quot;1&quot;:1,&quot;2&quot;:0,&quot;4&quot;:1}]},&quot;7&quot;:{&quot;1&quot;:[{&quot;1&quot;:2,&quot;2&quot;:0,&quot;5&quot;:{&quot;1&quot;:2,&quot;2&quot;:0}},{&quot;1&quot;:0,&quot;2&quot;:0,&quot;3&quot;:3},{&quot;1&quot;:1,&quot;2&quot;:0,&quot;4&quot;:1}]},&quot;8&quot;:{&quot;1&quot;:[{&quot;1&quot;:2,&quot;2&quot;:0,&quot;5&quot;:{&quot;1&quot;:2,&quot;2&quot;:0}},{&quot;1&quot;:0,&quot;2&quot;:0,&quot;3&quot;:3},{&quot;1&quot;:1,&quot;2&quot;:0,&quot;4&quot;:1}]},&quot;10&quot;:1,&quot;11&quot;:4,&quot;14&quot;:{&quot;1&quot;:3,&quot;3&quot;:1},&quot;15&quot;:&quot;Arial&quot;,&quot;16&quot;:10}\">Ph\u1ee5 gia v\u1ec7 sinh bu\u1ed3ng \u0111\u1ed1t (trong h\u1ec7 th\u1ed1ng b\u00ecnh x\u0103ng) c\u00f3 t\u00e1c d\u1ee5ng t\u1ea9y r\u1eeda x\u0103ng \u0111\u00f3ng c\u1eb7n, \u0111\u1eb7c bi\u1ec7t \u0111\u01b0\u1ee3c ch\u1ebf t\u1ea1o \u0111\u1ec3 l\u00e0m s\u1ea1ch b\u1ed9 ch\u1ebf h\u00f2a kh\u00ed, \u0111\u1ea7u phun nhi\u00ean li\u1ec7u v\u00e0 van n\u1ea1p, ki\u1ec3m so\u00e1t c\u00e1c ch\u1ea5t \u0111\u1ed1t trong bu\u1ed3ng \u0111\u1ed1t gi\u00fap kh\u00f4i ph\u1ee5c hi\u1ec7u su\u1ea5t \u0111\u1ed9ng c\u01a1. S\u1eed d\u1ee5ng 200ml m\u1ed7i 100 l\u00edt d\u1ea7u diesel.<\/span><\/p>\n<p><strong>\u1ee8ng d\u1ee5ng:<\/strong> xe \u00f4 t\u00f4, xe m\u00e1y<\/p>\n<p><b>Th\u1ec3 t\u00edch:\u00a0<\/b>20L<\/p>\n<p><strong>Th\u00f4ng tin c\u1ea3nh b\u00e1o:<\/strong> B\u1ea3o qu\u1ea3n n\u01a1i kh\u00f4 r\u00e1o, tho\u00e1ng m\u00e1t. \u0110\u1eb7t trong nh\u00e0 kho c\u00f3 m\u00e1i che. Tr\u00e1nh xa t\u1ea7m tay tr\u1ebb em, kh\u00f4ng \u0111\u01b0\u1ee3c u\u1ed1ng.<\/p>\n<p><strong>Nh\u1eadp kh\u1ea9u v\u00e0 \u0111\u00f3ng g\u00f3i b\u1edfi: <\/strong><strong>C\u00f4ng ty TNHH Anglomoil Vi\u1ec7t Nam<\/strong><br \/>\n\u0110\u1ecba ch\u1ec9: \u0110\u01b0\u1eddng s\u1ed1 1, KCN Nh\u01a1n Tr\u1ea1ch 1, X\u00e3 Ph\u01b0\u1edbc Thi\u1ec1n, Huy\u1ec7n Nh\u01a1n Tr\u1ea1ch, T\u1ec9nh \u0110\u1ed3ng Nai.<br \/>\n\u0110i\u1ec7n tho\u1ea1i : 1800.6149<br \/>\nEmail: cskh@anglomoil.vn<\/p>\n","protected":false},"excerpt":{"rendered":"<p><span data-sheets-value=\"{&quot;1&quot;:2,&quot;2&quot;:&quot;Ph\u1ee5 gia v\u1ec7 sinh bu\u1ed3ng \u0111\u1ed1t (trong h\u1ec7 th\u1ed1ng b\u00ecnh x\u0103ng) c\u00f3 t\u00e1c d\u1ee5ng t\u1ea9y r\u1eeda x\u0103ng \u0111\u00f3ng c\u1eb7n, \u0111\u1eb7c bi\u1ec7t \u0111\u01b0\u1ee3c ch\u1ebf t\u1ea1o \u0111\u1ec3 l\u00e0m s\u1ea1ch b\u1ed9 ch\u1ebf h\u00f2a kh\u00ed, \u0111\u1ea7u phun nhi\u00ean li\u1ec7u v\u00e0 van n\u1ea1p, ki\u1ec3m so\u00e1t c\u00e1c ch\u1ea5t \u0111\u1ed1t trong bu\u1ed3ng \u0111\u1ed1t gi\u00fap kh\u00f4i ph\u1ee5c hi\u1ec7u su\u1ea5t \u0111\u1ed9ng c\u01a1. S\u1eed d\u1ee5ng 200ml&quot;}\" data-sheets-userformat=\"{&quot;2&quot;:14781,&quot;3&quot;:{&quot;1&quot;:0,&quot;3&quot;:1},&quot;5&quot;:{&quot;1&quot;:[{&quot;1&quot;:2,&quot;2&quot;:0,&quot;5&quot;:{&quot;1&quot;:2,&quot;2&quot;:0}},{&quot;1&quot;:0,&quot;2&quot;:0,&quot;3&quot;:3},{&quot;1&quot;:1,&quot;2&quot;:0,&quot;4&quot;:1}]},&quot;6&quot;:{&quot;1&quot;:[{&quot;1&quot;:2,&quot;2&quot;:0,&quot;5&quot;:{&quot;1&quot;:2,&quot;2&quot;:0}},{&quot;1&quot;:0,&quot;2&quot;:0,&quot;3&quot;:3},{&quot;1&quot;:1,&quot;2&quot;:0,&quot;4&quot;:1}]},&quot;7&quot;:{&quot;1&quot;:[{&quot;1&quot;:2,&quot;2&quot;:0,&quot;5&quot;:{&quot;1&quot;:2,&quot;2&quot;:0}},{&quot;1&quot;:0,&quot;2&quot;:0,&quot;3&quot;:3},{&quot;1&quot;:1,&quot;2&quot;:0,&quot;4&quot;:1}]},&quot;8&quot;:{&quot;1&quot;:[{&quot;1&quot;:2,&quot;2&quot;:0,&quot;5&quot;:{&quot;1&quot;:2,&quot;2&quot;:0}},{&quot;1&quot;:0,&quot;2&quot;:0,&quot;3&quot;:3},{&quot;1&quot;:1,&quot;2&quot;:0,&quot;4&quot;:1}]},&quot;10&quot;:1,&quot;11&quot;:4,&quot;14&quot;:{&quot;1&quot;:3,&quot;3&quot;:1},&quot;15&quot;:&quot;Arial&quot;,&quot;16&quot;:10}\">Ph\u1ee5 gia v\u1ec7 sinh bu\u1ed3ng \u0111\u1ed1t (trong h\u1ec7 th\u1ed1ng b\u00ecnh x\u0103ng) c\u00f3 t\u00e1c d\u1ee5ng t\u1ea9y r\u1eeda x\u0103ng \u0111\u00f3ng c\u1eb7n, \u0111\u1eb7c bi\u1ec7t \u0111\u01b0\u1ee3c ch\u1ebf t\u1ea1o \u0111\u1ec3 l\u00e0m s\u1ea1ch b\u1ed9 ch\u1ebf h\u00f2a kh\u00ed, \u0111\u1ea7u phun nhi\u00ean li\u1ec7u v\u00e0 van n\u1ea1p, ki\u1ec3m so\u00e1t c\u00e1c ch\u1ea5t \u0111\u1ed1t trong bu\u1ed3ng \u0111\u1ed1t gi\u00fap kh\u00f4i ph\u1ee5c hi\u1ec7u su\u1ea5t \u0111\u1ed9ng c\u01a1. S\u1eed d\u1ee5ng 200ml m\u1ed7i 100 l\u00edt d\u1ea7u diesel.<\/span><\/p>\n<p><strong>\u1ee8ng d\u1ee5ng:<\/strong> xe \u00f4 t\u00f4, xe m\u00e1y<\/p>\n<p><b>Th\u1ec3 t\u00edch:\u00a0<\/b>20L<\/p>\n","protected":false},"featured_media":9654,"comment_status":"closed","ping_status":"closed","template":"","meta":{"_acf_changed":false},"class_list":["post-9653","product","type-product","status-publish","has-post-thumbnail","hentry","product_cat-products"],"acf":[],"_links":{"self":[{"href":"https:\/\/anglomoil.com.vn\/en\/wp-json\/wp\/v2\/product\/9653","targetHints":{"allow":["GET"]}}],"collection":[{"href":"https:\/\/anglomoil.com.vn\/en\/wp-json\/wp\/v2\/product"}],"about":[{"href":"https:\/\/anglomoil.com.vn\/en\/wp-json\/wp\/v2\/types\/product"}],"replies":[{"embeddable":true,"href":"https:\/\/anglomoil.com.vn\/en\/wp-json\/wp\/v2\/comments?post=9653"}],"wp:featuredmedia":[{"embeddable":true,"href":"https:\/\/anglomoil.com.vn\/en\/wp-json\/wp\/v2\/media\/9654"}],"wp:attachment":[{"href":"https:\/\/anglomoil.com.vn\/en\/wp-json\/wp\/v2\/media?parent=9653"}],"curies":[{"name":"wp","href":"https:\/\/api.w.org\/{rel}","templated":true}]}}