{"id":9647,"date":"2023-11-02T10:51:18","date_gmt":"2023-11-02T03:51:18","guid":{"rendered":"https:\/\/heboracollagen.shop\/san-pham\/circoil\/"},"modified":"2023-11-02T10:51:18","modified_gmt":"2023-11-02T03:51:18","slug":"circoil","status":"publish","type":"product","link":"https:\/\/anglomoil.com.vn\/en\/product\/circoil\/","title":{"rendered":"CIRCOIL"},"content":{"rendered":"<p style=\"font-weight: 400;\"><strong>CIRCOIL <\/strong>l\u00e0 d\u1ea7u tu\u1ea7n ho\u00e0n, d\u1ea7u \u1ed5 \u0111\u1ee1 c\u00f4ng nghi\u1ec7p \u0111\u01b0\u1ee3c s\u1ea3n xu\u1ea5t t\u1eeb d\u1ea7u g\u1ed1c ch\u1ea5t l\u01b0\u1ee3ng cao v\u00e0 ph\u1ee5 gia ch\u1ed1ng m\u00e0i m\u00f2n, ch\u1ed1ng oxy h\u00f3a, t\u00e1ch n\u01b0\u1edbc t\u1ed1i \u01b0u. Circoil \u0111\u00e1p \u1ee9ng \u0111\u01b0\u1ee3c c\u00e1c ti\u00eau chu\u1ea9n c\u1ee7a Morgan v\u00e0 SMS Demag.<\/p>\n<p><strong>T\u00cdNH N\u0102NG:<\/strong><br \/>\n&#8211; Kh\u1ea3 n\u0103ng t\u00e1ch n\u01b0\u1edbc tuy\u1ec7t v\u1eddi khi b\u1ecb nhi\u1ec5m n\u01b0\u1edbc n\u1eb7ng.<br \/>\n&#8211; Ch\u1ed1ng t\u1ea1o b\u1ecdt t\u1ed1t \u0111\u1ec3 \u0111\u1ea3m b\u1ea3o thi\u1ebft b\u1ecb v\u1eadn h\u00e0nh tr\u01a1n tru.<br \/>\n&#8211; B\u1ea3o v\u1ec7 b\u1ec1 m\u1eb7t kim lo\u1ea1i kh\u1ecfi r\u1ec9 s\u00e9t v\u00e0 \u0103n m\u00f2n.<br \/>\n&#8211; \u1ed4n \u0111\u1ecbnh oxy h\u00f3a t\u1ed1t gi\u00fap t\u0103ng tu\u1ed5i th\u1ecd c\u1ee7a d\u1ea7u v\u00e0 thi\u1ebft b\u1ecb.<\/p>\n<p style=\"font-weight: 400;\"><strong>TI\u00caU CHU\u1ea8N \u0110\u1ea0T \u0110\u01af\u1ee2C:<\/strong><br \/>\n&#8211; Morgoil Lubricant.<br \/>\n&#8211; SMS Demag SN 180 Part 4 Specification.<br \/>\n&#8211; MIL-PRF-17672E<br \/>\n&#8211; Parker Denison HF-1<br \/>\n&#8211; DIN 51524 PART 1<br \/>\n&#8211; AFNOR E48-600 HL<\/p>\n<p style=\"font-weight: 400;\"><strong>\u1ee8NG D\u1ee4NG: <\/strong>Circoil c\u00f3 th\u1ec3 \u0111\u01b0\u1ee3c s\u1eed d\u1ee5ng trong c\u00e1c h\u1ec7 th\u1ed1ng d\u1ea7u tu\u1ea7n ho\u00e0n c\u00f4ng nghi\u1ec7p, c\u00e1c \u1ed5 \u0111\u1ee1 tr\u01b0\u1ee3t, l\u0103n trong h\u1ec7 th\u1ed1ng c\u00f4ng nghi\u1ec7p th\u00f4ng th\u01b0\u1eddng. Ngo\u00e0i ra, Circoil c\u00f2n c\u00f3 th\u1ec3 s\u1eed d\u1ee5ng \u0111\u01b0\u1ee3c trong c\u00e1c h\u1ec7 th\u1ed1ng b\u00e1nh r\u0103ng c\u00f4ng nghi\u1ec7p k\u00edn kh\u00f4ng y\u00eau c\u1ea7u d\u1ea7u b\u00f4i tr\u01a1n c\u00f3 t\u00ednh n\u0103ng ch\u1ecbu c\u1ef1c \u00e1p.<\/p>\n<p><strong>\u0110\u1ed8 NH\u1edaT:<\/strong> ISO VG 32,46, 68, 100, 150, 220<\/p>\n<p><strong>DUNG T\u00cdCH:<\/strong> 18L, 20L, 200L, 1000L<\/p>\n<p style=\"font-weight: 400;\"><strong>TH\u00d4NG TIN C\u1ea2NH B\u00c1O:<\/strong><br \/>\n&#8211; B\u1ea3o qu\u1ea3n n\u01a1i kh\u00f4 r\u00e1o, tr\u00e1nh xa ngu\u1ed3n nhi\u1ec7t.<br \/>\n&#8211; Tr\u00e1nh xa t\u1ea7m tay tr\u1ebb em. Kh\u00f4ng \u0111\u01b0\u1ee3c u\u1ed1ng.<\/p>\n<p style=\"font-weight: 400;\"><strong>AN TO\u00c0N M\u00d4I TR\u01af\u1edcNG:<\/strong><br \/>\n&#8211; Thu gom v\u00e0 t\u1eadp trung d\u1ea7u \u0111\u00e3 qua s\u1eed d\u1ee5ng \u0111\u00fang n\u01a1i quy \u0111\u1ecbnh.<br \/>\n&#8211; Tuy\u1ec7t \u0111\u1ed1i kh\u00f4ng th\u1ea3i ra m\u1eb7t \u0111\u1ea5t, c\u00e1c ngu\u1ed3n n\u01b0\u1edbc, c\u1ed1ng r\u00e3nh, \u2026<\/p>\n<p><strong>S\u1ea3n xu\u1ea5t v\u00e0 \u0111\u00f3ng g\u00f3i b\u1edfi:\u00a0<\/strong><strong>C\u00f4ng ty TNHH Anglomoil Vi\u1ec7t Nam<\/strong><br \/>\n\u0110\u1ecba ch\u1ec9: \u0110\u01b0\u1eddng s\u1ed1 1, KCN Nh\u01a1n Tr\u1ea1ch 1, X\u00e3 Ph\u01b0\u1edbc Thi\u1ec1n, Huy\u1ec7n Nh\u01a1n Tr\u1ea1ch, T\u1ec9nh \u0110\u1ed3ng Nai.<br \/>\nHotline : <a href=\"tel: 18006149\"><strong>1800.6149<\/strong><\/a><br \/>\nEmail: <a href=\"mailto:cskh@anglomoil.vn\">cskh@anglomoil.vn<\/a><\/p>\n","protected":false},"excerpt":{"rendered":"<p><strong>\u0110\u1ed8 NH\u1edaT:<\/strong> ISO VG 32,46, 68, 100, 150, 220<\/p>\n<p style=\"font-weight: 400;\"><strong>TI\u00caU CHU\u1ea8N \u0110\u1ea0T \u0110\u01af\u1ee2C:<\/strong><br \/>\n&#8211; Morgoil Lubricant.<br \/>\n&#8211; SMS Demag SN 180 Part 4 Specification<br \/>\n&#8211; MIL-PRF-17672E<br \/>\n&#8211; Parker Denison HF-1<br \/>\n&#8211; DIN 51524 PART 1<br \/>\n&#8211; AFNOR E48-600 HL<\/p>\n<p><strong>DUNG T\u00cdCH:<\/strong> 18L, 20L, 200L, 1000L<\/p>\n","protected":false},"featured_media":9634,"comment_status":"closed","ping_status":"closed","template":"","meta":{"_acf_changed":false},"class_list":["post-9647","product","type-product","status-publish","has-post-thumbnail","hentry","product_cat-industrial-lubricants","product_cat-products"],"acf":[],"_links":{"self":[{"href":"https:\/\/anglomoil.com.vn\/en\/wp-json\/wp\/v2\/product\/9647","targetHints":{"allow":["GET"]}}],"collection":[{"href":"https:\/\/anglomoil.com.vn\/en\/wp-json\/wp\/v2\/product"}],"about":[{"href":"https:\/\/anglomoil.com.vn\/en\/wp-json\/wp\/v2\/types\/product"}],"replies":[{"embeddable":true,"href":"https:\/\/anglomoil.com.vn\/en\/wp-json\/wp\/v2\/comments?post=9647"}],"wp:featuredmedia":[{"embeddable":true,"href":"https:\/\/anglomoil.com.vn\/en\/wp-json\/wp\/v2\/media\/9634"}],"wp:attachment":[{"href":"https:\/\/anglomoil.com.vn\/en\/wp-json\/wp\/v2\/media?parent=9647"}],"curies":[{"name":"wp","href":"https:\/\/api.w.org\/{rel}","templated":true}]}}