{"id":9645,"date":"2023-11-02T10:51:51","date_gmt":"2023-11-02T03:51:51","guid":{"rendered":"https:\/\/heboracollagen.shop\/san-pham\/machine-oil\/"},"modified":"2023-11-02T10:51:51","modified_gmt":"2023-11-02T03:51:51","slug":"machine-oil","status":"publish","type":"product","link":"https:\/\/anglomoil.com.vn\/en\/product\/machine-oil\/","title":{"rendered":"MACHINE OIL"},"content":{"rendered":"<p style=\"font-weight: 400;\"><strong>MACHINE OIL<\/strong><strong>\u00a0<\/strong>l\u00e0 d\u1ea7u b\u00e1nh r\u0103ng c\u00f4ng nghi\u1ec7p c\u00f3 t\u00ednh n\u0103ng ch\u1ecbu c\u1ef1c \u00e1p cao, \u0111\u01b0\u1ee3c s\u1ea3n xu\u1ea5t t\u1eeb d\u1ea7u g\u1ed1c ch\u1ea5t l\u01b0\u1ee3ng cao k\u1ebft h\u1ee3p v\u1edbi ph\u1ee5 gia ch\u1ecbu c\u1ef1c \u00e1p, ch\u1ed1ng \u0103n m\u00f2n, ch\u1ed1ng t\u1ea1o b\u1ecdt cao c\u1ea5p.<\/p>\n<p style=\"font-weight: 400;\"><strong>T\u00cdNH N\u0102NG:<\/strong><br \/>\n&#8211; Ch\u1ecbu c\u1ef1c \u00e1p cao, h\u1ea1n ch\u1ebf k\u1eb9t x\u01b0\u1edbc, m\u00e0i m\u00f2n b\u00e1nh r\u0103ng.<br \/>\n&#8211; Ph\u1ee5 gia ch\u1ed1ng \u0103n m\u00f2n v\u00e0 t\u00e1ch n\u01b0\u1edbc t\u1ed1t, gi\u1ea3m \u0103n m\u00f2n, ch\u1ed1ng g\u1ec9 s\u00e9t.<br \/>\n&#8211; Ch\u1ed1ng t\u1ea1o b\u1ecdt t\u1ed1t \u0111\u1ec3 \u0111\u1ea3m b\u1ea3o m\u00e0ng d\u1ea7u t\u1ed1i \u01b0u, b\u00f4i tr\u01a1n hi\u1ec7u qu\u1ea3.<br \/>\n&#8211; \u1ed4n \u0111\u1ecbnh oxy h\u00f3a t\u1ed1t gi\u00fap t\u0103ng tu\u1ed5i th\u1ecd c\u1ee7a ch\u1ea5t l\u1ecfng v\u00e0 thi\u1ebft b\u1ecb.<\/p>\n<p style=\"font-weight: 400;\"><strong>TI\u00caU CHU\u1ea8N \u0110\u1ea0T \u0110\u01af\u1ee2C:<\/strong><br \/>\n&#8211; US Steel 224.<br \/>\n&#8211; AGMA 9005-D94.<br \/>\n&#8211; Cincinnati Milacron.<br \/>\n&#8211; Clean Panel Coker<br \/>\n&#8211; S-200 Oxidation Tubes<\/p>\n<p style=\"font-weight: 400;\"><strong>\u1ee8NG D\u1ee4NG:<\/strong><br \/>\n&#8211; \u0110\u01b0\u1ee3c s\u1eed d\u1ee5ng cho c\u00e1c h\u1ed9p s\u1ed1 k\u00edn c\u00f4ng nghi\u1ec7p (b\u00e1nh r\u0103ng th\u1eb1ng, h\u00e0ng tinh, xo\u1eafn,\u2026) b\u00f4i tr\u01a1n b\u1eb1ng vung t\u00f3e ho\u1eb7c c\u01b0\u1ee1ng b\u1ee9c y\u00eau c\u1ea7u d\u1ea7u c\u00f3 t\u00ednh n\u0103ng ch\u1ecbu c\u1ef1c \u00e1p t\u1eeb nh\u1eb9 \u0111\u1ebfn n\u1eb7ng.<br \/>\n&#8211; MACHINE OIL c\u0169ng s\u1eed d\u1ee5ng cho h\u1ed9p x\u00edch, \u0111\u0129a x\u00edch, thanh d\u1eabn tr\u01b0\u1ee3t, kh\u1edbp n\u1ed1i linh ho\u1ea1t v\u00e0 c\u00e1c \u1ed5 tr\u1ee5c tr\u01a1n v\u00e0 l\u0103n, \u2026<\/p>\n<p><strong>\u0110\u1ed8 NH\u1edaT:<\/strong> ISO VG 32, 46, 68, 100, 150, 220, 320, 460, 680, 1000<\/p>\n<p><strong>DUNG T\u00cdCH:<\/strong> 18L, 20L, 200L, 1000L<\/p>\n<p style=\"font-weight: 400;\"><strong>TH\u00d4NG TIN C\u1ea2NH B\u00c1O:<\/strong><br \/>\n&#8211; B\u1ea3o qu\u1ea3n n\u01a1i kh\u00f4 r\u00e1o, tr\u00e1nh xa ngu\u1ed3n nhi\u1ec7t.<br \/>\n&#8211; Tr\u00e1nh xa t\u1ea7m tay tr\u1ebb em. Kh\u00f4ng \u0111\u01b0\u1ee3c u\u1ed1ng.<\/p>\n<p style=\"font-weight: 400;\"><strong>AN TO\u00c0N M\u00d4I TR\u01af\u1edcNG:<\/strong><br \/>\n&#8211; Thu gom v\u00e0 t\u1eadp trung d\u1ea7u \u0111\u00e3 qua s\u1eed d\u1ee5ng \u0111\u00fang n\u01a1i quy \u0111\u1ecbnh.<br \/>\n&#8211; Tuy\u1ec7t \u0111\u1ed1i kh\u00f4ng th\u1ea3i ra m\u1eb7t \u0111\u1ea5t, c\u00e1c ngu\u1ed3n n\u01b0\u1edbc, c\u1ed1ng r\u00e3nh, \u2026<\/p>\n<p><strong>S\u1ea3n xu\u1ea5t v\u00e0 \u0111\u00f3ng g\u00f3i b\u1edfi:\u00a0<\/strong><strong>C\u00f4ng ty TNHH Anglomoil Vi\u1ec7t Nam<\/strong><br \/>\n\u0110\u1ecba ch\u1ec9: \u0110\u01b0\u1eddng s\u1ed1 1, KCN Nh\u01a1n Tr\u1ea1ch 1, X\u00e3 Ph\u01b0\u1edbc Thi\u1ec1n, Huy\u1ec7n Nh\u01a1n Tr\u1ea1ch, T\u1ec9nh \u0110\u1ed3ng Nai.<br \/>\nHotline : <strong><a href=\"tel: 18006149\">1800.6149<\/a><\/strong><br \/>\nEmail: <a href=\"mailto:cskh@anglomoil.vn\">cskh@anglomoil.vn<\/a><\/p>\n","protected":false},"excerpt":{"rendered":"<p style=\"font-weight: 400;\"><strong>TI\u00caU CHU\u1ea8N \u0110\u1ea0T \u0110\u01af\u1ee2C:<\/strong><br \/>\n&#8211; US Steel 224.<br \/>\n&#8211; AGMA 9005-D94.<br \/>\n&#8211; Cincinnati Milacron.<br \/>\n&#8211; Clean Panel Coker<br \/>\n&#8211; S-200 Oxidation Tubes<\/p>\n<p><strong>\u0110\u1ed8 NH\u1edaT:<\/strong> ISO VG 32, 46, 68, 100, 150, 220, 320, 460, 680, 1000<\/p>\n<p><strong>DUNG T\u00cdCH:<\/strong> 18L, 20L, 200L, 1000L<\/p>\n","protected":false},"featured_media":9634,"comment_status":"closed","ping_status":"closed","template":"","meta":{"_acf_changed":false},"product_brand":[],"product_cat":[140,136],"product_tag":[],"class_list":{"0":"post-9645","1":"product","2":"type-product","3":"status-publish","4":"has-post-thumbnail","6":"product_cat-industrial-lubricants","7":"product_cat-products","9":"first","10":"instock","11":"shipping-taxable","12":"product-type-simple"},"acf":[],"yoast_head":"<!-- This site is optimized with the Yoast SEO plugin v27.4 - https:\/\/yoast.com\/product\/yoast-seo-wordpress\/ -->\n<title>MACHINE OIL - ANGLOMOIL VI\u1ec6T NAM<\/title>\n<meta name=\"robots\" content=\"index, follow, max-snippet:-1, max-image-preview:large, max-video-preview:-1\" \/>\n<link rel=\"canonical\" href=\"https:\/\/anglomoil.com.vn\/en\/product\/machine-oil\/\" \/>\n<meta property=\"og:locale\" content=\"en_US\" \/>\n<meta property=\"og:type\" content=\"article\" \/>\n<meta property=\"og:title\" content=\"MACHINE OIL - ANGLOMOIL VI\u1ec6T NAM\" \/>\n<meta property=\"og:description\" content=\"TI\u00caU CHU\u1ea8N \u0110\u1ea0T \u0110\u01af\u1ee2C: - US Steel 224. - AGMA 9005-D94. - Cincinnati Milacron. - Clean Panel Coker - S-200 Oxidation Tubes \u0110\u1ed8 NH\u1edaT: ISO VG 32, 46, 68, 100, 150, 220, 320, 460, 680, 1000  DUNG T\u00cdCH: 18L, 20L, 200L, 1000L\" \/>\n<meta property=\"og:url\" content=\"https:\/\/anglomoil.com.vn\/en\/product\/machine-oil\/\" \/>\n<meta property=\"og:site_name\" content=\"ANGLOMOIL VI\u1ec6T NAM\" \/>\n<meta property=\"og:image\" content=\"https:\/\/anglomoil.com.vn\/wp-content\/uploads\/2023\/11\/PHUY-1-1024x1024.png\" \/>\n\t<meta property=\"og:image:width\" content=\"1024\" \/>\n\t<meta property=\"og:image:height\" content=\"1024\" \/>\n\t<meta property=\"og:image:type\" content=\"image\/png\" \/>\n<meta name=\"twitter:card\" content=\"summary_large_image\" \/>\n<meta name=\"twitter:label1\" content=\"Est. reading time\" \/>\n\t<meta name=\"twitter:data1\" content=\"2 minutes\" \/>\n<script type=\"application\/ld+json\" class=\"yoast-schema-graph\">{\"@context\":\"https:\\\/\\\/schema.org\",\"@graph\":[{\"@type\":\"WebPage\",\"@id\":\"https:\\\/\\\/anglomoil.com.vn\\\/en\\\/product\\\/machine-oil\\\/\",\"url\":\"https:\\\/\\\/anglomoil.com.vn\\\/en\\\/product\\\/machine-oil\\\/\",\"name\":\"MACHINE OIL - ANGLOMOIL VI\u1ec6T NAM\",\"isPartOf\":{\"@id\":\"https:\\\/\\\/anglomoil.com.vn\\\/#website\"},\"primaryImageOfPage\":{\"@id\":\"https:\\\/\\\/anglomoil.com.vn\\\/en\\\/product\\\/machine-oil\\\/#primaryimage\"},\"image\":{\"@id\":\"https:\\\/\\\/anglomoil.com.vn\\\/en\\\/product\\\/machine-oil\\\/#primaryimage\"},\"thumbnailUrl\":\"https:\\\/\\\/anglomoil.com.vn\\\/wp-content\\\/uploads\\\/2023\\\/11\\\/PHUY-1.png\",\"datePublished\":\"2023-11-02T03:51:51+00:00\",\"breadcrumb\":{\"@id\":\"https:\\\/\\\/anglomoil.com.vn\\\/en\\\/product\\\/machine-oil\\\/#breadcrumb\"},\"inLanguage\":\"en-US\",\"potentialAction\":[{\"@type\":\"ReadAction\",\"target\":[\"https:\\\/\\\/anglomoil.com.vn\\\/en\\\/product\\\/machine-oil\\\/\"]}]},{\"@type\":\"ImageObject\",\"inLanguage\":\"en-US\",\"@id\":\"https:\\\/\\\/anglomoil.com.vn\\\/en\\\/product\\\/machine-oil\\\/#primaryimage\",\"url\":\"https:\\\/\\\/anglomoil.com.vn\\\/wp-content\\\/uploads\\\/2023\\\/11\\\/PHUY-1.png\",\"contentUrl\":\"https:\\\/\\\/anglomoil.com.vn\\\/wp-content\\\/uploads\\\/2023\\\/11\\\/PHUY-1.png\",\"width\":7710,\"height\":7710},{\"@type\":\"BreadcrumbList\",\"@id\":\"https:\\\/\\\/anglomoil.com.vn\\\/en\\\/product\\\/machine-oil\\\/#breadcrumb\",\"itemListElement\":[{\"@type\":\"ListItem\",\"position\":1,\"name\":\"Home\",\"item\":\"https:\\\/\\\/anglomoil.com.vn\\\/en\\\/\"},{\"@type\":\"ListItem\",\"position\":2,\"name\":\"Products\",\"item\":\"https:\\\/\\\/anglomoil.com.vn\\\/shop\\\/\"},{\"@type\":\"ListItem\",\"position\":3,\"name\":\"MACHINE OIL\"}]},{\"@type\":\"WebSite\",\"@id\":\"https:\\\/\\\/anglomoil.com.vn\\\/#website\",\"url\":\"https:\\\/\\\/anglomoil.com.vn\\\/\",\"name\":\"ANGLOMOIL VI\u1ec6T NAM\",\"description\":\"\",\"potentialAction\":[{\"@type\":\"SearchAction\",\"target\":{\"@type\":\"EntryPoint\",\"urlTemplate\":\"https:\\\/\\\/anglomoil.com.vn\\\/?s={search_term_string}\"},\"query-input\":{\"@type\":\"PropertyValueSpecification\",\"valueRequired\":true,\"valueName\":\"search_term_string\"}}],\"inLanguage\":\"en-US\"}]}<\/script>\n<!-- \/ Yoast SEO plugin. -->","yoast_head_json":{"title":"MACHINE OIL - ANGLOMOIL VI\u1ec6T NAM","robots":{"index":"index","follow":"follow","max-snippet":"max-snippet:-1","max-image-preview":"max-image-preview:large","max-video-preview":"max-video-preview:-1"},"canonical":"https:\/\/anglomoil.com.vn\/en\/product\/machine-oil\/","og_locale":"en_US","og_type":"article","og_title":"MACHINE OIL - ANGLOMOIL VI\u1ec6T NAM","og_description":"TI\u00caU CHU\u1ea8N \u0110\u1ea0T \u0110\u01af\u1ee2C: - US Steel 224. - AGMA 9005-D94. - Cincinnati Milacron. - Clean Panel Coker - S-200 Oxidation Tubes \u0110\u1ed8 NH\u1edaT: ISO VG 32, 46, 68, 100, 150, 220, 320, 460, 680, 1000  DUNG T\u00cdCH: 18L, 20L, 200L, 1000L","og_url":"https:\/\/anglomoil.com.vn\/en\/product\/machine-oil\/","og_site_name":"ANGLOMOIL VI\u1ec6T NAM","og_image":[{"width":1024,"height":1024,"url":"https:\/\/anglomoil.com.vn\/wp-content\/uploads\/2023\/11\/PHUY-1-1024x1024.png","type":"image\/png"}],"twitter_card":"summary_large_image","twitter_misc":{"Est. reading time":"2 minutes"},"schema":{"@context":"https:\/\/schema.org","@graph":[{"@type":"WebPage","@id":"https:\/\/anglomoil.com.vn\/en\/product\/machine-oil\/","url":"https:\/\/anglomoil.com.vn\/en\/product\/machine-oil\/","name":"MACHINE OIL - ANGLOMOIL VI\u1ec6T NAM","isPartOf":{"@id":"https:\/\/anglomoil.com.vn\/#website"},"primaryImageOfPage":{"@id":"https:\/\/anglomoil.com.vn\/en\/product\/machine-oil\/#primaryimage"},"image":{"@id":"https:\/\/anglomoil.com.vn\/en\/product\/machine-oil\/#primaryimage"},"thumbnailUrl":"https:\/\/anglomoil.com.vn\/wp-content\/uploads\/2023\/11\/PHUY-1.png","datePublished":"2023-11-02T03:51:51+00:00","breadcrumb":{"@id":"https:\/\/anglomoil.com.vn\/en\/product\/machine-oil\/#breadcrumb"},"inLanguage":"en-US","potentialAction":[{"@type":"ReadAction","target":["https:\/\/anglomoil.com.vn\/en\/product\/machine-oil\/"]}]},{"@type":"ImageObject","inLanguage":"en-US","@id":"https:\/\/anglomoil.com.vn\/en\/product\/machine-oil\/#primaryimage","url":"https:\/\/anglomoil.com.vn\/wp-content\/uploads\/2023\/11\/PHUY-1.png","contentUrl":"https:\/\/anglomoil.com.vn\/wp-content\/uploads\/2023\/11\/PHUY-1.png","width":7710,"height":7710},{"@type":"BreadcrumbList","@id":"https:\/\/anglomoil.com.vn\/en\/product\/machine-oil\/#breadcrumb","itemListElement":[{"@type":"ListItem","position":1,"name":"Home","item":"https:\/\/anglomoil.com.vn\/en\/"},{"@type":"ListItem","position":2,"name":"Products","item":"https:\/\/anglomoil.com.vn\/shop\/"},{"@type":"ListItem","position":3,"name":"MACHINE OIL"}]},{"@type":"WebSite","@id":"https:\/\/anglomoil.com.vn\/#website","url":"https:\/\/anglomoil.com.vn\/","name":"ANGLOMOIL VI\u1ec6T NAM","description":"","potentialAction":[{"@type":"SearchAction","target":{"@type":"EntryPoint","urlTemplate":"https:\/\/anglomoil.com.vn\/?s={search_term_string}"},"query-input":{"@type":"PropertyValueSpecification","valueRequired":true,"valueName":"search_term_string"}}],"inLanguage":"en-US"}]}},"_links":{"self":[{"href":"https:\/\/anglomoil.com.vn\/en\/wp-json\/wp\/v2\/product\/9645","targetHints":{"allow":["GET"]}}],"collection":[{"href":"https:\/\/anglomoil.com.vn\/en\/wp-json\/wp\/v2\/product"}],"about":[{"href":"https:\/\/anglomoil.com.vn\/en\/wp-json\/wp\/v2\/types\/product"}],"replies":[{"embeddable":true,"href":"https:\/\/anglomoil.com.vn\/en\/wp-json\/wp\/v2\/comments?post=9645"}],"wp:featuredmedia":[{"embeddable":true,"href":"https:\/\/anglomoil.com.vn\/en\/wp-json\/wp\/v2\/media\/9634"}],"wp:attachment":[{"href":"https:\/\/anglomoil.com.vn\/en\/wp-json\/wp\/v2\/media?parent=9645"}],"wp:term":[{"taxonomy":"product_brand","embeddable":true,"href":"https:\/\/anglomoil.com.vn\/en\/wp-json\/wp\/v2\/product_brand?post=9645"},{"taxonomy":"product_cat","embeddable":true,"href":"https:\/\/anglomoil.com.vn\/en\/wp-json\/wp\/v2\/product_cat?post=9645"},{"taxonomy":"product_tag","embeddable":true,"href":"https:\/\/anglomoil.com.vn\/en\/wp-json\/wp\/v2\/product_tag?post=9645"}],"curies":[{"name":"wp","href":"https:\/\/api.w.org\/{rel}","templated":true}]}}