{"id":9641,"date":"2023-11-02T10:52:52","date_gmt":"2023-11-02T03:52:52","guid":{"rendered":"https:\/\/heboracollagen.shop\/san-pham\/turbomaster-60-sae-20w-50\/"},"modified":"2023-11-17T15:09:27","modified_gmt":"2023-11-17T08:09:27","slug":"turbomaster-60-sae-20w-50","status":"publish","type":"product","link":"https:\/\/anglomoil.com.vn\/en\/product\/turbomaster-60-sae-20w-50\/","title":{"rendered":"TURBOMASTER 60 <p\/>SAE 20W-50"},"content":{"rendered":"<div>TURBOMASTER 60 l\u00e0 d\u1ea7u \u0111\u1ed9ng c\u01a1 diesel v\u00e0 x\u0103ng 4 th\u00ec ch\u1ea5t l\u01b0\u1ee3ng cao, \u0111\u01b0\u1ee3c pha ch\u1ebf t\u1eeb d\u1ea7u g\u1ed1c v\u00e0 ph\u1ee5 gia cao c\u1ea5p, ph\u00f9 h\u1ee3p cho c\u00e1c lo\u1ea1i \u0111\u1ed9ng c\u01a1 h\u00fat kh\u00ed t\u1ef1 nhi\u00ean v\u00e0 t\u0103ng \u00e1p (turbo) ho\u1ea1t \u0111\u1ed9ng c\u1ea3 trong \u0111i\u1ec1u ki\u1ec7n kh\u1eafc nghi\u1ec7t, t\u1ed1c \u0111\u1ed9 v\u00e0 t\u1ea3i tr\u1ecdng cao.<\/div>\n<div><\/div>\n<div><strong>T\u00cdNH N\u0102NG:<\/strong><\/div>\n<div>&#8211; T\u1ea9y r\u1eeda v\u00e0 ph\u00e2n t\u00e1n t\u1ed1t l\u00e0m s\u1ea1ch \u0111\u1ed9ng c\u01a1, h\u1ea1n ch\u1ebf c\u1eb7n b\u1ea9n, mu\u1ed9i than.<\/div>\n<div>&#8211; M\u00e0ng d\u1ea7u b\u00f4i tr\u01a1n t\u1ed1i \u01b0u, gi\u1ea3m m\u00e0i m\u00f2n, t\u0103ng tu\u1ed5i th\u1ecd \u0111\u1ed9ng c\u01a1.<\/div>\n<div>&#8211; \u0110\u1ed9 linh \u0111\u1ed9ng cao \u1edf nhi\u1ec7t \u0111\u1ed9 th\u1ea5p, d\u1ec5 d\u00e0ng kh\u1edfi \u0111\u1ed9ng.<\/div>\n<div>&#8211; \u0110\u1ed9 nh\u1edbt b\u1ec1n v\u1eefng gi\u00fap \u0111\u1ed9ng c\u01a1 v\u1eadn h\u00e0nh \u1ed5n \u0111\u1ecbnh, h\u1ea1n ch\u1ebf ti\u1ebfng \u1ed3n.<\/div>\n<div>&#8211; K\u00e9o d\u00e0i th\u1eddi gian thay d\u1ea7u, ti\u1ebft ki\u1ec7m chi ph\u00ed.<\/div>\n<div><\/div>\n<div><strong>TH\u00c0NH PH\u1ea6N:<\/strong><\/div>\n<div>D\u1ea7u kho\u00e1ng tinh ch\u1ebf v\u00e0 ph\u1ee5 gia.<\/div>\n<div><\/div>\n<div><strong>\u0110\u1eb6C T\u00cdNH K\u0128 THU\u1eacT:<\/strong><\/div>\n<div>&#8211; C\u1ea5p \u0111\u1ed9 nh\u1edbt: SAE 20W50.<\/div>\n<div>&#8211; C\u1ea5p hi\u1ec7u n\u0103ng: API CF-4\/SG.<\/div>\n<div><\/div>\n<div><strong>TI\u00caU CHU\u1ea8N:<\/strong><\/div>\n<div>&#8211; ACEA E2-96 Issue 5 (2007)<\/div>\n<div>&#8211; MB-Approval 228.1<\/div>\n<div>&#8211; MB-Approval 228.0<\/div>\n<div>&#8211; MAN 270<\/div>\n<div>&#8211; MAN 271<\/div>\n<div><\/div>\n<div>\n<div><strong>\u1ee8NG D\u1ee4NG:<\/strong><\/div>\n<div>&#8211; TURBOMASTER 60 \u0111\u01b0\u1ee3c s\u1eed d\u1ee5ng t\u1ed1i \u01b0u c\u1ea3 cho \u0111\u1ed9ng c\u01a1 diesel h\u00fat kh\u00ed t\u1ef1 nhi\u00ean v\u00e0 t\u0103ng \u00e1p (turbo), ho\u1ea1t \u0111\u1ed9ng \u1edf t\u1ed1c \u0111\u1ed9 v\u00e0 t\u1ea3i tr\u1ecdng cao nh\u01b0 xe bu\u00fdt, xe t\u1ea3i n\u1eb7ng, xe ben, c\u00e1c lo\u1ea1i ph\u01b0\u01a1ng ti\u1ec7n trong c\u00f4ng tr\u01b0\u1eddng x\u00e2y d\u1ef1ng, v\u00e0 c\u00e1c lo\u1ea1i xe c\u00f4ng n\u00f4ng trong n\u00f4ng nghi\u1ec7p v\u00e0 l\u00e2m nghi\u1ec7p,\u2026 y\u00eau c\u1ea7u d\u1ea7u \u0111\u1ed9ng c\u01a1 c\u00f3 c\u1ea5p ch\u1ea5t l\u01b0\u1ee3ng API CF-4 v\u00e0 th\u1ea5p h\u01a1n.<\/div>\n<div>&#8211; TURBOMASTER 60 c\u0169ng s\u1eed d\u1ee5ng \u0111\u01b0\u1ee3c cho \u0111\u1ed9ng c\u01a1 x\u0103ng y\u00eau c\u1ea7u d\u1ea7u \u0111\u1ed9ng c\u01a1 c\u00f3 c\u1ea5p ch\u1ea5t l\u01b0\u1ee3ng API SG v\u00e0 th\u1ea5p h\u01a1n.<\/div>\n<div><\/div>\n<\/div>\n<div><strong>DUNG T\u00cdCH:<\/strong> 1L, 4L, 18L, 20L, 200L, 1000L<\/div>\n<div>\n<div><\/div>\n<div><strong>TH\u00d4NG TIN C\u1ea2NH B\u00c1O:<\/strong><\/div>\n<div>&#8211; B\u1ea3o qu\u1ea3n n\u01a1i kh\u00f4 r\u00e1o, tr\u00e1nh xa ngu\u1ed3n nhi\u1ec7t.<\/div>\n<div>&#8211; Tr\u00e1nh xa t\u1ea7m tay tr\u1ebb em. Kh\u00f4ng \u0111\u01b0\u1ee3c u\u1ed1ng.<\/div>\n<div><\/div>\n<div><strong>AN TO\u00c0N M\u00d4I TR\u01af\u1edcNG:<\/strong><\/div>\n<div>&#8211; Thu gom v\u00e0 t\u1eadp trung d\u1ea7u \u0111\u00e3 qua s\u1eed d\u1ee5ng \u0111\u00fang n\u01a1i quy \u0111\u1ecbnh.<\/div>\n<div>&#8211; Tuy\u1ec7t \u0111\u1ed1i kh\u00f4ng th\u1ea3i ra m\u1eb7t \u0111\u1ea5t, c\u00e1c ngu\u1ed3n n\u01b0\u1edbc, c\u1ed1ng r\u00e3nh, \u2026<\/div>\n<div><\/div>\n<\/div>\n<div><strong>S\u1ea3n xu\u1ea5t v\u00e0 \u0111\u00f3ng g\u00f3i b\u1edfi:\u00a0<\/strong><strong>C\u00f4ng ty TNHH Anglomoil Vi\u1ec7t Nam<\/strong><br \/>\n\u0110\u1ecba ch\u1ec9: \u0110\u01b0\u1eddng s\u1ed1 1, KCN Nh\u01a1n Tr\u1ea1ch 1, X\u00e3 Ph\u01b0\u1edbc Thi\u1ec1n, Huy\u1ec7n Nh\u01a1n Tr\u1ea1ch, T\u1ec9nh \u0110\u1ed3ng Nai.<br \/>\nHotline : <a href=\"tel: 18006149\"><strong>1800.6149<\/strong><\/a><br \/>\nEmail: <a href=\"mailto:cskh@anglomoil.vn\">cskh@anglomoil.vn<\/a><\/div>\n","protected":false},"excerpt":{"rendered":"<div><strong>TI\u00caU CHU\u1ea8N:<\/strong><\/div>\n<div>&#8211; ACEA E2-96 Issue 5 (2007)<\/div>\n<div>&#8211; MB-Approval 228.1<\/div>\n<div>&#8211; MB-Approval 228.0<\/div>\n<div>&#8211; MAN 270<\/div>\n<div>&#8211; MAN 271<\/div>\n<div>\n<div><\/div>\n<\/div>\n<div><strong>DUNG T\u00cdCH:<\/strong> 1L, 4L, 18L, 20L, 200L, 1000L<\/div>\n","protected":false},"featured_media":9338,"comment_status":"closed","ping_status":"closed","template":"","meta":{"_acf_changed":false},"product_brand":[],"product_cat":[136],"product_tag":[],"class_list":{"0":"post-9641","1":"product","2":"type-product","3":"status-publish","4":"has-post-thumbnail","6":"product_cat-products","8":"first","9":"instock","10":"shipping-taxable","11":"product-type-simple"},"acf":[],"yoast_head":"<!-- This site is optimized with the Yoast SEO plugin v27.4 - https:\/\/yoast.com\/product\/yoast-seo-wordpress\/ -->\n<title>TURBOMASTER 60 SAE 20W-50 - ANGLOMOIL VI\u1ec6T NAM<\/title>\n<meta name=\"robots\" content=\"index, follow, max-snippet:-1, max-image-preview:large, max-video-preview:-1\" \/>\n<link rel=\"canonical\" href=\"https:\/\/anglomoil.com.vn\/en\/product\/turbomaster-60-sae-20w-50\/\" \/>\n<meta property=\"og:locale\" content=\"en_US\" \/>\n<meta property=\"og:type\" content=\"article\" \/>\n<meta property=\"og:title\" content=\"TURBOMASTER 60 SAE 20W-50 - ANGLOMOIL VI\u1ec6T NAM\" \/>\n<meta property=\"og:description\" content=\"TI\u00caU CHU\u1ea8N: - ACEA E2-96 Issue 5 (2007) - MB-Approval 228.1 - MB-Approval 228.0 - MAN 270 - MAN 271    DUNG T\u00cdCH: 1L, 4L, 18L, 20L, 200L, 1000L\" \/>\n<meta property=\"og:url\" content=\"https:\/\/anglomoil.com.vn\/product\/turbomaster-60-sae-20w-50\/\" \/>\n<meta property=\"og:site_name\" content=\"ANGLOMOIL VI\u1ec6T NAM\" \/>\n<meta property=\"article:modified_time\" content=\"2023-11-17T08:09:27+00:00\" \/>\n<meta property=\"og:image\" content=\"https:\/\/anglomoil.com.vn\/wp-content\/uploads\/2023\/11\/DE1F60D3-EDDD-491A-9333-F6D506AF6BDF-1220x1536-1.png\" \/>\n\t<meta property=\"og:image:width\" content=\"1024\" \/>\n\t<meta property=\"og:image:height\" content=\"1024\" \/>\n\t<meta property=\"og:image:type\" content=\"image\/png\" \/>\n<meta name=\"twitter:card\" content=\"summary_large_image\" \/>\n<meta name=\"twitter:label1\" content=\"Est. reading time\" \/>\n\t<meta name=\"twitter:data1\" content=\"3 minutes\" \/>\n<script type=\"application\/ld+json\" class=\"yoast-schema-graph\">{\"@context\":\"https:\\\/\\\/schema.org\",\"@graph\":[{\"@type\":\"WebPage\",\"@id\":\"https:\\\/\\\/anglomoil.com.vn\\\/product\\\/turbomaster-60-sae-20w-50\\\/\",\"url\":\"https:\\\/\\\/anglomoil.com.vn\\\/product\\\/turbomaster-60-sae-20w-50\\\/\",\"name\":\"TURBOMASTER 60 SAE 20W-50 - ANGLOMOIL VI\u1ec6T NAM\",\"isPartOf\":{\"@id\":\"https:\\\/\\\/anglomoil.com.vn\\\/#website\"},\"primaryImageOfPage\":{\"@id\":\"https:\\\/\\\/anglomoil.com.vn\\\/product\\\/turbomaster-60-sae-20w-50\\\/#primaryimage\"},\"image\":{\"@id\":\"https:\\\/\\\/anglomoil.com.vn\\\/product\\\/turbomaster-60-sae-20w-50\\\/#primaryimage\"},\"thumbnailUrl\":\"https:\\\/\\\/anglomoil.com.vn\\\/wp-content\\\/uploads\\\/2023\\\/11\\\/DE1F60D3-EDDD-491A-9333-F6D506AF6BDF-1220x1536-1.png\",\"datePublished\":\"2023-11-02T03:52:52+00:00\",\"dateModified\":\"2023-11-17T08:09:27+00:00\",\"breadcrumb\":{\"@id\":\"https:\\\/\\\/anglomoil.com.vn\\\/product\\\/turbomaster-60-sae-20w-50\\\/#breadcrumb\"},\"inLanguage\":\"en-US\",\"potentialAction\":[{\"@type\":\"ReadAction\",\"target\":[\"https:\\\/\\\/anglomoil.com.vn\\\/product\\\/turbomaster-60-sae-20w-50\\\/\"]}]},{\"@type\":\"ImageObject\",\"inLanguage\":\"en-US\",\"@id\":\"https:\\\/\\\/anglomoil.com.vn\\\/product\\\/turbomaster-60-sae-20w-50\\\/#primaryimage\",\"url\":\"https:\\\/\\\/anglomoil.com.vn\\\/wp-content\\\/uploads\\\/2023\\\/11\\\/DE1F60D3-EDDD-491A-9333-F6D506AF6BDF-1220x1536-1.png\",\"contentUrl\":\"https:\\\/\\\/anglomoil.com.vn\\\/wp-content\\\/uploads\\\/2023\\\/11\\\/DE1F60D3-EDDD-491A-9333-F6D506AF6BDF-1220x1536-1.png\",\"width\":1024,\"height\":1024},{\"@type\":\"BreadcrumbList\",\"@id\":\"https:\\\/\\\/anglomoil.com.vn\\\/product\\\/turbomaster-60-sae-20w-50\\\/#breadcrumb\",\"itemListElement\":[{\"@type\":\"ListItem\",\"position\":1,\"name\":\"Home\",\"item\":\"https:\\\/\\\/anglomoil.com.vn\\\/en\\\/\"},{\"@type\":\"ListItem\",\"position\":2,\"name\":\"Products\",\"item\":\"https:\\\/\\\/anglomoil.com.vn\\\/shop\\\/\"},{\"@type\":\"ListItem\",\"position\":3,\"name\":\"TURBOMASTER 60 SAE 20W-50\"}]},{\"@type\":\"WebSite\",\"@id\":\"https:\\\/\\\/anglomoil.com.vn\\\/#website\",\"url\":\"https:\\\/\\\/anglomoil.com.vn\\\/\",\"name\":\"ANGLOMOIL VI\u1ec6T NAM\",\"description\":\"\",\"potentialAction\":[{\"@type\":\"SearchAction\",\"target\":{\"@type\":\"EntryPoint\",\"urlTemplate\":\"https:\\\/\\\/anglomoil.com.vn\\\/?s={search_term_string}\"},\"query-input\":{\"@type\":\"PropertyValueSpecification\",\"valueRequired\":true,\"valueName\":\"search_term_string\"}}],\"inLanguage\":\"en-US\"}]}<\/script>\n<!-- \/ Yoast SEO plugin. -->","yoast_head_json":{"title":"TURBOMASTER 60 SAE 20W-50 - ANGLOMOIL VI\u1ec6T NAM","robots":{"index":"index","follow":"follow","max-snippet":"max-snippet:-1","max-image-preview":"max-image-preview:large","max-video-preview":"max-video-preview:-1"},"canonical":"https:\/\/anglomoil.com.vn\/en\/product\/turbomaster-60-sae-20w-50\/","og_locale":"en_US","og_type":"article","og_title":"TURBOMASTER 60 SAE 20W-50 - ANGLOMOIL VI\u1ec6T NAM","og_description":"TI\u00caU CHU\u1ea8N: - ACEA E2-96 Issue 5 (2007) - MB-Approval 228.1 - MB-Approval 228.0 - MAN 270 - MAN 271    DUNG T\u00cdCH: 1L, 4L, 18L, 20L, 200L, 1000L","og_url":"https:\/\/anglomoil.com.vn\/product\/turbomaster-60-sae-20w-50\/","og_site_name":"ANGLOMOIL VI\u1ec6T NAM","article_modified_time":"2023-11-17T08:09:27+00:00","og_image":[{"width":1024,"height":1024,"url":"https:\/\/anglomoil.com.vn\/wp-content\/uploads\/2023\/11\/DE1F60D3-EDDD-491A-9333-F6D506AF6BDF-1220x1536-1.png","type":"image\/png"}],"twitter_card":"summary_large_image","twitter_misc":{"Est. reading time":"3 minutes"},"schema":{"@context":"https:\/\/schema.org","@graph":[{"@type":"WebPage","@id":"https:\/\/anglomoil.com.vn\/product\/turbomaster-60-sae-20w-50\/","url":"https:\/\/anglomoil.com.vn\/product\/turbomaster-60-sae-20w-50\/","name":"TURBOMASTER 60 SAE 20W-50 - ANGLOMOIL VI\u1ec6T NAM","isPartOf":{"@id":"https:\/\/anglomoil.com.vn\/#website"},"primaryImageOfPage":{"@id":"https:\/\/anglomoil.com.vn\/product\/turbomaster-60-sae-20w-50\/#primaryimage"},"image":{"@id":"https:\/\/anglomoil.com.vn\/product\/turbomaster-60-sae-20w-50\/#primaryimage"},"thumbnailUrl":"https:\/\/anglomoil.com.vn\/wp-content\/uploads\/2023\/11\/DE1F60D3-EDDD-491A-9333-F6D506AF6BDF-1220x1536-1.png","datePublished":"2023-11-02T03:52:52+00:00","dateModified":"2023-11-17T08:09:27+00:00","breadcrumb":{"@id":"https:\/\/anglomoil.com.vn\/product\/turbomaster-60-sae-20w-50\/#breadcrumb"},"inLanguage":"en-US","potentialAction":[{"@type":"ReadAction","target":["https:\/\/anglomoil.com.vn\/product\/turbomaster-60-sae-20w-50\/"]}]},{"@type":"ImageObject","inLanguage":"en-US","@id":"https:\/\/anglomoil.com.vn\/product\/turbomaster-60-sae-20w-50\/#primaryimage","url":"https:\/\/anglomoil.com.vn\/wp-content\/uploads\/2023\/11\/DE1F60D3-EDDD-491A-9333-F6D506AF6BDF-1220x1536-1.png","contentUrl":"https:\/\/anglomoil.com.vn\/wp-content\/uploads\/2023\/11\/DE1F60D3-EDDD-491A-9333-F6D506AF6BDF-1220x1536-1.png","width":1024,"height":1024},{"@type":"BreadcrumbList","@id":"https:\/\/anglomoil.com.vn\/product\/turbomaster-60-sae-20w-50\/#breadcrumb","itemListElement":[{"@type":"ListItem","position":1,"name":"Home","item":"https:\/\/anglomoil.com.vn\/en\/"},{"@type":"ListItem","position":2,"name":"Products","item":"https:\/\/anglomoil.com.vn\/shop\/"},{"@type":"ListItem","position":3,"name":"TURBOMASTER 60 SAE 20W-50"}]},{"@type":"WebSite","@id":"https:\/\/anglomoil.com.vn\/#website","url":"https:\/\/anglomoil.com.vn\/","name":"ANGLOMOIL VI\u1ec6T NAM","description":"","potentialAction":[{"@type":"SearchAction","target":{"@type":"EntryPoint","urlTemplate":"https:\/\/anglomoil.com.vn\/?s={search_term_string}"},"query-input":{"@type":"PropertyValueSpecification","valueRequired":true,"valueName":"search_term_string"}}],"inLanguage":"en-US"}]}},"_links":{"self":[{"href":"https:\/\/anglomoil.com.vn\/en\/wp-json\/wp\/v2\/product\/9641","targetHints":{"allow":["GET"]}}],"collection":[{"href":"https:\/\/anglomoil.com.vn\/en\/wp-json\/wp\/v2\/product"}],"about":[{"href":"https:\/\/anglomoil.com.vn\/en\/wp-json\/wp\/v2\/types\/product"}],"replies":[{"embeddable":true,"href":"https:\/\/anglomoil.com.vn\/en\/wp-json\/wp\/v2\/comments?post=9641"}],"wp:featuredmedia":[{"embeddable":true,"href":"https:\/\/anglomoil.com.vn\/en\/wp-json\/wp\/v2\/media\/9338"}],"wp:attachment":[{"href":"https:\/\/anglomoil.com.vn\/en\/wp-json\/wp\/v2\/media?parent=9641"}],"wp:term":[{"taxonomy":"product_brand","embeddable":true,"href":"https:\/\/anglomoil.com.vn\/en\/wp-json\/wp\/v2\/product_brand?post=9641"},{"taxonomy":"product_cat","embeddable":true,"href":"https:\/\/anglomoil.com.vn\/en\/wp-json\/wp\/v2\/product_cat?post=9641"},{"taxonomy":"product_tag","embeddable":true,"href":"https:\/\/anglomoil.com.vn\/en\/wp-json\/wp\/v2\/product_tag?post=9641"}],"curies":[{"name":"wp","href":"https:\/\/api.w.org\/{rel}","templated":true}]}}