{"id":9638,"date":"2023-11-02T10:53:52","date_gmt":"2023-11-02T03:53:52","guid":{"rendered":"https:\/\/heboracollagen.shop\/san-pham\/turbomaster-100-sae-15w-40\/"},"modified":"2023-11-17T15:08:56","modified_gmt":"2023-11-17T08:08:56","slug":"turbomaster-100-sae-15w-40","status":"publish","type":"product","link":"https:\/\/anglomoil.com.vn\/en\/product\/turbomaster-100-sae-15w-40\/","title":{"rendered":"TURBOMASTER 100 <p\/>SAE 15W-40"},"content":{"rendered":"<div>TURBOMASTER 100 l\u00e0 d\u1ea7u \u0111\u1ed9ng c\u01a1 diesel v\u00e0 x\u0103ng 4 th\u00ec cao c\u1ea5p, \u0111\u01b0\u1ee3c pha ch\u1ebf t\u1eeb d\u1ea7u g\u1ed1c v\u00e0 ph\u1ee5 gia ch\u1ea5t l\u01b0\u1ee3ng cao, ph\u00f9 h\u1ee3p cho c\u00e1c lo\u1ea1i \u0111\u1ed9ng c\u01a1 h\u00fat kh\u00ed t\u1ef1 nhi\u00ean v\u00e0 t\u0103ng \u00e1p (turbo) ho\u1ea1t \u0111\u1ed9ng trong \u0111i\u1ec1u ki\u1ec7n kh\u1eafc nghi\u1ec7t, t\u1ed1c \u0111\u1ed9 v\u00e0 t\u1ea3i tr\u1ecdng cao<\/div>\n<div>TURBOMASTER 100 \u0111\u00e1p \u1ee9ng \u0111\u01b0\u1ee3c ti\u00eau chu\u1ea9n c\u1ee7a Vi\u1ec7n d\u1ea7u kh\u00ed Hoa K\u00ec (API), Hi\u1ec7p h\u1ed9i c\u00e1c nh\u00e0 s\u1ea3n xu\u1ea5t \u00f4t\u00f4 Ch\u00e2u \u00c2u (ACEA) v\u00e0 c\u00e1c ti\u00eau chu\u1ea9n \u0111\u1ed9c l\u1eadp c\u1ee7a c\u00e1c nh\u00e0 s\u1ea3n xu\u1ea5t \u0111\u1ed9ng c\u01a1 danh ti\u1ebfng tr\u00ean th\u1ebf gi\u1edbi nh\u01b0: Cummins, Volvo, Caterpillar, Renault, Mercedes Benz,\u2026.<\/div>\n<div><\/div>\n<div><strong>T\u00cdNH N\u0102NG:<\/strong><\/div>\n<div>&#8211; Ph\u1ee5 gia ki\u1ec1m cao ch\u1ed1ng l\u1ea1i axit sinh ra t\u1eeb nhi\u00ean li\u1ec7u c\u00f3 h\u00e0m l\u01b0\u1ee3ng l\u01b0u hu\u1ef3nh cao.<\/div>\n<div>&#8211; T\u1ea9y r\u1eeda v\u00e0 ph\u00e2n t\u00e1n t\u1ed1t l\u00e0m s\u1ea1ch \u0111\u1ed9ng c\u01a1, h\u1ea1n ch\u1ebf c\u1eb7n b\u1ea9n, mu\u1ed9i than.<\/div>\n<div>&#8211; Bi\u1ebfn t\u00ednh ma s\u00e1t, gi\u1ea3m ma s\u00e1t gi\u00fap \u0111\u1ed9ng c\u01a1 v\u1eadn h\u00e0nh m\u01b0\u1ee3t m\u00e0, ti\u1ebft ki\u1ec7m nhi\u00ean li\u1ec7u.<\/div>\n<div>&#8211; M\u00e0ng d\u1ea7u b\u00f4i tr\u01a1n t\u1ed1i \u01b0u, gi\u1ea3m m\u00e0i m\u00f2n, t\u0103ng tu\u1ed5i th\u1ecd \u0111\u1ed9ng c\u01a1.<\/div>\n<div>&#8211; \u0110\u1ed9 linh \u0111\u1ed9ng cao \u1edf nhi\u1ec7t \u0111\u1ed9 th\u1ea5p, d\u1ec5 d\u00e0ng kh\u1edfi \u0111\u1ed9ng.<\/div>\n<div>&#8211; \u0110\u1ed9 nh\u1edbt b\u1ec1n v\u1eefng gi\u00fap \u0111\u1ed9ng c\u01a1 v\u1eadn h\u00e0nh \u1ed5n \u0111\u1ecbnh, h\u1ea1n ch\u1ebf ti\u1ebfng \u1ed3n.<\/div>\n<div>&#8211; K\u00e9o d\u00e0i th\u1eddi gian thay d\u1ea7u, ti\u1ebft ki\u1ec7m chi ph\u00ed.<\/div>\n<div><\/div>\n<div><strong>TH\u00c0NH PH\u1ea6N:<\/strong><\/div>\n<div>D\u1ea7u kho\u00e1ng tinh ch\u1ebf v\u00e0 ph\u1ee5 gia.<\/div>\n<div><\/div>\n<div><strong>\u0110\u1eb6C T\u00cdNH K\u0128 THU\u1eacT:<\/strong><\/div>\n<div>&#8211; C\u1ea5p \u0111\u1ed9 nh\u1edbt: SAE 15W40.<\/div>\n<div>&#8211; C\u1ea5p hi\u1ec7u n\u0103ng: API CI-4\/SL.<\/div>\n<div><\/div>\n<div><strong>TI\u00caU CHU\u1ea8N \u0110\u1ea0T \u0110\u01af\u1ee2C:<\/strong><\/div>\n<div>&#8211; ACEA E7-16 (2016)<\/div>\n<div>&#8211; MB-Approval 228.3<\/div>\n<div>&#8211; Volvo VDS-3<\/div>\n<div>&#8211; Renault Truck RLD-2<\/div>\n<div>&#8211; Mack EO-N<\/div>\n<div>&#8211; Mack EO-M Plus<\/div>\n<div>&#8211; MAN M 3275<\/div>\n<div>&#8211; Cummins CES 20076<\/div>\n<div>&#8211; Cummins CES 20077<\/div>\n<div>&#8211; Cummins CES 20078<\/div>\n<div>&#8211; CAT ECF-2<\/div>\n<div>&#8211; CAT ECF-1-a<\/div>\n<div>&#8211; MTU Type 2<\/div>\n<div>&#8211; Deutz DQC III-10<\/div>\n<div>&#8211; Detroit Diesel DDC 93K215<\/div>\n<div>&#8211; Global DHD-1<\/div>\n<div><\/div>\n<div>\n<div><strong>\u1ee8NG D\u1ee4NG:<\/strong><\/div>\n<div>&#8211; TURBOMASTER 100 \u0111\u01b0\u1ee3c s\u1eed d\u1ee5ng t\u1ed1i \u01b0u c\u1ea3 cho \u0111\u1ed9ng c\u01a1 diesel h\u00fat kh\u00ed t\u1ef1 nhi\u00ean v\u00e0 t\u0103ng \u00e1p (turbo), ho\u1ea1t \u0111\u1ed9ng \u1edf t\u1ed1c \u0111\u1ed9 v\u00e0 t\u1ea3i tr\u1ecdng cao nh\u01b0 \u0111\u1ed9ng c\u01a1 xe kh\u00e1ch, xe bu\u00fdt, xe container, xe t\u1ea3i n\u1eb7ng, xe c\u00f4ng tr\u01b0\u1eddng khai th\u00e1c,\u2026 y\u00eau c\u1ea7u d\u1ea7u \u0111\u1ed9ng c\u01a1 c\u00f3 c\u1ea5p ch\u1ea5t l\u01b0\u1ee3ng API CI-4 ho\u1eb7c th\u1ea5p h\u01a1n.<\/div>\n<div>&#8211; TURBOMASTER 100 \u0111\u01b0\u1ee3c khuy\u1ebfn ngh\u1ecb s\u1eed d\u1ee5ng cho c\u00e1c lo\u1ea1i \u0111\u1ed9ng c\u01a1 \u0111\u00e1p \u1ee9ng y\u00eau c\u1ea7u kh\u00ed th\u1ea3i t\u1eeb Euro I \u0111\u1ebfn Euro V, c\u00e1c lo\u1ea1i \u0111\u1ed9ng c\u01a1 c\u00f3 h\u1ec7 th\u1ed1ng tu\u1ea7n ho\u00e0n kh\u00ed th\u1ea3i EGR v\u00e0 h\u1ec7 th\u1ed1ng x\u1eed l\u00fd kh\u00ed th\u1ea3i SCR NOx.<\/div>\n<div>&#8211; TURBOMASTER 100 c\u0169ng s\u1eed d\u1ee5ng \u0111\u01b0\u1ee3c cho \u0111\u1ed9ng c\u01a1 x\u0103ng y\u00eau c\u1ea7u d\u1ea7u \u0111\u1ed9ng c\u01a1 c\u00f3 c\u1ea5p ch\u1ea5t l\u01b0\u1ee3ng API SL ho\u1eb7c th\u1ea5p h\u01a1n.<\/div>\n<\/div>\n<div><\/div>\n<div><strong>DUNG T\u00cdCH:<\/strong> 1L, 4L, 18L, 20L, 200L, 1000L<\/div>\n<div>\n<div><\/div>\n<div><strong>TH\u00d4NG TIN C\u1ea2NH B\u00c1O:<\/strong><\/div>\n<div>&#8211; B\u1ea3o qu\u1ea3n n\u01a1i kh\u00f4 r\u00e1o, tr\u00e1nh xa ngu\u1ed3n nhi\u1ec7t.<\/div>\n<div>&#8211; Tr\u00e1nh xa t\u1ea7m tay tr\u1ebb em. Kh\u00f4ng \u0111\u01b0\u1ee3c u\u1ed1ng.<\/div>\n<div><\/div>\n<div><strong>AN TO\u00c0N M\u00d4I TR\u01af\u1edcNG:<\/strong><\/div>\n<div>&#8211; Thu gom v\u00e0 t\u1eadp trung d\u1ea7u \u0111\u00e3 qua s\u1eed d\u1ee5ng \u0111\u00fang n\u01a1i quy \u0111\u1ecbnh.<\/div>\n<div>&#8211; Tuy\u1ec7t \u0111\u1ed1i kh\u00f4ng th\u1ea3i ra m\u1eb7t \u0111\u1ea5t, c\u00e1c ngu\u1ed3n n\u01b0\u1edbc, c\u1ed1ng r\u00e3nh, \u2026<\/div>\n<\/div>\n<div><\/div>\n<div>\n<div class=\"realfactory-woocommerce-tab gdlr-core-tab-item gdlr-core-js gdlr-core-tab-style2-horizontal \">\n<div class=\"gdlr-core-tab-item-content-wrap clearfix\">\n<div class=\"gdlr-core-tab-item-content gdlr-core-active\" data-tab-id=\"1\">\n<div><strong>S\u1ea3n xu\u1ea5t v\u00e0 \u0111\u00f3ng g\u00f3i b\u1edfi:\u00a0<\/strong><strong>C\u00f4ng ty TNHH Anglomoil Vi\u1ec7t Nam<\/strong><br \/>\n\u0110\u1ecba ch\u1ec9: \u0110\u01b0\u1eddng s\u1ed1 1, KCN Nh\u01a1n Tr\u1ea1ch 1, X\u00e3 Ph\u01b0\u1edbc Thi\u1ec1n, Huy\u1ec7n Nh\u01a1n Tr\u1ea1ch, T\u1ec9nh \u0110\u1ed3ng Nai.<br \/>\nHotline : <a href=\"tel: 18006149\"><strong>1800.6149<\/strong><\/a><br \/>\nEmail: <a href=\"mailto:cskh@anglomoil.vn\">cskh@anglomoil.vn<\/a><\/div>\n<\/div>\n<\/div>\n<\/div>\n<section class=\"related products\"><\/section>\n<\/div>\n","protected":false},"excerpt":{"rendered":"<div><strong>\u0110\u1eb6C T\u00cdNH K\u0128 THU\u1eacT:<\/strong><\/div>\n<div>&#8211; C\u1ea5p \u0111\u1ed9 nh\u1edbt: SAE 15W40.<\/div>\n<div>&#8211; C\u1ea5p hi\u1ec7u n\u0103ng: API CI-4\/SL.<\/div>\n<div><\/div>\n<div><strong>DUNG T\u00cdCH:<\/strong> 1L, 4L, 18L, 20L, 200L, 1000L<\/div>\n","protected":false},"featured_media":9318,"comment_status":"closed","ping_status":"closed","template":"","meta":{"_acf_changed":false},"product_brand":[],"product_cat":[136],"product_tag":[],"class_list":{"0":"post-9638","1":"product","2":"type-product","3":"status-publish","4":"has-post-thumbnail","6":"product_cat-products","8":"first","9":"instock","10":"shipping-taxable","11":"product-type-simple"},"acf":[],"yoast_head":"<!-- This site is optimized with the Yoast SEO plugin v27.4 - https:\/\/yoast.com\/product\/yoast-seo-wordpress\/ -->\n<title>TURBOMASTER 100 SAE 15W-40 - ANGLOMOIL VI\u1ec6T NAM<\/title>\n<meta name=\"robots\" content=\"index, follow, max-snippet:-1, max-image-preview:large, max-video-preview:-1\" \/>\n<link rel=\"canonical\" href=\"https:\/\/anglomoil.com.vn\/en\/product\/turbomaster-100-sae-15w-40\/\" \/>\n<meta property=\"og:locale\" content=\"en_US\" \/>\n<meta property=\"og:type\" content=\"article\" \/>\n<meta property=\"og:title\" content=\"TURBOMASTER 100 SAE 15W-40 - ANGLOMOIL VI\u1ec6T NAM\" \/>\n<meta property=\"og:description\" content=\"\u0110\u1eb6C T\u00cdNH K\u0128 THU\u1eacT: - C\u1ea5p \u0111\u1ed9 nh\u1edbt: SAE 15W40. - C\u1ea5p hi\u1ec7u n\u0103ng: API CI-4\/SL.  DUNG T\u00cdCH: 1L, 4L, 18L, 20L, 200L, 1000L\" \/>\n<meta property=\"og:url\" content=\"https:\/\/anglomoil.com.vn\/product\/turbomaster-100-sae-15w-40\/\" \/>\n<meta property=\"og:site_name\" content=\"ANGLOMOIL VI\u1ec6T NAM\" \/>\n<meta property=\"article:modified_time\" content=\"2023-11-17T08:08:56+00:00\" \/>\n<meta property=\"og:image\" content=\"https:\/\/anglomoil.com.vn\/wp-content\/uploads\/2023\/11\/0943D931-D20B-4678-A8CB-5300BE160869-1152x1536-1.png\" \/>\n\t<meta property=\"og:image:width\" content=\"1024\" \/>\n\t<meta property=\"og:image:height\" content=\"1024\" \/>\n\t<meta property=\"og:image:type\" content=\"image\/png\" \/>\n<meta name=\"twitter:card\" content=\"summary_large_image\" \/>\n<meta name=\"twitter:label1\" content=\"Est. reading time\" \/>\n\t<meta name=\"twitter:data1\" content=\"4 minutes\" \/>\n<script type=\"application\/ld+json\" class=\"yoast-schema-graph\">{\"@context\":\"https:\\\/\\\/schema.org\",\"@graph\":[{\"@type\":\"WebPage\",\"@id\":\"https:\\\/\\\/anglomoil.com.vn\\\/product\\\/turbomaster-100-sae-15w-40\\\/\",\"url\":\"https:\\\/\\\/anglomoil.com.vn\\\/product\\\/turbomaster-100-sae-15w-40\\\/\",\"name\":\"TURBOMASTER 100 SAE 15W-40 - ANGLOMOIL VI\u1ec6T NAM\",\"isPartOf\":{\"@id\":\"https:\\\/\\\/anglomoil.com.vn\\\/#website\"},\"primaryImageOfPage\":{\"@id\":\"https:\\\/\\\/anglomoil.com.vn\\\/product\\\/turbomaster-100-sae-15w-40\\\/#primaryimage\"},\"image\":{\"@id\":\"https:\\\/\\\/anglomoil.com.vn\\\/product\\\/turbomaster-100-sae-15w-40\\\/#primaryimage\"},\"thumbnailUrl\":\"https:\\\/\\\/anglomoil.com.vn\\\/wp-content\\\/uploads\\\/2023\\\/11\\\/0943D931-D20B-4678-A8CB-5300BE160869-1152x1536-1.png\",\"datePublished\":\"2023-11-02T03:53:52+00:00\",\"dateModified\":\"2023-11-17T08:08:56+00:00\",\"breadcrumb\":{\"@id\":\"https:\\\/\\\/anglomoil.com.vn\\\/product\\\/turbomaster-100-sae-15w-40\\\/#breadcrumb\"},\"inLanguage\":\"en-US\",\"potentialAction\":[{\"@type\":\"ReadAction\",\"target\":[\"https:\\\/\\\/anglomoil.com.vn\\\/product\\\/turbomaster-100-sae-15w-40\\\/\"]}]},{\"@type\":\"ImageObject\",\"inLanguage\":\"en-US\",\"@id\":\"https:\\\/\\\/anglomoil.com.vn\\\/product\\\/turbomaster-100-sae-15w-40\\\/#primaryimage\",\"url\":\"https:\\\/\\\/anglomoil.com.vn\\\/wp-content\\\/uploads\\\/2023\\\/11\\\/0943D931-D20B-4678-A8CB-5300BE160869-1152x1536-1.png\",\"contentUrl\":\"https:\\\/\\\/anglomoil.com.vn\\\/wp-content\\\/uploads\\\/2023\\\/11\\\/0943D931-D20B-4678-A8CB-5300BE160869-1152x1536-1.png\",\"width\":1024,\"height\":1024},{\"@type\":\"BreadcrumbList\",\"@id\":\"https:\\\/\\\/anglomoil.com.vn\\\/product\\\/turbomaster-100-sae-15w-40\\\/#breadcrumb\",\"itemListElement\":[{\"@type\":\"ListItem\",\"position\":1,\"name\":\"Home\",\"item\":\"https:\\\/\\\/anglomoil.com.vn\\\/en\\\/\"},{\"@type\":\"ListItem\",\"position\":2,\"name\":\"Products\",\"item\":\"https:\\\/\\\/anglomoil.com.vn\\\/shop\\\/\"},{\"@type\":\"ListItem\",\"position\":3,\"name\":\"TURBOMASTER 100 SAE 15W-40\"}]},{\"@type\":\"WebSite\",\"@id\":\"https:\\\/\\\/anglomoil.com.vn\\\/#website\",\"url\":\"https:\\\/\\\/anglomoil.com.vn\\\/\",\"name\":\"ANGLOMOIL VI\u1ec6T NAM\",\"description\":\"\",\"potentialAction\":[{\"@type\":\"SearchAction\",\"target\":{\"@type\":\"EntryPoint\",\"urlTemplate\":\"https:\\\/\\\/anglomoil.com.vn\\\/?s={search_term_string}\"},\"query-input\":{\"@type\":\"PropertyValueSpecification\",\"valueRequired\":true,\"valueName\":\"search_term_string\"}}],\"inLanguage\":\"en-US\"}]}<\/script>\n<!-- \/ Yoast SEO plugin. -->","yoast_head_json":{"title":"TURBOMASTER 100 SAE 15W-40 - ANGLOMOIL VI\u1ec6T NAM","robots":{"index":"index","follow":"follow","max-snippet":"max-snippet:-1","max-image-preview":"max-image-preview:large","max-video-preview":"max-video-preview:-1"},"canonical":"https:\/\/anglomoil.com.vn\/en\/product\/turbomaster-100-sae-15w-40\/","og_locale":"en_US","og_type":"article","og_title":"TURBOMASTER 100 SAE 15W-40 - ANGLOMOIL VI\u1ec6T NAM","og_description":"\u0110\u1eb6C T\u00cdNH K\u0128 THU\u1eacT: - C\u1ea5p \u0111\u1ed9 nh\u1edbt: SAE 15W40. - C\u1ea5p hi\u1ec7u n\u0103ng: API CI-4\/SL.  DUNG T\u00cdCH: 1L, 4L, 18L, 20L, 200L, 1000L","og_url":"https:\/\/anglomoil.com.vn\/product\/turbomaster-100-sae-15w-40\/","og_site_name":"ANGLOMOIL VI\u1ec6T NAM","article_modified_time":"2023-11-17T08:08:56+00:00","og_image":[{"width":1024,"height":1024,"url":"https:\/\/anglomoil.com.vn\/wp-content\/uploads\/2023\/11\/0943D931-D20B-4678-A8CB-5300BE160869-1152x1536-1.png","type":"image\/png"}],"twitter_card":"summary_large_image","twitter_misc":{"Est. reading time":"4 minutes"},"schema":{"@context":"https:\/\/schema.org","@graph":[{"@type":"WebPage","@id":"https:\/\/anglomoil.com.vn\/product\/turbomaster-100-sae-15w-40\/","url":"https:\/\/anglomoil.com.vn\/product\/turbomaster-100-sae-15w-40\/","name":"TURBOMASTER 100 SAE 15W-40 - ANGLOMOIL VI\u1ec6T NAM","isPartOf":{"@id":"https:\/\/anglomoil.com.vn\/#website"},"primaryImageOfPage":{"@id":"https:\/\/anglomoil.com.vn\/product\/turbomaster-100-sae-15w-40\/#primaryimage"},"image":{"@id":"https:\/\/anglomoil.com.vn\/product\/turbomaster-100-sae-15w-40\/#primaryimage"},"thumbnailUrl":"https:\/\/anglomoil.com.vn\/wp-content\/uploads\/2023\/11\/0943D931-D20B-4678-A8CB-5300BE160869-1152x1536-1.png","datePublished":"2023-11-02T03:53:52+00:00","dateModified":"2023-11-17T08:08:56+00:00","breadcrumb":{"@id":"https:\/\/anglomoil.com.vn\/product\/turbomaster-100-sae-15w-40\/#breadcrumb"},"inLanguage":"en-US","potentialAction":[{"@type":"ReadAction","target":["https:\/\/anglomoil.com.vn\/product\/turbomaster-100-sae-15w-40\/"]}]},{"@type":"ImageObject","inLanguage":"en-US","@id":"https:\/\/anglomoil.com.vn\/product\/turbomaster-100-sae-15w-40\/#primaryimage","url":"https:\/\/anglomoil.com.vn\/wp-content\/uploads\/2023\/11\/0943D931-D20B-4678-A8CB-5300BE160869-1152x1536-1.png","contentUrl":"https:\/\/anglomoil.com.vn\/wp-content\/uploads\/2023\/11\/0943D931-D20B-4678-A8CB-5300BE160869-1152x1536-1.png","width":1024,"height":1024},{"@type":"BreadcrumbList","@id":"https:\/\/anglomoil.com.vn\/product\/turbomaster-100-sae-15w-40\/#breadcrumb","itemListElement":[{"@type":"ListItem","position":1,"name":"Home","item":"https:\/\/anglomoil.com.vn\/en\/"},{"@type":"ListItem","position":2,"name":"Products","item":"https:\/\/anglomoil.com.vn\/shop\/"},{"@type":"ListItem","position":3,"name":"TURBOMASTER 100 SAE 15W-40"}]},{"@type":"WebSite","@id":"https:\/\/anglomoil.com.vn\/#website","url":"https:\/\/anglomoil.com.vn\/","name":"ANGLOMOIL VI\u1ec6T NAM","description":"","potentialAction":[{"@type":"SearchAction","target":{"@type":"EntryPoint","urlTemplate":"https:\/\/anglomoil.com.vn\/?s={search_term_string}"},"query-input":{"@type":"PropertyValueSpecification","valueRequired":true,"valueName":"search_term_string"}}],"inLanguage":"en-US"}]}},"_links":{"self":[{"href":"https:\/\/anglomoil.com.vn\/en\/wp-json\/wp\/v2\/product\/9638","targetHints":{"allow":["GET"]}}],"collection":[{"href":"https:\/\/anglomoil.com.vn\/en\/wp-json\/wp\/v2\/product"}],"about":[{"href":"https:\/\/anglomoil.com.vn\/en\/wp-json\/wp\/v2\/types\/product"}],"replies":[{"embeddable":true,"href":"https:\/\/anglomoil.com.vn\/en\/wp-json\/wp\/v2\/comments?post=9638"}],"wp:featuredmedia":[{"embeddable":true,"href":"https:\/\/anglomoil.com.vn\/en\/wp-json\/wp\/v2\/media\/9318"}],"wp:attachment":[{"href":"https:\/\/anglomoil.com.vn\/en\/wp-json\/wp\/v2\/media?parent=9638"}],"wp:term":[{"taxonomy":"product_brand","embeddable":true,"href":"https:\/\/anglomoil.com.vn\/en\/wp-json\/wp\/v2\/product_brand?post=9638"},{"taxonomy":"product_cat","embeddable":true,"href":"https:\/\/anglomoil.com.vn\/en\/wp-json\/wp\/v2\/product_cat?post=9638"},{"taxonomy":"product_tag","embeddable":true,"href":"https:\/\/anglomoil.com.vn\/en\/wp-json\/wp\/v2\/product_tag?post=9638"}],"curies":[{"name":"wp","href":"https:\/\/api.w.org\/{rel}","templated":true}]}}