{"id":9633,"date":"2023-11-02T10:54:12","date_gmt":"2023-11-02T03:54:12","guid":{"rendered":"https:\/\/heboracollagen.shop\/san-pham\/multitrac\/"},"modified":"2023-11-17T15:09:02","modified_gmt":"2023-11-17T08:09:02","slug":"multitrac","status":"publish","type":"product","link":"https:\/\/anglomoil.com.vn\/en\/product\/multitrac\/","title":{"rendered":"MULTITRAC"},"content":{"rendered":"<div>MULTITRAC l\u00e0 d\u1ea7u truy\u1ec1n \u0111\u1ed9ng \u0111a n\u0103ng cao c\u1ea5p (UTTO) \u0111\u01b0\u1ee3c s\u1ea3n xu\u1ea5t t\u1eeb d\u1ea7u g\u1ed1c ch\u1ea5t\u00a0l\u01b0\u1ee3ng cao c\u00f9ng h\u1ec7 ph\u1ee5 gia ti\u00ean ti\u1ebfn, \u0111\u00e1p \u1ee9ng nhu c\u1ea7u l\u00e0m vi\u1ec7c v\u1edbi c\u01b0\u1eddng \u0111\u1ed9 cao c\u1ee7a c\u00e1c\u00a0h\u1ec7 th\u1ed1ng truy\u1ec1n \u0111\u1ed9ng, th\u1ee7y l\u1ef1c, phanh, ly h\u1ee3p c\u1ee7a c\u00e1c m\u00e1y m\u00f3c thi\u1ebft b\u1ecb n\u00f4ng nghi\u1ec7p, l\u00e2m\u00a0nghi\u1ec7p, xe \u0111\u1ea9y, xe k\u00e9o,\u2026<\/div>\n<div><\/div>\n<div><strong>T\u00cdNH N\u0102NG V\u00c0 \u01afU \u0110I\u1ec2M:<\/strong><\/div>\n<div>&#8211; T\u1ed1i \u01b0u hi\u1ec7u su\u1ea5t l\u00e0m vi\u1ec7c c\u1ee7a b\u1ed9 ly h\u1ee3p, phanh \u01b0\u1edbt, th\u1ee7 l\u1ef1c,\u2026<\/div>\n<div>&#8211; \u1ed4n \u0111\u1ecbnh nhi\u1ec7t, ch\u1ed1ng oxy h\u00f3a t\u1ed1t, h\u1ea1n ch\u1ebf t\u1ea1o c\u1eb7n ng\u0103n t\u1eaft ngh\u1ebdn \u0111\u01b0\u1eddng \u1ed1ng, k\u00e9o\u00a0d\u00e0i chu k\u00ec s\u1eed d\u1ee5ng.<\/div>\n<div>&#8211; Ch\u1ed1ng g\u1ec9 s\u00e9t, ch\u1ed1ng \u0103n m\u00f2n cao, gi\u00fap t\u0103ng tu\u1ed5i th\u1ecd thi\u1ebft b\u1ecb.<\/div>\n<div><\/div>\n<div><strong>TI\u00caU CHU\u1ea8N \u0110\u00c1P \u1ee8NG:<\/strong><\/div>\n<div>&#8211; Case New Holland MAT 3505,MAT 3540<\/div>\n<div>&#8211; AGCO Massey-Ferguson M-1145,White Q-1826<\/div>\n<div>&#8211; Volvo VCE 1273.03, WB-101, WB-102<\/div>\n<div>&#8211; Kubota UDT, Super UDT, Super UDT2<\/div>\n<div>&#8211; Parker (Denison) HF-0, HF-1, HF-2<\/div>\n<div>&#8211; Eaton Vickers<\/div>\n<div>&#8211; Allison C-4<\/div>\n<div>&#8211; API GL-4<\/div>\n<div>&#8211; Caterpillar TO-2<\/div>\n<div><\/div>\n<div>\n<div><strong>\u1ee8NG D\u1ee4NG:<\/strong><\/div>\n<div>MULTITRAC \u0111\u01b0\u1ee3c khuy\u1ebfn c\u00e1o s\u1eed d\u1ee5ng trong h\u1ec7 th\u1ed1ng truy\u1ec1n \u0111\u1ed9ng b\u00e1nh r\u0103ng, c\u1ea7u\u00a0sau, h\u1ec7 th\u1ed1ng phanh \u01b0\u1edbt, th\u1ee7y l\u1ef1c, h\u1ed9p s\u1ed1 c\u1ee7a m\u00e1y c\u00e0y, m\u00e1y g\u1eb7t \u0111\u1eadp, m\u00e1y k\u00e9o, \u2026 c\u1ee7a\u00a0c\u00e1c h\u00e3ng nh\u01b0 Kubota, Caterpillar,\u2026<\/div>\n<\/div>\n<div><\/div>\n<div><strong>DUNG T\u00cdCH<\/strong>: 1L, 4L,18L, 20L, 200L, 1000L<\/div>\n<div>\n<div><\/div>\n<div><strong>TH\u00d4NG TIN C\u1ea2NH B\u00c1O:<\/strong><\/div>\n<div>&#8211; B\u1ea3o qu\u1ea3n n\u01a1i kh\u00f4 r\u00e1o, tr\u00e1nh xa ngu\u1ed3n nhi\u1ec7t.<\/div>\n<div>&#8211; Tr\u00e1nh xa t\u1ea7m tay tr\u1ebb em. Kh\u00f4ng \u0111\u01b0\u1ee3c u\u1ed1ng.<\/div>\n<div><\/div>\n<div><strong>AN TO\u00c0N M\u00d4I TR\u01af\u1edcNG:<\/strong><\/div>\n<div>&#8211; Thu gom v\u00e0 t\u1eadp trung d\u1ea7u \u0111\u00e3 qua s\u1eed d\u1ee5ng \u0111\u00fang n\u01a1i quy \u0111\u1ecbnh.<\/div>\n<div>&#8211; Tuy\u1ec7t \u0111\u1ed1i kh\u00f4ng th\u1ea3i ra m\u1eb7t \u0111\u1ea5t, c\u00e1c ngu\u1ed3n n\u01b0\u1edbc, c\u1ed1ng r\u00e3nh, \u2026<\/div>\n<\/div>\n<div><\/div>\n<div><strong>S\u1ea3n xu\u1ea5t v\u00e0 \u0111\u00f3ng g\u00f3i b\u1edfi:\u00a0<\/strong><strong>C\u00f4ng ty TNHH Anglomoil Vi\u1ec7t Nam<\/strong><br \/>\n\u0110\u1ecba ch\u1ec9: \u0110\u01b0\u1eddng s\u1ed1 1, KCN Nh\u01a1n Tr\u1ea1ch 1, X\u00e3 Ph\u01b0\u1edbc Thi\u1ec1n, Huy\u1ec7n Nh\u01a1n Tr\u1ea1ch, T\u1ec9nh \u0110\u1ed3ng Nai.<br \/>\nHotline : <a href=\"tel: 18006149\"><strong>1800.6149<\/strong><\/a><br \/>\nEmail: <a href=\"mailto:cskh@anglomoil.vn\">cskh@anglomoil.vn<\/a><\/div>\n","protected":false},"excerpt":{"rendered":"<div><strong>TI\u00caU CHU\u1ea8N \u0110\u00c1P \u1ee8NG:<\/strong><\/div>\n<div>&#8211; Case New Holland MAT 3505,MAT 3540<\/div>\n<div>&#8211; AGCO Massey-Ferguson M-1145,White Q-1826<\/div>\n<div>&#8211; Volvo VCE 1273.03, WB-101, WB-102<\/div>\n<div>&#8211; Kubota UDT, Super UDT, Super UDT2<\/div>\n<div>&#8211; Parker (Denison) HF-0, HF-1, HF-2<\/div>\n<div>&#8211; Eaton Vickers<\/div>\n<div>&#8211; Allison C-4<\/div>\n<div>&#8211; API GL-4<\/div>\n<div>&#8211; Caterpillar TO-2<\/div>\n<div>\n<p><strong>DUNG T\u00cdCH:<\/strong> 1L, 4L,18L, 20L, 200L, 1000L<\/p>\n<\/div>\n","protected":false},"featured_media":9634,"comment_status":"closed","ping_status":"closed","template":"","meta":{"_acf_changed":false},"product_brand":[],"product_cat":[136],"product_tag":[],"class_list":{"0":"post-9633","1":"product","2":"type-product","3":"status-publish","4":"has-post-thumbnail","6":"product_cat-products","8":"first","9":"instock","10":"shipping-taxable","11":"product-type-simple"},"acf":[],"yoast_head":"<!-- This site is optimized with the Yoast SEO plugin v27.4 - https:\/\/yoast.com\/product\/yoast-seo-wordpress\/ -->\n<title>MULTITRAC - ANGLOMOIL VI\u1ec6T NAM<\/title>\n<meta name=\"robots\" content=\"index, follow, max-snippet:-1, max-image-preview:large, max-video-preview:-1\" \/>\n<link rel=\"canonical\" href=\"https:\/\/anglomoil.com.vn\/en\/product\/multitrac\/\" \/>\n<meta property=\"og:locale\" content=\"en_US\" \/>\n<meta property=\"og:type\" content=\"article\" \/>\n<meta property=\"og:title\" content=\"MULTITRAC - ANGLOMOIL VI\u1ec6T NAM\" \/>\n<meta property=\"og:description\" content=\"TI\u00caU CHU\u1ea8N \u0110\u00c1P \u1ee8NG: - Case New Holland MAT 3505,MAT 3540 - AGCO Massey-Ferguson M-1145,White Q-1826 - Volvo VCE 1273.03, WB-101, WB-102 - Kubota UDT, Super UDT, Super UDT2 - Parker (Denison) HF-0, HF-1, HF-2 - Eaton Vickers - Allison C-4 - API GL-4 - Caterpillar TO-2   DUNG T\u00cdCH: 1L, 4L,18L, 20L, 200L, 1000L\" \/>\n<meta property=\"og:url\" content=\"https:\/\/anglomoil.com.vn\/en\/product\/multitrac\/\" \/>\n<meta property=\"og:site_name\" content=\"ANGLOMOIL VI\u1ec6T NAM\" \/>\n<meta property=\"article:modified_time\" content=\"2023-11-17T08:09:02+00:00\" \/>\n<meta property=\"og:image\" content=\"https:\/\/anglomoil.com.vn\/wp-content\/uploads\/2023\/11\/PHUY-1-1024x1024.png\" \/>\n\t<meta property=\"og:image:width\" content=\"1024\" \/>\n\t<meta property=\"og:image:height\" content=\"1024\" \/>\n\t<meta property=\"og:image:type\" content=\"image\/png\" \/>\n<meta name=\"twitter:card\" content=\"summary_large_image\" \/>\n<meta name=\"twitter:label1\" content=\"Est. reading time\" \/>\n\t<meta name=\"twitter:data1\" content=\"2 minutes\" \/>\n<script type=\"application\/ld+json\" class=\"yoast-schema-graph\">{\"@context\":\"https:\\\/\\\/schema.org\",\"@graph\":[{\"@type\":\"WebPage\",\"@id\":\"https:\\\/\\\/anglomoil.com.vn\\\/en\\\/product\\\/multitrac\\\/\",\"url\":\"https:\\\/\\\/anglomoil.com.vn\\\/en\\\/product\\\/multitrac\\\/\",\"name\":\"MULTITRAC - ANGLOMOIL VI\u1ec6T NAM\",\"isPartOf\":{\"@id\":\"https:\\\/\\\/anglomoil.com.vn\\\/#website\"},\"primaryImageOfPage\":{\"@id\":\"https:\\\/\\\/anglomoil.com.vn\\\/en\\\/product\\\/multitrac\\\/#primaryimage\"},\"image\":{\"@id\":\"https:\\\/\\\/anglomoil.com.vn\\\/en\\\/product\\\/multitrac\\\/#primaryimage\"},\"thumbnailUrl\":\"https:\\\/\\\/anglomoil.com.vn\\\/wp-content\\\/uploads\\\/2023\\\/11\\\/PHUY-1.png\",\"datePublished\":\"2023-11-02T03:54:12+00:00\",\"dateModified\":\"2023-11-17T08:09:02+00:00\",\"breadcrumb\":{\"@id\":\"https:\\\/\\\/anglomoil.com.vn\\\/en\\\/product\\\/multitrac\\\/#breadcrumb\"},\"inLanguage\":\"en-US\",\"potentialAction\":[{\"@type\":\"ReadAction\",\"target\":[\"https:\\\/\\\/anglomoil.com.vn\\\/en\\\/product\\\/multitrac\\\/\"]}]},{\"@type\":\"ImageObject\",\"inLanguage\":\"en-US\",\"@id\":\"https:\\\/\\\/anglomoil.com.vn\\\/en\\\/product\\\/multitrac\\\/#primaryimage\",\"url\":\"https:\\\/\\\/anglomoil.com.vn\\\/wp-content\\\/uploads\\\/2023\\\/11\\\/PHUY-1.png\",\"contentUrl\":\"https:\\\/\\\/anglomoil.com.vn\\\/wp-content\\\/uploads\\\/2023\\\/11\\\/PHUY-1.png\",\"width\":7710,\"height\":7710},{\"@type\":\"BreadcrumbList\",\"@id\":\"https:\\\/\\\/anglomoil.com.vn\\\/en\\\/product\\\/multitrac\\\/#breadcrumb\",\"itemListElement\":[{\"@type\":\"ListItem\",\"position\":1,\"name\":\"Home\",\"item\":\"https:\\\/\\\/anglomoil.com.vn\\\/en\\\/\"},{\"@type\":\"ListItem\",\"position\":2,\"name\":\"Products\",\"item\":\"https:\\\/\\\/anglomoil.com.vn\\\/shop\\\/\"},{\"@type\":\"ListItem\",\"position\":3,\"name\":\"MULTITRAC\"}]},{\"@type\":\"WebSite\",\"@id\":\"https:\\\/\\\/anglomoil.com.vn\\\/#website\",\"url\":\"https:\\\/\\\/anglomoil.com.vn\\\/\",\"name\":\"ANGLOMOIL VI\u1ec6T NAM\",\"description\":\"\",\"potentialAction\":[{\"@type\":\"SearchAction\",\"target\":{\"@type\":\"EntryPoint\",\"urlTemplate\":\"https:\\\/\\\/anglomoil.com.vn\\\/?s={search_term_string}\"},\"query-input\":{\"@type\":\"PropertyValueSpecification\",\"valueRequired\":true,\"valueName\":\"search_term_string\"}}],\"inLanguage\":\"en-US\"}]}<\/script>\n<!-- \/ Yoast SEO plugin. -->","yoast_head_json":{"title":"MULTITRAC - ANGLOMOIL VI\u1ec6T NAM","robots":{"index":"index","follow":"follow","max-snippet":"max-snippet:-1","max-image-preview":"max-image-preview:large","max-video-preview":"max-video-preview:-1"},"canonical":"https:\/\/anglomoil.com.vn\/en\/product\/multitrac\/","og_locale":"en_US","og_type":"article","og_title":"MULTITRAC - ANGLOMOIL VI\u1ec6T NAM","og_description":"TI\u00caU CHU\u1ea8N \u0110\u00c1P \u1ee8NG: - Case New Holland MAT 3505,MAT 3540 - AGCO Massey-Ferguson M-1145,White Q-1826 - Volvo VCE 1273.03, WB-101, WB-102 - Kubota UDT, Super UDT, Super UDT2 - Parker (Denison) HF-0, HF-1, HF-2 - Eaton Vickers - Allison C-4 - API GL-4 - Caterpillar TO-2   DUNG T\u00cdCH: 1L, 4L,18L, 20L, 200L, 1000L","og_url":"https:\/\/anglomoil.com.vn\/en\/product\/multitrac\/","og_site_name":"ANGLOMOIL VI\u1ec6T NAM","article_modified_time":"2023-11-17T08:09:02+00:00","og_image":[{"width":1024,"height":1024,"url":"https:\/\/anglomoil.com.vn\/wp-content\/uploads\/2023\/11\/PHUY-1-1024x1024.png","type":"image\/png"}],"twitter_card":"summary_large_image","twitter_misc":{"Est. reading time":"2 minutes"},"schema":{"@context":"https:\/\/schema.org","@graph":[{"@type":"WebPage","@id":"https:\/\/anglomoil.com.vn\/en\/product\/multitrac\/","url":"https:\/\/anglomoil.com.vn\/en\/product\/multitrac\/","name":"MULTITRAC - ANGLOMOIL VI\u1ec6T NAM","isPartOf":{"@id":"https:\/\/anglomoil.com.vn\/#website"},"primaryImageOfPage":{"@id":"https:\/\/anglomoil.com.vn\/en\/product\/multitrac\/#primaryimage"},"image":{"@id":"https:\/\/anglomoil.com.vn\/en\/product\/multitrac\/#primaryimage"},"thumbnailUrl":"https:\/\/anglomoil.com.vn\/wp-content\/uploads\/2023\/11\/PHUY-1.png","datePublished":"2023-11-02T03:54:12+00:00","dateModified":"2023-11-17T08:09:02+00:00","breadcrumb":{"@id":"https:\/\/anglomoil.com.vn\/en\/product\/multitrac\/#breadcrumb"},"inLanguage":"en-US","potentialAction":[{"@type":"ReadAction","target":["https:\/\/anglomoil.com.vn\/en\/product\/multitrac\/"]}]},{"@type":"ImageObject","inLanguage":"en-US","@id":"https:\/\/anglomoil.com.vn\/en\/product\/multitrac\/#primaryimage","url":"https:\/\/anglomoil.com.vn\/wp-content\/uploads\/2023\/11\/PHUY-1.png","contentUrl":"https:\/\/anglomoil.com.vn\/wp-content\/uploads\/2023\/11\/PHUY-1.png","width":7710,"height":7710},{"@type":"BreadcrumbList","@id":"https:\/\/anglomoil.com.vn\/en\/product\/multitrac\/#breadcrumb","itemListElement":[{"@type":"ListItem","position":1,"name":"Home","item":"https:\/\/anglomoil.com.vn\/en\/"},{"@type":"ListItem","position":2,"name":"Products","item":"https:\/\/anglomoil.com.vn\/shop\/"},{"@type":"ListItem","position":3,"name":"MULTITRAC"}]},{"@type":"WebSite","@id":"https:\/\/anglomoil.com.vn\/#website","url":"https:\/\/anglomoil.com.vn\/","name":"ANGLOMOIL VI\u1ec6T NAM","description":"","potentialAction":[{"@type":"SearchAction","target":{"@type":"EntryPoint","urlTemplate":"https:\/\/anglomoil.com.vn\/?s={search_term_string}"},"query-input":{"@type":"PropertyValueSpecification","valueRequired":true,"valueName":"search_term_string"}}],"inLanguage":"en-US"}]}},"_links":{"self":[{"href":"https:\/\/anglomoil.com.vn\/en\/wp-json\/wp\/v2\/product\/9633","targetHints":{"allow":["GET"]}}],"collection":[{"href":"https:\/\/anglomoil.com.vn\/en\/wp-json\/wp\/v2\/product"}],"about":[{"href":"https:\/\/anglomoil.com.vn\/en\/wp-json\/wp\/v2\/types\/product"}],"replies":[{"embeddable":true,"href":"https:\/\/anglomoil.com.vn\/en\/wp-json\/wp\/v2\/comments?post=9633"}],"wp:featuredmedia":[{"embeddable":true,"href":"https:\/\/anglomoil.com.vn\/en\/wp-json\/wp\/v2\/media\/9634"}],"wp:attachment":[{"href":"https:\/\/anglomoil.com.vn\/en\/wp-json\/wp\/v2\/media?parent=9633"}],"wp:term":[{"taxonomy":"product_brand","embeddable":true,"href":"https:\/\/anglomoil.com.vn\/en\/wp-json\/wp\/v2\/product_brand?post=9633"},{"taxonomy":"product_cat","embeddable":true,"href":"https:\/\/anglomoil.com.vn\/en\/wp-json\/wp\/v2\/product_cat?post=9633"},{"taxonomy":"product_tag","embeddable":true,"href":"https:\/\/anglomoil.com.vn\/en\/wp-json\/wp\/v2\/product_tag?post=9633"}],"curies":[{"name":"wp","href":"https:\/\/api.w.org\/{rel}","templated":true}]}}