{"id":11320,"date":"2025-04-29T09:10:26","date_gmt":"2025-04-29T02:10:26","guid":{"rendered":"https:\/\/anglomoil.com.vn\/?post_type=product&#038;p=11320"},"modified":"2025-09-30T15:00:31","modified_gmt":"2025-09-30T08:00:31","slug":"roadmaster-gold-sae-5w-30","status":"publish","type":"product","link":"https:\/\/anglomoil.com.vn\/en\/product\/roadmaster-gold-sae-5w-30\/","title":{"rendered":"RoadMaster Gold FEO 10W-30 -4L"},"content":{"rendered":"<p><span class=\"fontstyle0\">ROADMASTER GOLD 5W-30 <\/span><span class=\"fontstyle2\">l\u00e0 d\u1ea7u \u0111\u1ed9ng c\u01a1 \u00f4 t\u00f4 x\u0103ng 4 th\u00ec ch\u1ea5t l\u01b0\u1ee3ng cao, \u0111\u01b0\u1ee3c pha ch\u1ebf t\u1eeb d\u1ea7u g\u1ed1c c\u00f4ng ngh\u1ec7 t\u1ed5ng h\u1ee3p v\u00e0 ph\u1ee5 gia ch\u1ecdn l\u1ecdc cao c\u1ea5p, b\u1ea3o v\u1ec7 \u0111\u1ed9ng c\u01a1 ng\u0103n ch\u1eb7n hi\u1ec7n t\u01b0\u1ee3ng \u0111\u00e1nh l\u1eeda s\u1edbm \u1edf t\u1ed1c \u0111\u1ed9 th\u1ea5p LSPI (Low Speed Pre Ignition) trong \u0111\u1ed9ng c\u01a1 phun x\u0103ng tr\u1ef1c ti\u1ebfp GDI ho\u1eb7c T-GDI. D\u1ea7u c\u0169ng ph\u00f9 s\u1eed d\u1ee5ng cho \u0111\u1ed9ng c\u01a1 \u00f4 t\u00f4 kh\u00f4ng c\u00f3 t\u0103ng \u00e1p v\u00e0 phun nhi\u00ean li\u1ec7u gi\u00e1n ti\u1ebfp.<\/span><\/p>\n<p>&nbsp;<\/p>\n<p><span class=\"fontstyle0\">T\u00cdNH N\u0102NG:<\/span><\/p>\n<p><span class=\"fontstyle2\">&#8211; \u0110\u1ea1t ti\u00eau chu\u1ea9n ILSAC GF-6A v\u1ec1 d\u1ea7u ti\u1ebft ki\u1ec7m nhi\u00ean li\u1ec7u Fuel Economy Oil<\/span><\/p>\n<p><span class=\"fontstyle2\">&#8211; Ng\u0103n ch\u1eb7n hi\u1ec7n t\u01b0\u1ee3ng \u0111\u00e1nh l\u1eeda s\u1edbm \u1edf t\u1ed1c \u0111\u1ed9 th\u1ea5p LSPI (Low Speed Pre Ignition).<\/span><\/p>\n<p><span class=\"fontstyle2\">&#8211; B\u1ea3o v\u1ec7 to\u00e0n di\u1ec7n d\u00e2y x\u00edch, ch\u1ed1ng \u0103n m\u00f2n v\u00e0 m\u00e0i m\u00f2n h\u01a1n API SN, SM, SL<\/span><\/p>\n<p><span class=\"fontstyle2\">&#8211; T\u1ea9y r\u1eeda v\u00e0 ph\u00e2n t\u00e1n hi\u1ec7u qu\u1ea3 ch\u1ed1ng c\u1eb7n b\u1ea9n v\u00e0 mu\u1ed9i than.<\/span><\/p>\n<p><span class=\"fontstyle2\">&#8211; M\u00e0ng d\u1ea7u b\u00f4i tr\u01a1n b\u1ec1n v\u1eefng, b\u1ea3o v\u1ec7 \u0111\u1ed9ng c\u01a1 \u1edf nhi\u1ec7t \u0111\u1ed9 cao.<\/span><\/p>\n<p><span class=\"fontstyle2\">&#8211; Ch\u1ed1ng m\u00e0i m\u00f2n v\u00e0 t\u0103ng tu\u1ed5i th\u1ecd \u0111\u1ed9ng c\u01a1.<\/span><\/p>\n<p><span class=\"fontstyle2\">&#8211; \u0110\u1ed9 linh \u0111\u1ed9ng cao \u1edf nhi\u1ec7t \u0111\u1ed9 th\u1ea5p, gi\u00fap d\u1ec5 d\u00e0ng kh\u1edfi \u0111\u1ed9ng.<\/span><\/p>\n<p>&nbsp;<\/p>\n<p><span class=\"fontstyle0\">TH\u00c0NH PH\u1ea6N:<\/span><\/p>\n<p><span class=\"fontstyle2\">D\u1ea7u g\u1ed1c c\u00f4ng ngh\u1ec7 t\u1ed5ng h\u1ee3p v\u00e0 ph\u1ee5 gia ch\u1ecdn l\u1ecdc cao c\u1ea5p.<\/span><\/p>\n<p>&nbsp;<\/p>\n<p><span class=\"fontstyle0\">\u0110\u1eb6C T\u00cdNH K\u0128 THU\u1eacT:<\/span><\/p>\n<p><span class=\"fontstyle3\">&#8211; <\/span><span class=\"fontstyle2\">C\u1ea5p \u0111\u1ed9 nh\u1edbt: SAE 5W-30.<\/span><\/p>\n<p><span class=\"fontstyle3\">&#8211; <\/span><span class=\"fontstyle2\">C\u1ea5p hi\u1ec7u n\u0103ng: API SP\/CF, ILSAC GF-6A.<\/span><\/p>\n<p><span class=\"fontstyle3\">&#8211; <\/span><span class=\"fontstyle2\">Th\u00f4ng s\u1ed1 k\u0129 thu\u1eadt:<\/span><\/p>\n<table class=\"NormalTable\">\n<tbody>\n<tr>\n<td style=\"border-style: none;\" width=\"200\"><span class=\"fontstyle0\">Th\u00f4ng s\u1ed1 <\/span><\/td>\n<td style=\"border-style: none;\" width=\"200\"><span class=\"fontstyle0\">Ph\u01b0\u01a1ng ph\u00e1p <\/span><\/td>\n<td style=\"border-style: none;\" width=\"200\"><span class=\"fontstyle0\">K\u1ebft qu\u1ea3<\/span><\/td>\n<\/tr>\n<tr>\n<td style=\"border-style: none;\" width=\"200\"><span class=\"fontstyle2\">\u0110\u1ed9 nh\u1edbt \u0111\u1ed9ng h\u1ecdc \u1edf 100<\/span><span class=\"fontstyle2\">o<\/span><span class=\"fontstyle2\">C (cSt) <\/span><\/td>\n<td style=\"border-style: none;\" width=\"200\"><span class=\"fontstyle2\">ASTM D7042 <\/span><\/td>\n<td style=\"border-style: none;\" width=\"200\"><\/td>\n<\/tr>\n<tr>\n<td style=\"border-style: none;\" width=\"200\"><span class=\"fontstyle2\">Ch\u1ec9 s\u1ed1 \u0111\u1ed9 nh\u1edbt <\/span><\/td>\n<td style=\"border-style: none;\" width=\"200\"><span class=\"fontstyle2\">ASTM D2270 <\/span><\/td>\n<td style=\"border-style: none;\" width=\"200\"><\/td>\n<\/tr>\n<tr>\n<td style=\"border-style: none;\" width=\"200\"><span class=\"fontstyle2\">Tr\u1ecb s\u1ed1 ki\u1ec1m t\u1ed5ng (TBN) (mgKOH\/g) <\/span><\/td>\n<td style=\"border-style: none;\" width=\"200\"><span class=\"fontstyle2\">ASTM D2896 <\/span><\/td>\n<td style=\"border-style: none;\" width=\"200\"><\/td>\n<\/tr>\n<tr>\n<td style=\"border-style: none;\" width=\"200\"><span class=\"fontstyle2\">Nhi\u1ec7t \u0111\u1ed9 ch\u1edbp ch\u00e1y c\u1ed1c h\u1edf (COC) (<\/span><span class=\"fontstyle2\">o<\/span><span class=\"fontstyle2\">C) <\/span><\/td>\n<td style=\"border-style: none;\" width=\"200\"><span class=\"fontstyle2\">ASTM D92 <\/span><\/td>\n<td style=\"border-style: none;\" width=\"200\"><\/td>\n<\/tr>\n<tr>\n<td style=\"border-style: none;\" width=\"200\"><span class=\"fontstyle2\">T\u1ed5ng h\u00e0m l\u01b0\u1ee3ng kim lo\u1ea1i (Ca, Mg, Zn) (%m) <\/span><\/td>\n<td style=\"border-style: none;\" width=\"200\"><span class=\"fontstyle2\">ASTM D5185 <\/span><\/td>\n<td style=\"border-style: none;\" width=\"200\"><\/td>\n<\/tr>\n<\/tbody>\n<\/table>\n<p><span class=\"fontstyle4\">Tr\u00ean \u0111\u00e2y l\u00e0 nh\u1eefng th\u00f4ng s\u1ed1 ti\u00eau bi\u1ec3u c\u00f3 s\u1ef1 sai s\u1ed1 \u0111\u01b0\u1ee3c cho ph\u00e9p trong s\u1ea3n xu\u1ea5t v\u00e0 kh\u00f4ng ph\u1ea3i l\u00e0 quy c\u00e1ch.<\/span><\/p>\n<p>&nbsp;<\/p>\n<p><span class=\"fontstyle0\">\u1ee8NG D\u1ee4NG:<\/span><\/p>\n<p><span class=\"fontstyle0\">ROADMASTER GOLD 5W-30 <\/span><span class=\"fontstyle2\">\u0111\u01b0\u1ee3c khuy\u1ebfn c\u00e1o s\u1eed d\u1ee5ng cho c\u00e1c lo\u1ea1i \u0111\u1ed9ng c\u01a1 \u00f4 t\u00f4 x\u0103ng \u0111\u1eddi m\u1edbi v\u1edbi t\u00ednh n\u0103ng ti\u1ebft ki\u1ec7m nhi\u00ean li\u1ec7u, y\u00eau c\u1ea7u d\u1ea7u b\u00f4i tr\u01a1n c\u1ea5p ch\u1ea5t l\u01b0\u1ee3ng API SP ho\u1eb7c th\u1ea5p h\u01a1n, ph\u00f9 h\u1ee3p cho h\u1ec7 th\u1ed1ng x\u1eed l\u00ed kh\u00ed th\u1ea3i EURO IV, V v\u00e0 VI. Ngo\u00e0i ra, d\u1ea7u c\u00f3 th\u1ec3 s\u1eed d\u1ee5ng cho \u00f4 t\u00f4 \u0111\u1ed9ng c\u01a1 diesel y\u00eau c\u1ea7u m\u1ee9c ch\u1ea5t l\u01b0\u1ee3ng API CF.<\/span><\/p>\n<p>&nbsp;<\/p>\n<p><span class=\"fontstyle0\">TH\u00d4NG TIN C\u1ea2NH B\u00c1O:<\/span><\/p>\n<p><span class=\"fontstyle2\">&#8211; <\/span><span class=\"fontstyle3\">B\u1ea3o qu\u1ea3n n\u01a1i kh\u00f4 r\u00e1o, tr\u00e1nh xa ngu\u1ed3n nhi\u1ec7t.<\/span><\/p>\n<p><span class=\"fontstyle2\">&#8211; <\/span><span class=\"fontstyle3\">Tr\u00e1nh xa t\u1ea7m tay tr\u1ebb em. Kh\u00f4ng \u0111\u01b0\u1ee3c u\u1ed1ng.<\/span><\/p>\n<p><span class=\"fontstyle0\">AN TO\u00c0N M\u00d4I TR\u01af\u1edcNG:<\/span><\/p>\n<p><span class=\"fontstyle2\">&#8211; <\/span><span class=\"fontstyle3\">Thu gom v\u00e0 t\u1eadp trung d\u1ea7u \u0111\u00e3 qua s\u1eed d\u1ee5ng \u0111\u00fang n\u01a1i quy \u0111\u1ecbnh.<\/span><\/p>\n<p><span class=\"fontstyle2\">&#8211; <\/span><span class=\"fontstyle3\">Tuy\u1ec7t \u0111\u1ed1i kh\u00f4ng th\u1ea3i ra m\u1eb7t \u0111\u1ea5t, c\u00e1c ngu\u1ed3n n\u01b0\u1edbc, c\u1ed1ng r\u00e3nh.<\/span><\/p>\n<p>Technical Data Sheet:<\/p>\n","protected":false},"excerpt":{"rendered":"<p>ROADMASTER GOLD 5W-30 l\u00e0 d\u1ea7u \u0111\u1ed9ng c\u01a1 \u00f4 t\u00f4 x\u0103ng 4 th\u00ec ch\u1ea5t l\u01b0\u1ee3ng cao, \u0111\u01b0\u1ee3c pha ch\u1ebf t\u1eeb d\u1ea7u g\u1ed1c c\u00f4ng ngh\u1ec7 t\u1ed5ng h\u1ee3p v\u00e0 ph\u1ee5 gia ch\u1ecdn l\u1ecdc cao c\u1ea5p, b\u1ea3o v\u1ec7 \u0111\u1ed9ng c\u01a1 ng\u0103n ch\u1eb7n hi\u1ec7n t\u01b0\u1ee3ng \u0111\u00e1nh l\u1eeda s\u1edbm \u1edf t\u1ed1c \u0111\u1ed9 th\u1ea5p LSPI (Low Speed Pre Ignition) trong \u0111\u1ed9ng c\u01a1&#8230;<\/p>\n","protected":false},"featured_media":11225,"comment_status":"open","ping_status":"closed","template":"","meta":{"_acf_changed":false},"product_brand":[],"product_cat":[141,136],"product_tag":[],"class_list":{"0":"post-11320","1":"product","2":"type-product","3":"status-publish","4":"has-post-thumbnail","6":"product_cat-automotive-lubricants","7":"product_cat-products","9":"first","10":"instock","11":"shipping-taxable","12":"product-type-simple"},"acf":[],"yoast_head":"<!-- This site is optimized with the Yoast SEO plugin v27.4 - https:\/\/yoast.com\/product\/yoast-seo-wordpress\/ -->\n<title>RoadMaster Gold FEO 10W-30 -4L - ANGLOMOIL VI\u1ec6T NAM<\/title>\n<meta name=\"robots\" content=\"index, follow, max-snippet:-1, max-image-preview:large, max-video-preview:-1\" \/>\n<link rel=\"canonical\" href=\"https:\/\/anglomoil.com.vn\/en\/product\/roadmaster-gold-sae-5w-30\/\" \/>\n<meta property=\"og:locale\" content=\"en_US\" \/>\n<meta property=\"og:type\" content=\"article\" \/>\n<meta property=\"og:title\" content=\"RoadMaster Gold FEO 10W-30 -4L - ANGLOMOIL VI\u1ec6T NAM\" \/>\n<meta property=\"og:description\" content=\"ROADMASTER GOLD 5W-30 l\u00e0 d\u1ea7u \u0111\u1ed9ng c\u01a1 \u00f4 t\u00f4 x\u0103ng 4 th\u00ec ch\u1ea5t l\u01b0\u1ee3ng cao, \u0111\u01b0\u1ee3c pha ch\u1ebf t\u1eeb d\u1ea7u g\u1ed1c c\u00f4ng ngh\u1ec7 t\u1ed5ng h\u1ee3p v\u00e0 ph\u1ee5 gia ch\u1ecdn l\u1ecdc cao c\u1ea5p, b\u1ea3o v\u1ec7 \u0111\u1ed9ng c\u01a1 ng\u0103n ch\u1eb7n hi\u1ec7n t\u01b0\u1ee3ng \u0111\u00e1nh l\u1eeda s\u1edbm \u1edf t\u1ed1c \u0111\u1ed9 th\u1ea5p LSPI (Low Speed Pre Ignition) trong \u0111\u1ed9ng c\u01a1...\" \/>\n<meta property=\"og:url\" content=\"https:\/\/anglomoil.com.vn\/product\/roadmaster-gold-sae-5w-30\/\" \/>\n<meta property=\"og:site_name\" content=\"ANGLOMOIL VI\u1ec6T NAM\" \/>\n<meta property=\"article:modified_time\" content=\"2025-09-30T08:00:31+00:00\" \/>\n<meta property=\"og:image\" content=\"https:\/\/anglomoil.com.vn\/wp-content\/uploads\/2024\/08\/RM-GOLD-FEO-2-copy.jpg\" \/>\n\t<meta property=\"og:image:width\" content=\"2083\" \/>\n\t<meta property=\"og:image:height\" content=\"2083\" \/>\n\t<meta property=\"og:image:type\" content=\"image\/jpeg\" \/>\n<meta name=\"twitter:card\" content=\"summary_large_image\" \/>\n<meta name=\"twitter:label1\" content=\"Est. reading time\" \/>\n\t<meta name=\"twitter:data1\" content=\"3 minutes\" \/>\n<script type=\"application\/ld+json\" class=\"yoast-schema-graph\">{\"@context\":\"https:\\\/\\\/schema.org\",\"@graph\":[{\"@type\":\"WebPage\",\"@id\":\"https:\\\/\\\/anglomoil.com.vn\\\/product\\\/roadmaster-gold-sae-5w-30\\\/\",\"url\":\"https:\\\/\\\/anglomoil.com.vn\\\/product\\\/roadmaster-gold-sae-5w-30\\\/\",\"name\":\"RoadMaster Gold FEO 10W-30 -4L - ANGLOMOIL VI\u1ec6T NAM\",\"isPartOf\":{\"@id\":\"https:\\\/\\\/anglomoil.com.vn\\\/#website\"},\"primaryImageOfPage\":{\"@id\":\"https:\\\/\\\/anglomoil.com.vn\\\/product\\\/roadmaster-gold-sae-5w-30\\\/#primaryimage\"},\"image\":{\"@id\":\"https:\\\/\\\/anglomoil.com.vn\\\/product\\\/roadmaster-gold-sae-5w-30\\\/#primaryimage\"},\"thumbnailUrl\":\"https:\\\/\\\/anglomoil.com.vn\\\/wp-content\\\/uploads\\\/2024\\\/08\\\/RM-GOLD-FEO-2-copy.jpg\",\"datePublished\":\"2025-04-29T02:10:26+00:00\",\"dateModified\":\"2025-09-30T08:00:31+00:00\",\"breadcrumb\":{\"@id\":\"https:\\\/\\\/anglomoil.com.vn\\\/product\\\/roadmaster-gold-sae-5w-30\\\/#breadcrumb\"},\"inLanguage\":\"en-US\",\"potentialAction\":[{\"@type\":\"ReadAction\",\"target\":[\"https:\\\/\\\/anglomoil.com.vn\\\/product\\\/roadmaster-gold-sae-5w-30\\\/\"]}]},{\"@type\":\"ImageObject\",\"inLanguage\":\"en-US\",\"@id\":\"https:\\\/\\\/anglomoil.com.vn\\\/product\\\/roadmaster-gold-sae-5w-30\\\/#primaryimage\",\"url\":\"https:\\\/\\\/anglomoil.com.vn\\\/wp-content\\\/uploads\\\/2024\\\/08\\\/RM-GOLD-FEO-2-copy.jpg\",\"contentUrl\":\"https:\\\/\\\/anglomoil.com.vn\\\/wp-content\\\/uploads\\\/2024\\\/08\\\/RM-GOLD-FEO-2-copy.jpg\",\"width\":2083,\"height\":2083},{\"@type\":\"BreadcrumbList\",\"@id\":\"https:\\\/\\\/anglomoil.com.vn\\\/product\\\/roadmaster-gold-sae-5w-30\\\/#breadcrumb\",\"itemListElement\":[{\"@type\":\"ListItem\",\"position\":1,\"name\":\"Home\",\"item\":\"https:\\\/\\\/anglomoil.com.vn\\\/en\\\/\"},{\"@type\":\"ListItem\",\"position\":2,\"name\":\"Products\",\"item\":\"https:\\\/\\\/anglomoil.com.vn\\\/shop\\\/\"},{\"@type\":\"ListItem\",\"position\":3,\"name\":\"RoadMaster Gold FEO 10W-30 -4L\"}]},{\"@type\":\"WebSite\",\"@id\":\"https:\\\/\\\/anglomoil.com.vn\\\/#website\",\"url\":\"https:\\\/\\\/anglomoil.com.vn\\\/\",\"name\":\"ANGLOMOIL VI\u1ec6T NAM\",\"description\":\"\",\"potentialAction\":[{\"@type\":\"SearchAction\",\"target\":{\"@type\":\"EntryPoint\",\"urlTemplate\":\"https:\\\/\\\/anglomoil.com.vn\\\/?s={search_term_string}\"},\"query-input\":{\"@type\":\"PropertyValueSpecification\",\"valueRequired\":true,\"valueName\":\"search_term_string\"}}],\"inLanguage\":\"en-US\"}]}<\/script>\n<!-- \/ Yoast SEO plugin. -->","yoast_head_json":{"title":"RoadMaster Gold FEO 10W-30 -4L - ANGLOMOIL VI\u1ec6T NAM","robots":{"index":"index","follow":"follow","max-snippet":"max-snippet:-1","max-image-preview":"max-image-preview:large","max-video-preview":"max-video-preview:-1"},"canonical":"https:\/\/anglomoil.com.vn\/en\/product\/roadmaster-gold-sae-5w-30\/","og_locale":"en_US","og_type":"article","og_title":"RoadMaster Gold FEO 10W-30 -4L - ANGLOMOIL VI\u1ec6T NAM","og_description":"ROADMASTER GOLD 5W-30 l\u00e0 d\u1ea7u \u0111\u1ed9ng c\u01a1 \u00f4 t\u00f4 x\u0103ng 4 th\u00ec ch\u1ea5t l\u01b0\u1ee3ng cao, \u0111\u01b0\u1ee3c pha ch\u1ebf t\u1eeb d\u1ea7u g\u1ed1c c\u00f4ng ngh\u1ec7 t\u1ed5ng h\u1ee3p v\u00e0 ph\u1ee5 gia ch\u1ecdn l\u1ecdc cao c\u1ea5p, b\u1ea3o v\u1ec7 \u0111\u1ed9ng c\u01a1 ng\u0103n ch\u1eb7n hi\u1ec7n t\u01b0\u1ee3ng \u0111\u00e1nh l\u1eeda s\u1edbm \u1edf t\u1ed1c \u0111\u1ed9 th\u1ea5p LSPI (Low Speed Pre Ignition) trong \u0111\u1ed9ng c\u01a1...","og_url":"https:\/\/anglomoil.com.vn\/product\/roadmaster-gold-sae-5w-30\/","og_site_name":"ANGLOMOIL VI\u1ec6T NAM","article_modified_time":"2025-09-30T08:00:31+00:00","og_image":[{"width":2083,"height":2083,"url":"https:\/\/anglomoil.com.vn\/wp-content\/uploads\/2024\/08\/RM-GOLD-FEO-2-copy.jpg","type":"image\/jpeg"}],"twitter_card":"summary_large_image","twitter_misc":{"Est. reading time":"3 minutes"},"schema":{"@context":"https:\/\/schema.org","@graph":[{"@type":"WebPage","@id":"https:\/\/anglomoil.com.vn\/product\/roadmaster-gold-sae-5w-30\/","url":"https:\/\/anglomoil.com.vn\/product\/roadmaster-gold-sae-5w-30\/","name":"RoadMaster Gold FEO 10W-30 -4L - ANGLOMOIL VI\u1ec6T NAM","isPartOf":{"@id":"https:\/\/anglomoil.com.vn\/#website"},"primaryImageOfPage":{"@id":"https:\/\/anglomoil.com.vn\/product\/roadmaster-gold-sae-5w-30\/#primaryimage"},"image":{"@id":"https:\/\/anglomoil.com.vn\/product\/roadmaster-gold-sae-5w-30\/#primaryimage"},"thumbnailUrl":"https:\/\/anglomoil.com.vn\/wp-content\/uploads\/2024\/08\/RM-GOLD-FEO-2-copy.jpg","datePublished":"2025-04-29T02:10:26+00:00","dateModified":"2025-09-30T08:00:31+00:00","breadcrumb":{"@id":"https:\/\/anglomoil.com.vn\/product\/roadmaster-gold-sae-5w-30\/#breadcrumb"},"inLanguage":"en-US","potentialAction":[{"@type":"ReadAction","target":["https:\/\/anglomoil.com.vn\/product\/roadmaster-gold-sae-5w-30\/"]}]},{"@type":"ImageObject","inLanguage":"en-US","@id":"https:\/\/anglomoil.com.vn\/product\/roadmaster-gold-sae-5w-30\/#primaryimage","url":"https:\/\/anglomoil.com.vn\/wp-content\/uploads\/2024\/08\/RM-GOLD-FEO-2-copy.jpg","contentUrl":"https:\/\/anglomoil.com.vn\/wp-content\/uploads\/2024\/08\/RM-GOLD-FEO-2-copy.jpg","width":2083,"height":2083},{"@type":"BreadcrumbList","@id":"https:\/\/anglomoil.com.vn\/product\/roadmaster-gold-sae-5w-30\/#breadcrumb","itemListElement":[{"@type":"ListItem","position":1,"name":"Home","item":"https:\/\/anglomoil.com.vn\/en\/"},{"@type":"ListItem","position":2,"name":"Products","item":"https:\/\/anglomoil.com.vn\/shop\/"},{"@type":"ListItem","position":3,"name":"RoadMaster Gold FEO 10W-30 -4L"}]},{"@type":"WebSite","@id":"https:\/\/anglomoil.com.vn\/#website","url":"https:\/\/anglomoil.com.vn\/","name":"ANGLOMOIL VI\u1ec6T NAM","description":"","potentialAction":[{"@type":"SearchAction","target":{"@type":"EntryPoint","urlTemplate":"https:\/\/anglomoil.com.vn\/?s={search_term_string}"},"query-input":{"@type":"PropertyValueSpecification","valueRequired":true,"valueName":"search_term_string"}}],"inLanguage":"en-US"}]}},"_links":{"self":[{"href":"https:\/\/anglomoil.com.vn\/en\/wp-json\/wp\/v2\/product\/11320","targetHints":{"allow":["GET"]}}],"collection":[{"href":"https:\/\/anglomoil.com.vn\/en\/wp-json\/wp\/v2\/product"}],"about":[{"href":"https:\/\/anglomoil.com.vn\/en\/wp-json\/wp\/v2\/types\/product"}],"replies":[{"embeddable":true,"href":"https:\/\/anglomoil.com.vn\/en\/wp-json\/wp\/v2\/comments?post=11320"}],"wp:featuredmedia":[{"embeddable":true,"href":"https:\/\/anglomoil.com.vn\/en\/wp-json\/wp\/v2\/media\/11225"}],"wp:attachment":[{"href":"https:\/\/anglomoil.com.vn\/en\/wp-json\/wp\/v2\/media?parent=11320"}],"wp:term":[{"taxonomy":"product_brand","embeddable":true,"href":"https:\/\/anglomoil.com.vn\/en\/wp-json\/wp\/v2\/product_brand?post=11320"},{"taxonomy":"product_cat","embeddable":true,"href":"https:\/\/anglomoil.com.vn\/en\/wp-json\/wp\/v2\/product_cat?post=11320"},{"taxonomy":"product_tag","embeddable":true,"href":"https:\/\/anglomoil.com.vn\/en\/wp-json\/wp\/v2\/product_tag?post=11320"}],"curies":[{"name":"wp","href":"https:\/\/api.w.org\/{rel}","templated":true}]}}