{"id":10993,"date":"2024-08-16T15:56:16","date_gmt":"2024-08-16T08:56:16","guid":{"rendered":"https:\/\/anglomoil.com.vn\/?post_type=product&#038;p=10993"},"modified":"2026-04-11T10:05:09","modified_gmt":"2026-04-11T03:05:09","slug":"roadmaster-gold-sae-10w-40","status":"publish","type":"product","link":"https:\/\/anglomoil.com.vn\/en\/product\/roadmaster-gold-sae-10w-40\/","title":{"rendered":"ROADMASTER GOLD | SAE 10W-40"},"content":{"rendered":"<p><span class=\"fontstyle0\">ROADMASTER GOLD <\/span><span class=\"fontstyle2\">l\u00e0 d\u1ea7u \u0111\u1ed9ng c\u01a1 \u00f4 t\u00f4 x\u0103ng v\u00e0 diesel 4 th\u00ec ch\u1ea5t l\u01b0\u1ee3ng cao, \u0111\u01b0\u1ee3c pha ch\u1ebf t\u1eeb d\u1ea7u g\u1ed1c c\u00f4ng ngh\u1ec7 t\u1ed5ng h\u1ee3p v\u00e0 ph\u1ee5 gia ch\u1ecdn l\u1ecdc cao c\u1ea5p, ng\u0103n ch\u1eb7n hi\u1ec7n t\u01b0\u1ee3ng \u0111\u00e1nh l\u1eeda s\u1edbm \u1edf t\u1ed1c \u0111\u1ed9 th\u1ea5p LSPI (Low Speed Pre Ignition) trong \u0111\u1ed9ng c\u01a1 phun x\u0103ng tr\u1ef1c ti\u1ebfp GDI ho\u1eb7c T-GDI v\u00e0 \u0111\u1ed3ng th\u1eddi \u0111\u1ea3m b\u1ea3o hi\u1ec7u n\u0103ng \u0111\u1ed9ng c\u01a1 diesel phun tr\u1ef1c ti\u1ebfp, d\u1ea7u c\u0169ng \u0111\u1ea1t ti\u00eau chu\u1ea9n ACEA A3\/B4 cho th\u1eddi gian thay d\u1ea7u k\u00e9o d\u00e0i v\u00e0 duy tr\u00ec hi\u1ec7u su\u1ea5t l\u00e0m vi\u1ec7c cao nh\u1ea5t.<\/span><\/p>\n<p>&nbsp;<\/p>\n<p><span class=\"fontstyle0\">T\u00cdNH N\u0102NG:<\/span><\/p>\n<p><span class=\"fontstyle2\">&#8211; Ng\u0103n ch\u1eb7n hi\u1ec7n t\u01b0\u1ee3ng \u0111\u00e1nh l\u1eeda s\u1edbm \u1edf t\u1ed1c \u0111\u1ed9 th\u1ea5p LSPI (Low Speed Pre Ignition).<\/span><\/p>\n<p><span class=\"fontstyle2\">&#8211; C\u00f3 chu k\u00ec thay d\u1ea7u k\u00e9o d\u00e0i v\u00e0 duy tr\u00ec hi\u1ec7u su\u1ea5t l\u00e0m vi\u1ec7c li\u00ean t\u1ee5c v\u00e0 b\u1ec1n b\u1ec9.<\/span><\/p>\n<p><span class=\"fontstyle2\">&#8211; B\u1ea3o v\u1ec7 to\u00e0n di\u1ec7n d\u00e2y x\u00edch, ch\u1ed1ng \u0103n m\u00f2n v\u00e0 m\u00e0i m\u00f2n h\u01a1n API SN, SM, SL<\/span><\/p>\n<p><span class=\"fontstyle2\">&#8211; T\u1ea9y r\u1eeda v\u00e0 ph\u00e2n t\u00e1n hi\u1ec7u qu\u1ea3 ch\u1ed1ng c\u1eb7n b\u1ea9n v\u00e0 mu\u1ed9i than.<\/span><\/p>\n<p><span class=\"fontstyle2\">&#8211; M\u00e0ng d\u1ea7u b\u00f4i tr\u01a1n b\u1ec1n v\u1eefng, b\u1ea3o v\u1ec7 \u0111\u1ed9ng c\u01a1 \u1edf nhi\u1ec7t \u0111\u1ed9 cao.<\/span><\/p>\n<p><span class=\"fontstyle2\">&#8211; Ch\u1ed1ng m\u00e0i m\u00f2n v\u00e0 t\u0103ng tu\u1ed5i th\u1ecd \u0111\u1ed9ng c\u01a1.<\/span><\/p>\n<p><span class=\"fontstyle2\">&#8211; \u0110\u1ed9 linh \u0111\u1ed9ng cao \u1edf nhi\u1ec7t \u0111\u1ed9 th\u1ea5p, gi\u00fap d\u1ec5 d\u00e0ng kh\u1edfi \u0111\u1ed9ng.<\/span><\/p>\n<p>&nbsp;<\/p>\n<p><span class=\"fontstyle0\">TH\u00c0NH PH\u1ea6N:<\/span><\/p>\n<p><span class=\"fontstyle2\">D\u1ea7u g\u1ed1c c\u00f4ng ngh\u1ec7 t\u1ed5ng h\u1ee3p v\u00e0 ph\u1ee5 gia ch\u1ecdn l\u1ecdc cao c\u1ea5p.<\/span><\/p>\n<p>&nbsp;<\/p>\n<p><span class=\"fontstyle0\">\u0110\u1eb6C T\u00cdNH K\u0128 THU\u1eacT:<\/span><\/p>\n<p><span class=\"fontstyle3\">&#8211; <\/span><span class=\"fontstyle2\">C\u1ea5p \u0111\u1ed9 nh\u1edbt: SAE 10W-40.<\/span><\/p>\n<p><span class=\"fontstyle3\">&#8211; <\/span><span class=\"fontstyle2\">C\u1ea5p hi\u1ec7u n\u0103ng: API SP\/CF; ACEA A3\/B4.<\/span><\/p>\n<p><span class=\"fontstyle3\">&#8211; <\/span><span class=\"fontstyle2\">Th\u00f4ng s\u1ed1 k\u0129 thu\u1eadt:<\/span><\/p>\n<table class=\"NormalTable\">\n<tbody>\n<tr>\n<td style=\"border-style: none;\" width=\"200\"><span class=\"fontstyle0\">Th\u00f4ng s\u1ed1 <\/span><\/td>\n<td style=\"border-style: none;\" width=\"200\"><span class=\"fontstyle0\">Ph\u01b0\u01a1ng ph\u00e1p <\/span><\/td>\n<td style=\"border-style: none;\" width=\"200\"><span class=\"fontstyle0\">K\u1ebft qu\u1ea3<\/span><\/td>\n<\/tr>\n<tr>\n<td style=\"border-style: none;\" width=\"200\"><span class=\"fontstyle2\">\u0110\u1ed9 nh\u1edbt \u0111\u1ed9ng h\u1ecdc \u1edf 100<\/span><span class=\"fontstyle2\">o<\/span><span class=\"fontstyle2\">C (cSt) <\/span><\/td>\n<td style=\"border-style: none;\" width=\"200\"><span class=\"fontstyle2\">ASTM D7042 <\/span><\/td>\n<td style=\"border-style: none;\" width=\"200\"><span class=\"fontstyle2\">14.19<\/span><\/td>\n<\/tr>\n<tr>\n<td style=\"border-style: none;\" width=\"200\"><span class=\"fontstyle2\">Ch\u1ec9 s\u1ed1 \u0111\u1ed9 nh\u1edbt <\/span><\/td>\n<td style=\"border-style: none;\" width=\"200\"><span class=\"fontstyle2\">ASTM D2270 <\/span><\/td>\n<td style=\"border-style: none;\" width=\"200\"><span class=\"fontstyle2\">150<\/span><\/td>\n<\/tr>\n<tr>\n<td style=\"border-style: none;\" width=\"200\"><span class=\"fontstyle2\">Tr\u1ecb s\u1ed1 ki\u1ec1m t\u1ed5ng (TBN) (mgKOH\/g) <\/span><\/td>\n<td style=\"border-style: none;\" width=\"200\"><span class=\"fontstyle2\">ASTM D2896 <\/span><\/td>\n<td style=\"border-style: none;\" width=\"200\"><span class=\"fontstyle2\">11.12<\/span><\/td>\n<\/tr>\n<tr>\n<td style=\"border-style: none;\" width=\"200\"><span class=\"fontstyle2\">Nhi\u1ec7t \u0111\u1ed9 ch\u1edbp ch\u00e1y c\u1ed1c h\u1edf (COC) (<\/span><span class=\"fontstyle2\">o<\/span><span class=\"fontstyle2\">C) <\/span><\/td>\n<td style=\"border-style: none;\" width=\"200\"><span class=\"fontstyle2\">ASTM D92 <\/span><\/td>\n<td style=\"border-style: none;\" width=\"200\"><span class=\"fontstyle2\">244<\/span><\/td>\n<\/tr>\n<tr>\n<td style=\"border-style: none;\" width=\"200\"><span class=\"fontstyle2\">T\u1ed5ng h\u00e0m l\u01b0\u1ee3ng kim lo\u1ea1i (Ca, Mg, Zn) (%m) <\/span><\/td>\n<td style=\"border-style: none;\" width=\"200\"><span class=\"fontstyle2\">ASTM D5185 <\/span><\/td>\n<td style=\"border-style: none;\" width=\"200\"><span class=\"fontstyle2\">0.32<\/span><\/td>\n<\/tr>\n<\/tbody>\n<\/table>\n<p><span class=\"fontstyle4\">Tr\u00ean \u0111\u00e2y l\u00e0 nh\u1eefng th\u00f4ng s\u1ed1 ti\u00eau bi\u1ec3u c\u00f3 s\u1ef1 sai s\u1ed1 \u0111\u01b0\u1ee3c cho ph\u00e9p trong s\u1ea3n xu\u1ea5t v\u00e0 kh\u00f4ng ph\u1ea3i l\u00e0 quy c\u00e1ch.<\/span><\/p>\n<p>&nbsp;<\/p>\n<p><span class=\"fontstyle0\">\u1ee8NG D\u1ee4NG:<\/span><\/p>\n<p><span class=\"fontstyle0\">ROADMASTER GOLD <\/span><span class=\"fontstyle2\">\u0111\u01b0\u1ee3c khuy\u1ebfn c\u00e1o s\u1eed d\u1ee5ng cho c\u00e1c lo\u1ea1i \u0111\u1ed9ng c\u01a1 \u00f4 t\u00f4 x\u0103ng v\u00e0 diesel \u0111\u1eddi m\u1edbi, y\u00eau c\u1ea7u d\u1ea7u b\u00f4i tr\u01a1n c\u1ea5p ch\u1ea5t l\u01b0\u1ee3ng API SP\/CF, ACEA A3\/B4 ho\u1eb7c th\u1ea5p h\u01a1n, ph\u00f9 h\u1ee3p cho h\u1ec7 th\u1ed1ng x\u1eed l\u00ed kh\u00ed th\u1ea3i EURO IV, V v\u00e0 VI.<\/span><\/p>\n<p>&nbsp;<\/p>\n<p><span class=\"fontstyle0\">TH\u00d4NG TIN C\u1ea2NH B\u00c1O:<\/span><\/p>\n<p><span class=\"fontstyle2\">&#8211; <\/span><span class=\"fontstyle3\">B\u1ea3o qu\u1ea3n n\u01a1i kh\u00f4 r\u00e1o, tr\u00e1nh xa ngu\u1ed3n nhi\u1ec7t.<\/span><\/p>\n<p><span class=\"fontstyle2\">&#8211; <\/span><span class=\"fontstyle3\">Tr\u00e1nh xa t\u1ea7m tay tr\u1ebb em. Kh\u00f4ng \u0111\u01b0\u1ee3c u\u1ed1ng.<\/span><\/p>\n<p>&nbsp;<\/p>\n<p><span class=\"fontstyle0\">AN TO\u00c0N M\u00d4I TR\u01af\u1edcNG:<\/span><\/p>\n<p><span class=\"fontstyle2\">&#8211; <\/span><span class=\"fontstyle3\">Thu gom v\u00e0 t\u1eadp trung d\u1ea7u \u0111\u00e3 qua s\u1eed d\u1ee5ng \u0111\u00fang n\u01a1i quy \u0111\u1ecbnh.<\/span><\/p>\n<p><span class=\"fontstyle2\">&#8211; <\/span><span class=\"fontstyle3\">Tuy\u1ec7t \u0111\u1ed1i kh\u00f4ng th\u1ea3i ra m\u1eb7t \u0111\u1ea5t, c\u00e1c ngu\u1ed3n n\u01b0\u1edbc, c\u1ed1ng r\u00e3nh.<\/span><\/p>\n<p>Technical Data Sheet: <a href=\"https:\/\/docs.google.com\/document\/d\/1RGIdSbZyyRS0GfkNSXqh9YigcChRYNyG\/edit\" target=\"_blank\" rel=\"noopener\">TDS2024 ROADMASTER GOLD 10W40<\/a><\/p>\n","protected":false},"excerpt":{"rendered":"<p>ROADMASTER GOLD l\u00e0 d\u1ea7u \u0111\u1ed9ng c\u01a1 \u00f4 t\u00f4 x\u0103ng v\u00e0 diesel 4 th\u00ec ch\u1ea5t l\u01b0\u1ee3ng cao, \u0111\u01b0\u1ee3c pha ch\u1ebf t\u1eeb d\u1ea7u g\u1ed1c c\u00f4ng ngh\u1ec7 t\u1ed5ng h\u1ee3p v\u00e0 ph\u1ee5 gia ch\u1ecdn l\u1ecdc cao c\u1ea5p, ng\u0103n ch\u1eb7n hi\u1ec7n t\u01b0\u1ee3ng \u0111\u00e1nh l\u1eeda s\u1edbm \u1edf t\u1ed1c \u0111\u1ed9 th\u1ea5p LSPI (Low Speed Pre Ignition) trong \u0111\u1ed9ng c\u01a1 phun x\u0103ng tr\u1ef1c&#8230;<\/p>\n","protected":false},"featured_media":11238,"comment_status":"open","ping_status":"closed","template":"","meta":{"_acf_changed":false},"product_brand":[],"product_cat":[141],"product_tag":[],"class_list":{"0":"post-10993","1":"product","2":"type-product","3":"status-publish","4":"has-post-thumbnail","6":"product_cat-automotive-lubricants","8":"first","9":"instock","10":"shipping-taxable","11":"product-type-simple"},"acf":[],"yoast_head":"<!-- This site is optimized with the Yoast SEO plugin v27.4 - https:\/\/yoast.com\/product\/yoast-seo-wordpress\/ -->\n<title>ROADMASTER GOLD | SAE 10W-40 - ANGLOMOIL VI\u1ec6T NAM<\/title>\n<meta name=\"robots\" content=\"index, follow, max-snippet:-1, max-image-preview:large, max-video-preview:-1\" \/>\n<link rel=\"canonical\" href=\"https:\/\/anglomoil.com.vn\/en\/product\/roadmaster-gold-sae-10w-40\/\" \/>\n<meta property=\"og:locale\" content=\"en_US\" \/>\n<meta property=\"og:type\" content=\"article\" \/>\n<meta property=\"og:title\" content=\"ROADMASTER GOLD | SAE 10W-40 - ANGLOMOIL VI\u1ec6T NAM\" \/>\n<meta property=\"og:description\" content=\"ROADMASTER GOLD l\u00e0 d\u1ea7u \u0111\u1ed9ng c\u01a1 \u00f4 t\u00f4 x\u0103ng v\u00e0 diesel 4 th\u00ec ch\u1ea5t l\u01b0\u1ee3ng cao, \u0111\u01b0\u1ee3c pha ch\u1ebf t\u1eeb d\u1ea7u g\u1ed1c c\u00f4ng ngh\u1ec7 t\u1ed5ng h\u1ee3p v\u00e0 ph\u1ee5 gia ch\u1ecdn l\u1ecdc cao c\u1ea5p, ng\u0103n ch\u1eb7n hi\u1ec7n t\u01b0\u1ee3ng \u0111\u00e1nh l\u1eeda s\u1edbm \u1edf t\u1ed1c \u0111\u1ed9 th\u1ea5p LSPI (Low Speed Pre Ignition) trong \u0111\u1ed9ng c\u01a1 phun x\u0103ng tr\u1ef1c...\" \/>\n<meta property=\"og:url\" content=\"https:\/\/anglomoil.com.vn\/product\/roadmaster-gold-sae-10w-40\/\" \/>\n<meta property=\"og:site_name\" content=\"ANGLOMOIL VI\u1ec6T NAM\" \/>\n<meta property=\"article:modified_time\" content=\"2026-04-11T03:05:09+00:00\" \/>\n<meta property=\"og:image\" content=\"https:\/\/anglomoil.com.vn\/wp-content\/uploads\/2024\/08\/RM-GOLD10-40-2-copy.jpg\" \/>\n\t<meta property=\"og:image:width\" content=\"2083\" \/>\n\t<meta property=\"og:image:height\" content=\"2083\" \/>\n\t<meta property=\"og:image:type\" content=\"image\/jpeg\" \/>\n<meta name=\"twitter:card\" content=\"summary_large_image\" \/>\n<meta name=\"twitter:label1\" content=\"Est. reading time\" \/>\n\t<meta name=\"twitter:data1\" content=\"3 minutes\" \/>\n<script type=\"application\/ld+json\" class=\"yoast-schema-graph\">{\"@context\":\"https:\\\/\\\/schema.org\",\"@graph\":[{\"@type\":\"WebPage\",\"@id\":\"https:\\\/\\\/anglomoil.com.vn\\\/product\\\/roadmaster-gold-sae-10w-40\\\/\",\"url\":\"https:\\\/\\\/anglomoil.com.vn\\\/product\\\/roadmaster-gold-sae-10w-40\\\/\",\"name\":\"ROADMASTER GOLD | SAE 10W-40 - ANGLOMOIL VI\u1ec6T NAM\",\"isPartOf\":{\"@id\":\"https:\\\/\\\/anglomoil.com.vn\\\/#website\"},\"primaryImageOfPage\":{\"@id\":\"https:\\\/\\\/anglomoil.com.vn\\\/product\\\/roadmaster-gold-sae-10w-40\\\/#primaryimage\"},\"image\":{\"@id\":\"https:\\\/\\\/anglomoil.com.vn\\\/product\\\/roadmaster-gold-sae-10w-40\\\/#primaryimage\"},\"thumbnailUrl\":\"https:\\\/\\\/anglomoil.com.vn\\\/wp-content\\\/uploads\\\/2024\\\/08\\\/RM-GOLD10-40-2-copy.jpg\",\"datePublished\":\"2024-08-16T08:56:16+00:00\",\"dateModified\":\"2026-04-11T03:05:09+00:00\",\"breadcrumb\":{\"@id\":\"https:\\\/\\\/anglomoil.com.vn\\\/product\\\/roadmaster-gold-sae-10w-40\\\/#breadcrumb\"},\"inLanguage\":\"en-US\",\"potentialAction\":[{\"@type\":\"ReadAction\",\"target\":[\"https:\\\/\\\/anglomoil.com.vn\\\/product\\\/roadmaster-gold-sae-10w-40\\\/\"]}]},{\"@type\":\"ImageObject\",\"inLanguage\":\"en-US\",\"@id\":\"https:\\\/\\\/anglomoil.com.vn\\\/product\\\/roadmaster-gold-sae-10w-40\\\/#primaryimage\",\"url\":\"https:\\\/\\\/anglomoil.com.vn\\\/wp-content\\\/uploads\\\/2024\\\/08\\\/RM-GOLD10-40-2-copy.jpg\",\"contentUrl\":\"https:\\\/\\\/anglomoil.com.vn\\\/wp-content\\\/uploads\\\/2024\\\/08\\\/RM-GOLD10-40-2-copy.jpg\",\"width\":2083,\"height\":2083},{\"@type\":\"BreadcrumbList\",\"@id\":\"https:\\\/\\\/anglomoil.com.vn\\\/product\\\/roadmaster-gold-sae-10w-40\\\/#breadcrumb\",\"itemListElement\":[{\"@type\":\"ListItem\",\"position\":1,\"name\":\"Home\",\"item\":\"https:\\\/\\\/anglomoil.com.vn\\\/en\\\/\"},{\"@type\":\"ListItem\",\"position\":2,\"name\":\"Products\",\"item\":\"https:\\\/\\\/anglomoil.com.vn\\\/shop\\\/\"},{\"@type\":\"ListItem\",\"position\":3,\"name\":\"ROADMASTER GOLD | SAE 10W-40\"}]},{\"@type\":\"WebSite\",\"@id\":\"https:\\\/\\\/anglomoil.com.vn\\\/#website\",\"url\":\"https:\\\/\\\/anglomoil.com.vn\\\/\",\"name\":\"ANGLOMOIL VI\u1ec6T NAM\",\"description\":\"\",\"potentialAction\":[{\"@type\":\"SearchAction\",\"target\":{\"@type\":\"EntryPoint\",\"urlTemplate\":\"https:\\\/\\\/anglomoil.com.vn\\\/?s={search_term_string}\"},\"query-input\":{\"@type\":\"PropertyValueSpecification\",\"valueRequired\":true,\"valueName\":\"search_term_string\"}}],\"inLanguage\":\"en-US\"}]}<\/script>\n<!-- \/ Yoast SEO plugin. -->","yoast_head_json":{"title":"ROADMASTER GOLD | SAE 10W-40 - ANGLOMOIL VI\u1ec6T NAM","robots":{"index":"index","follow":"follow","max-snippet":"max-snippet:-1","max-image-preview":"max-image-preview:large","max-video-preview":"max-video-preview:-1"},"canonical":"https:\/\/anglomoil.com.vn\/en\/product\/roadmaster-gold-sae-10w-40\/","og_locale":"en_US","og_type":"article","og_title":"ROADMASTER GOLD | SAE 10W-40 - ANGLOMOIL VI\u1ec6T NAM","og_description":"ROADMASTER GOLD l\u00e0 d\u1ea7u \u0111\u1ed9ng c\u01a1 \u00f4 t\u00f4 x\u0103ng v\u00e0 diesel 4 th\u00ec ch\u1ea5t l\u01b0\u1ee3ng cao, \u0111\u01b0\u1ee3c pha ch\u1ebf t\u1eeb d\u1ea7u g\u1ed1c c\u00f4ng ngh\u1ec7 t\u1ed5ng h\u1ee3p v\u00e0 ph\u1ee5 gia ch\u1ecdn l\u1ecdc cao c\u1ea5p, ng\u0103n ch\u1eb7n hi\u1ec7n t\u01b0\u1ee3ng \u0111\u00e1nh l\u1eeda s\u1edbm \u1edf t\u1ed1c \u0111\u1ed9 th\u1ea5p LSPI (Low Speed Pre Ignition) trong \u0111\u1ed9ng c\u01a1 phun x\u0103ng tr\u1ef1c...","og_url":"https:\/\/anglomoil.com.vn\/product\/roadmaster-gold-sae-10w-40\/","og_site_name":"ANGLOMOIL VI\u1ec6T NAM","article_modified_time":"2026-04-11T03:05:09+00:00","og_image":[{"width":2083,"height":2083,"url":"https:\/\/anglomoil.com.vn\/wp-content\/uploads\/2024\/08\/RM-GOLD10-40-2-copy.jpg","type":"image\/jpeg"}],"twitter_card":"summary_large_image","twitter_misc":{"Est. reading time":"3 minutes"},"schema":{"@context":"https:\/\/schema.org","@graph":[{"@type":"WebPage","@id":"https:\/\/anglomoil.com.vn\/product\/roadmaster-gold-sae-10w-40\/","url":"https:\/\/anglomoil.com.vn\/product\/roadmaster-gold-sae-10w-40\/","name":"ROADMASTER GOLD | SAE 10W-40 - ANGLOMOIL VI\u1ec6T NAM","isPartOf":{"@id":"https:\/\/anglomoil.com.vn\/#website"},"primaryImageOfPage":{"@id":"https:\/\/anglomoil.com.vn\/product\/roadmaster-gold-sae-10w-40\/#primaryimage"},"image":{"@id":"https:\/\/anglomoil.com.vn\/product\/roadmaster-gold-sae-10w-40\/#primaryimage"},"thumbnailUrl":"https:\/\/anglomoil.com.vn\/wp-content\/uploads\/2024\/08\/RM-GOLD10-40-2-copy.jpg","datePublished":"2024-08-16T08:56:16+00:00","dateModified":"2026-04-11T03:05:09+00:00","breadcrumb":{"@id":"https:\/\/anglomoil.com.vn\/product\/roadmaster-gold-sae-10w-40\/#breadcrumb"},"inLanguage":"en-US","potentialAction":[{"@type":"ReadAction","target":["https:\/\/anglomoil.com.vn\/product\/roadmaster-gold-sae-10w-40\/"]}]},{"@type":"ImageObject","inLanguage":"en-US","@id":"https:\/\/anglomoil.com.vn\/product\/roadmaster-gold-sae-10w-40\/#primaryimage","url":"https:\/\/anglomoil.com.vn\/wp-content\/uploads\/2024\/08\/RM-GOLD10-40-2-copy.jpg","contentUrl":"https:\/\/anglomoil.com.vn\/wp-content\/uploads\/2024\/08\/RM-GOLD10-40-2-copy.jpg","width":2083,"height":2083},{"@type":"BreadcrumbList","@id":"https:\/\/anglomoil.com.vn\/product\/roadmaster-gold-sae-10w-40\/#breadcrumb","itemListElement":[{"@type":"ListItem","position":1,"name":"Home","item":"https:\/\/anglomoil.com.vn\/en\/"},{"@type":"ListItem","position":2,"name":"Products","item":"https:\/\/anglomoil.com.vn\/shop\/"},{"@type":"ListItem","position":3,"name":"ROADMASTER GOLD | SAE 10W-40"}]},{"@type":"WebSite","@id":"https:\/\/anglomoil.com.vn\/#website","url":"https:\/\/anglomoil.com.vn\/","name":"ANGLOMOIL VI\u1ec6T NAM","description":"","potentialAction":[{"@type":"SearchAction","target":{"@type":"EntryPoint","urlTemplate":"https:\/\/anglomoil.com.vn\/?s={search_term_string}"},"query-input":{"@type":"PropertyValueSpecification","valueRequired":true,"valueName":"search_term_string"}}],"inLanguage":"en-US"}]}},"_links":{"self":[{"href":"https:\/\/anglomoil.com.vn\/en\/wp-json\/wp\/v2\/product\/10993","targetHints":{"allow":["GET"]}}],"collection":[{"href":"https:\/\/anglomoil.com.vn\/en\/wp-json\/wp\/v2\/product"}],"about":[{"href":"https:\/\/anglomoil.com.vn\/en\/wp-json\/wp\/v2\/types\/product"}],"replies":[{"embeddable":true,"href":"https:\/\/anglomoil.com.vn\/en\/wp-json\/wp\/v2\/comments?post=10993"}],"wp:featuredmedia":[{"embeddable":true,"href":"https:\/\/anglomoil.com.vn\/en\/wp-json\/wp\/v2\/media\/11238"}],"wp:attachment":[{"href":"https:\/\/anglomoil.com.vn\/en\/wp-json\/wp\/v2\/media?parent=10993"}],"wp:term":[{"taxonomy":"product_brand","embeddable":true,"href":"https:\/\/anglomoil.com.vn\/en\/wp-json\/wp\/v2\/product_brand?post=10993"},{"taxonomy":"product_cat","embeddable":true,"href":"https:\/\/anglomoil.com.vn\/en\/wp-json\/wp\/v2\/product_cat?post=10993"},{"taxonomy":"product_tag","embeddable":true,"href":"https:\/\/anglomoil.com.vn\/en\/wp-json\/wp\/v2\/product_tag?post=10993"}],"curies":[{"name":"wp","href":"https:\/\/api.w.org\/{rel}","templated":true}]}}